{"id":1004,"date":"2024-04-18T08:47:48","date_gmt":"2024-04-18T13:47:48","guid":{"rendered":"https:\/\/dev3.webadaptatifdesign.com\/?page_id=1004"},"modified":"2025-03-05T12:03:17","modified_gmt":"2025-03-05T17:03:17","slug":"distribution-dair","status":"publish","type":"page","link":"https:\/\/atmosphere.com\/fr\/air-distribution","title":{"rendered":"Distribution d'air"},"content":{"rendered":"<div data-elementor-type=\"wp-page\" data-elementor-id=\"1004\" class=\"elementor elementor-1004\" data-elementor-post-type=\"page\">\n\t\t\t\t<div class=\"elementor-element elementor-element-5fba973 e-flex e-con-boxed e-con e-parent\" data-id=\"5fba973\" data-element_type=\"container\" data-e-type=\"container\">\n\t\t\t\t\t<div class=\"e-con-inner\">\n\t\t\t\t<div class=\"elementor-element elementor-element-bff6791 elementor-widget elementor-widget-heading\" data-id=\"bff6791\" data-element_type=\"widget\" data-e-type=\"widget\" data-widget_type=\"heading.default\">\n\t\t\t\t<div class=\"elementor-widget-container\">\n\t\t\t\t\t<h3 class=\"elementor-heading-title elementor-size-default\">Distribution d'air<\/h3>\t\t\t\t<\/div>\n\t\t\t\t<\/div>\n\t\t<div class=\"elementor-element elementor-element-c4fe904 e-con-full e-flex e-con e-child\" data-id=\"c4fe904\" data-element_type=\"container\" data-e-type=\"container\">\n\t\t\t\t<div class=\"elementor-element elementor-element-b8023cb elementor-widget elementor-widget-menu-anchor\" data-id=\"b8023cb\" data-element_type=\"widget\" data-e-type=\"widget\" data-widget_type=\"menu-anchor.default\">\n\t\t\t\t<div class=\"elementor-widget-container\">\n\t\t\t\t\t\t\t<div class=\"elementor-menu-anchor\" id=\"bdd\"><\/div>\n\t\t\t\t\t\t<\/div>\n\t\t\t\t<\/div>\n\t\t<div class=\"elementor-element elementor-element-e8fcfd2 e-con-full e-flex e-con e-child\" data-id=\"e8fcfd2\" data-element_type=\"container\" data-e-type=\"container\">\n\t\t<div class=\"elementor-element elementor-element-3366d63 e-con-full e-flex e-con e-child\" data-id=\"3366d63\" data-element_type=\"container\" data-e-type=\"container\">\n\t\t<div class=\"elementor-element elementor-element-9d122e8 e-con-full e-flex e-con e-child\" data-id=\"9d122e8\" data-element_type=\"container\" data-e-type=\"container\">\n\t\t\t\t<div class=\"elementor-element elementor-element-d7dc44f elementor-widget__width-initial elementor-widget elementor-widget-heading\" data-id=\"d7dc44f\" data-element_type=\"widget\" data-e-type=\"widget\" data-widget_type=\"heading.default\">\n\t\t\t\t<div class=\"elementor-widget-container\">\n\t\t\t\t\t<h2 class=\"elementor-heading-title elementor-size-default\">BDD<br>\nClapet anti-retour<\/h2>\t\t\t\t<\/div>\n\t\t\t\t<\/div>\n\t\t\t\t<\/div>\n\t\t\t\t<\/div>\n\t\t<div class=\"elementor-element elementor-element-87cae5a e-con-full e-flex e-con e-child\" data-id=\"87cae5a\" data-element_type=\"container\" data-e-type=\"container\">\n\t\t<div class=\"elementor-element elementor-element-e369f9c e-con-full e-flex e-con e-child\" data-id=\"e369f9c\" data-element_type=\"container\" data-e-type=\"container\">\n\t\t\t\t<div class=\"elementor-element elementor-element-6115840 elementor-widget elementor-widget-image\" data-id=\"6115840\" data-element_type=\"widget\" data-e-type=\"widget\" data-widget_type=\"image.default\">\n\t\t\t\t<div class=\"elementor-widget-container\">\n\t\t\t\t\t\t\t\t\t\t\t\t\t\t\t\t<a href=\"https:\/\/atmosphere.com\/wp-content\/uploads\/BDD-GROUPED-scaled.jpg\" data-elementor-open-lightbox=\"yes\" data-elementor-lightbox-title=\"BDD GROUPED\" data-e-action-hash=\"#elementor-action%3Aaction%3Dlightbox%26settings%3DeyJpZCI6MTgwNCwidXJsIjoiaHR0cHM6XC9cL2F0bW9zcGhlcmUuY29tXC93cC1jb250ZW50XC91cGxvYWRzXC9CREQtR1JPVVBFRC1zY2FsZWQuanBnIn0%3D\">\n\t\t\t\t\t\t\t<img fetchpriority=\"high\" decoding=\"async\" width=\"2560\" height=\"835\" src=\"https:\/\/atmosphere.com\/wp-content\/uploads\/BDD-GROUPED-scaled.jpg\" class=\"attachment-full size-full wp-image-1804\" alt=\"\" srcset=\"https:\/\/atmosphere.com\/wp-content\/uploads\/BDD-GROUPED-scaled.jpg 2560w, https:\/\/atmosphere.com\/wp-content\/uploads\/BDD-GROUPED-300x98.jpg 300w, https:\/\/atmosphere.com\/wp-content\/uploads\/BDD-GROUPED-1024x334.jpg 1024w, https:\/\/atmosphere.com\/wp-content\/uploads\/BDD-GROUPED-768x250.jpg 768w, https:\/\/atmosphere.com\/wp-content\/uploads\/BDD-GROUPED-1536x501.jpg 1536w, https:\/\/atmosphere.com\/wp-content\/uploads\/BDD-GROUPED-2048x668.jpg 2048w\" sizes=\"(max-width: 2560px) 100vw, 2560px\" \/>\t\t\t\t\t\t\t\t<\/a>\n\t\t\t\t\t\t\t\t\t\t\t\t\t\t\t<\/div>\n\t\t\t\t<\/div>\n\t\t\t\t<div class=\"elementor-element elementor-element-ae262f4 elementor-widget elementor-widget-text-editor\" data-id=\"ae262f4\" data-element_type=\"widget\" data-e-type=\"widget\" data-widget_type=\"text-editor.default\">\n\t\t\t\t<div class=\"elementor-widget-container\">\n\t\t\t\t\t\t\t\t\t<ul><li>Clapet anti-retour \u00e0 ressort<\/li><li>Le joint d'\u00e9tanch\u00e9it\u00e9 en n\u00e9opr\u00e8ne minimise les fuites<\/li><li>Bo\u00eetier en acier de calibre 20, amortisseur papillon \u00e0 ressort en aluminium<\/li><li>Joint con\u00e7u pour r\u00e9sister \u00e0 des temp\u00e9ratures allant de -22 F \u00e0 180 F<\/li><li>N\u00e9cessite une pression de 0,04 \u00e0 0,08 in. wg pour s'ouvrir<\/li><li>Installation simple, l'ensemble s'ins\u00e8re dans le conduit<\/li><li>Le joint ext\u00e9rieur en mousse assure l'\u00e9tanch\u00e9it\u00e9 du conduit.<\/li><li>Les tailles 4'', 5'', 6'' et 8'' comprennent un manchon en m\u00e9tal estamp\u00e9 avec une broche centrale.<\/li><li>Les tailles 10'' et 12'' comprennent un manchon en m\u00e9tal roul\u00e9 avec un poteau central.<\/li><\/ul>\t\t\t\t\t\t\t\t<\/div>\n\t\t\t\t<\/div>\n\t\t\t\t<div class=\"elementor-element elementor-element-ab48cfb elementor-icon-list--layout-inline elementor-align-center elementor-tablet-align-center elementor-mobile-align-start elementor-list-item-link-full_width elementor-widget elementor-widget-icon-list\" data-id=\"ab48cfb\" data-element_type=\"widget\" data-e-type=\"widget\" data-widget_type=\"icon-list.default\">\n\t\t\t\t<div class=\"elementor-widget-container\">\n\t\t\t\t\t\t\t<ul class=\"elementor-icon-list-items elementor-inline-items\">\n\t\t\t\t\t\t\t<li class=\"elementor-icon-list-item elementor-inline-item\">\n\t\t\t\t\t\t\t\t\t\t\t<a href=\"https:\/\/atmosphere.com\/wp-content\/uploads\/BDD-specs-sheet.pdf\" target=\"_blank\">\n\n\t\t\t\t\t\t\t\t\t\t\t\t<span class=\"elementor-icon-list-icon\">\n\t\t\t\t\t\t\t<i aria-hidden=\"true\" class=\"fas fa-file-pdf\"><\/i>\t\t\t\t\t\t<\/span>\n\t\t\t\t\t\t\t\t\t\t<span class=\"elementor-icon-list-text\">BDD FEUILLET DES SP\u00c9CIFICATIONS<\/span>\n\t\t\t\t\t\t\t\t\t\t\t<\/a>\n\t\t\t\t\t\t\t\t\t<\/li>\n\t\t\t\t\t\t<\/ul>\n\t\t\t\t\t\t<\/div>\n\t\t\t\t<\/div>\n\t\t\t\t<\/div>\n\t\t<div class=\"elementor-element elementor-element-2763cf4 e-con-full e-flex e-con e-child\" data-id=\"2763cf4\" data-element_type=\"container\" data-e-type=\"container\">\n\t\t\t\t<div class=\"elementor-element elementor-element-2bec54d elementor-widget elementor-widget-image\" data-id=\"2bec54d\" data-element_type=\"widget\" data-e-type=\"widget\" data-widget_type=\"image.default\">\n\t\t\t\t<div class=\"elementor-widget-container\">\n\t\t\t\t\t\t\t\t\t\t\t\t\t\t\t\t<a href=\"https:\/\/atmosphere.com\/wp-content\/uploads\/BDD-GRAPH.jpg\" data-elementor-open-lightbox=\"yes\" data-elementor-lightbox-title=\"BDD GRAPH\" data-e-action-hash=\"#elementor-action%3Aaction%3Dlightbox%26settings%3DeyJpZCI6MTgwMywidXJsIjoiaHR0cHM6XC9cL2F0bW9zcGhlcmUuY29tXC93cC1jb250ZW50XC91cGxvYWRzXC9CREQtR1JBUEguanBnIn0%3D\">\n\t\t\t\t\t\t\t<img decoding=\"async\" width=\"1204\" height=\"1186\" src=\"https:\/\/atmosphere.com\/wp-content\/uploads\/BDD-GRAPH.jpg\" class=\"attachment-full size-full wp-image-1803\" alt=\"\" srcset=\"https:\/\/atmosphere.com\/wp-content\/uploads\/BDD-GRAPH.jpg 1204w, https:\/\/atmosphere.com\/wp-content\/uploads\/BDD-GRAPH-300x296.jpg 300w, https:\/\/atmosphere.com\/wp-content\/uploads\/BDD-GRAPH-1024x1009.jpg 1024w, https:\/\/atmosphere.com\/wp-content\/uploads\/BDD-GRAPH-768x757.jpg 768w\" sizes=\"(max-width: 1204px) 100vw, 1204px\" \/>\t\t\t\t\t\t\t\t<\/a>\n\t\t\t\t\t\t\t\t\t\t\t\t\t\t\t<\/div>\n\t\t\t\t<\/div>\n\t\t\t\t<\/div>\n\t\t\t\t<\/div>\n\t\t\t\t<\/div>\n\t\t\t\t<div class=\"elementor-element elementor-element-0e59970 elementor-widget elementor-widget-menu-anchor\" data-id=\"0e59970\" data-element_type=\"widget\" data-e-type=\"widget\" data-widget_type=\"menu-anchor.default\">\n\t\t\t\t<div class=\"elementor-widget-container\">\n\t\t\t\t\t\t\t<div class=\"elementor-menu-anchor\" id=\"adc\"><\/div>\n\t\t\t\t\t\t<\/div>\n\t\t\t\t<\/div>\n\t\t<div class=\"elementor-element elementor-element-2241f2f e-con-full e-flex e-con e-child\" data-id=\"2241f2f\" data-element_type=\"container\" data-e-type=\"container\">\n\t\t<div class=\"elementor-element elementor-element-1a3e012 e-con-full e-flex e-con e-child\" data-id=\"1a3e012\" data-element_type=\"container\" data-e-type=\"container\">\n\t\t<div class=\"elementor-element elementor-element-37cb581 e-con-full e-flex e-con e-child\" data-id=\"37cb581\" data-element_type=\"container\" data-e-type=\"container\">\n\t\t\t\t<div class=\"elementor-element elementor-element-20661c1 elementor-widget__width-initial elementor-widget elementor-widget-heading\" data-id=\"20661c1\" data-element_type=\"widget\" data-e-type=\"widget\" data-widget_type=\"heading.default\">\n\t\t\t\t<div class=\"elementor-widget-container\">\n\t\t\t\t\t<h2 class=\"elementor-heading-title elementor-size-default\">ADC<br>\nCollier de serrage<\/h2>\t\t\t\t<\/div>\n\t\t\t\t<\/div>\n\t\t\t\t<\/div>\n\t\t\t\t<\/div>\n\t\t<div class=\"elementor-element elementor-element-75b39ec e-con-full e-flex e-con e-child\" data-id=\"75b39ec\" data-element_type=\"container\" data-e-type=\"container\">\n\t\t<div class=\"elementor-element elementor-element-7779ca8 e-con-full e-flex e-con e-child\" data-id=\"7779ca8\" data-element_type=\"container\" data-e-type=\"container\">\n\t\t\t\t<div class=\"elementor-element elementor-element-2600c57 elementor-widget elementor-widget-text-editor\" data-id=\"2600c57\" data-element_type=\"widget\" data-e-type=\"widget\" data-widget_type=\"text-editor.default\">\n\t\t\t\t<div class=\"elementor-widget-container\">\n\t\t\t\t\t\t\t\t\t<ul><li>Les colliers ADC sont destin\u00e9s \u00e0 simplifier l'installation des ventilateurs et \u00e0 isoler les vibrations des ventilateurs des conduits m\u00e9talliques rigides.<\/li><li>Les colliers ADC sont pratiques dans les installations o\u00f9 il est n\u00e9cessaire de d\u00e9monter r\u00e9guli\u00e8rement le ventilateur pour l'inspecter et le nettoyer.<\/li><li>Les colliers ADC sont disponibles dans les tailles 4\" \u00e0 16\" pour s'adapter aux tailles de gaines correspondantes.<\/li><li>Les pinces ADC des tailles 4\" \u00e0 12\" sont \u00e9quip\u00e9es de languettes de suspension int\u00e9gr\u00e9es.<\/li><\/ul>\t\t\t\t\t\t\t\t<\/div>\n\t\t\t\t<\/div>\n\t\t\t\t<\/div>\n\t\t<div class=\"elementor-element elementor-element-de0c531 e-con-full e-flex e-con e-child\" data-id=\"de0c531\" data-element_type=\"container\" data-e-type=\"container\">\n\t\t\t\t<div class=\"elementor-element elementor-element-efe1b68 elementor-widget elementor-widget-image\" data-id=\"efe1b68\" data-element_type=\"widget\" data-e-type=\"widget\" data-widget_type=\"image.default\">\n\t\t\t\t<div class=\"elementor-widget-container\">\n\t\t\t\t\t\t\t\t\t\t\t\t\t\t\t\t<a href=\"https:\/\/atmosphere.com\/wp-content\/uploads\/ADC.jpg\" data-elementor-open-lightbox=\"yes\" data-elementor-lightbox-title=\"ADC\" data-e-action-hash=\"#elementor-action%3Aaction%3Dlightbox%26settings%3DeyJpZCI6MTg3NCwidXJsIjoiaHR0cHM6XC9cL2F0bW9zcGhlcmUuY29tXC93cC1jb250ZW50XC91cGxvYWRzXC9BREMuanBnIn0%3D\">\n\t\t\t\t\t\t\t<img decoding=\"async\" width=\"400\" height=\"400\" src=\"https:\/\/atmosphere.com\/wp-content\/uploads\/ADC.jpg\" class=\"attachment-full size-full wp-image-1874\" alt=\"\" srcset=\"https:\/\/atmosphere.com\/wp-content\/uploads\/ADC.jpg 400w, https:\/\/atmosphere.com\/wp-content\/uploads\/ADC-300x300.jpg 300w, https:\/\/atmosphere.com\/wp-content\/uploads\/ADC-150x150.jpg 150w\" sizes=\"(max-width: 400px) 100vw, 400px\" \/>\t\t\t\t\t\t\t\t<\/a>\n\t\t\t\t\t\t\t\t\t\t\t\t\t\t\t<\/div>\n\t\t\t\t<\/div>\n\t\t\t\t<\/div>\n\t\t\t\t<\/div>\n\t\t\t\t<\/div>\n\t\t\t\t<div class=\"elementor-element elementor-element-5994553 elementor-widget elementor-widget-menu-anchor\" data-id=\"5994553\" data-element_type=\"widget\" data-e-type=\"widget\" data-widget_type=\"menu-anchor.default\">\n\t\t\t\t<div class=\"elementor-widget-container\">\n\t\t\t\t\t\t\t<div class=\"elementor-menu-anchor\" id=\"ada\"><\/div>\n\t\t\t\t\t\t<\/div>\n\t\t\t\t<\/div>\n\t\t<div class=\"elementor-element elementor-element-9491781 e-con-full e-flex e-con e-child\" data-id=\"9491781\" data-element_type=\"container\" data-e-type=\"container\">\n\t\t<div class=\"elementor-element elementor-element-6cc3ff3 e-con-full e-flex e-con e-child\" data-id=\"6cc3ff3\" data-element_type=\"container\" data-e-type=\"container\">\n\t\t<div class=\"elementor-element elementor-element-f09e361 e-con-full e-flex e-con e-child\" data-id=\"f09e361\" data-element_type=\"container\" data-e-type=\"container\">\n\t\t\t\t<div class=\"elementor-element elementor-element-eaa7b6e elementor-widget__width-initial elementor-widget elementor-widget-heading\" data-id=\"eaa7b6e\" data-element_type=\"widget\" data-e-type=\"widget\" data-widget_type=\"heading.default\">\n\t\t\t\t<div class=\"elementor-widget-container\">\n\t\t\t\t\t<h2 class=\"elementor-heading-title elementor-size-default\">ADA<br>\nAdaptateur de diffuseur<\/h2>\t\t\t\t<\/div>\n\t\t\t\t<\/div>\n\t\t\t\t<\/div>\n\t\t\t\t<\/div>\n\t\t<div class=\"elementor-element elementor-element-b2ae715 e-con-full e-flex e-con e-child\" data-id=\"b2ae715\" data-element_type=\"container\" data-e-type=\"container\">\n\t\t<div class=\"elementor-element elementor-element-136ae03 e-con-full e-flex e-con e-child\" data-id=\"136ae03\" data-element_type=\"container\" data-e-type=\"container\">\n\t\t\t\t<div class=\"elementor-element elementor-element-74b1bae elementor-widget elementor-widget-text-editor\" data-id=\"74b1bae\" data-element_type=\"widget\" data-e-type=\"widget\" data-widget_type=\"text-editor.default\">\n\t\t\t\t<div class=\"elementor-widget-container\">\n\t\t\t\t\t\t\t\t\t<ul><li>Installation rapide et facile sans bords tranchants.<\/li><li>Peut \u00eatre utilis\u00e9 pour les terminaisons au plafond ou au mur.<\/li><li>Pr\u00e9r\u00e9gl\u00e9 pour les cloisons s\u00e8ches de 1\/2 et 5\/8 pouce. -But\u00e9e arri\u00e8re \u00e0 90\u00b0 pour une installation uniforme et de niveau, avec rebord inf\u00e9rieur pour un joint d'\u00e9tanch\u00e9it\u00e9 permanent.<\/li><li>D\u00e9cal\u00e9 par rapport \u00e0 la solive pour faciliter l'installation des conduits et permettre l'application d'un ruban adh\u00e9sif ou d'un produit d'\u00e9tanch\u00e9it\u00e9.<\/li><li>Le Duct-Stop-Point garantit qu'aucune vis ne p\u00e9n\u00e8tre dans le collier et n'emp\u00eache l'insertion de la grille.<\/li><li>Un rebord inf\u00e9rieur rigide garantit que l'outil de toupie pour cloisons s\u00e8ches s'adapte \u00e0 l'ouverture circulaire.<\/li><li>Les indentations en forme de V sur le bord inf\u00e9rieur permettent le centrage avec les fixations d\u00e9j\u00e0 install\u00e9es.<\/li><li>Disponible en 4'', 5'', 6''.<\/li><\/ul>\t\t\t\t\t\t\t\t<\/div>\n\t\t\t\t<\/div>\n\t\t\t\t<div class=\"elementor-element elementor-element-3fc5d5b elementor-icon-list--layout-inline elementor-align-center elementor-tablet-align-center elementor-mobile-align-start elementor-list-item-link-full_width elementor-widget elementor-widget-icon-list\" data-id=\"3fc5d5b\" data-element_type=\"widget\" data-e-type=\"widget\" data-widget_type=\"icon-list.default\">\n\t\t\t\t<div class=\"elementor-widget-container\">\n\t\t\t\t\t\t\t<ul class=\"elementor-icon-list-items elementor-inline-items\">\n\t\t\t\t\t\t\t<li class=\"elementor-icon-list-item elementor-inline-item\">\n\t\t\t\t\t\t\t\t\t\t\t<a href=\"https:\/\/atmosphere.com\/wp-content\/uploads\/ADA-SPEC-SHEET.pdf\" target=\"_blank\">\n\n\t\t\t\t\t\t\t\t\t\t\t\t<span class=\"elementor-icon-list-icon\">\n\t\t\t\t\t\t\t<i aria-hidden=\"true\" class=\"fas fa-file-pdf\"><\/i>\t\t\t\t\t\t<\/span>\n\t\t\t\t\t\t\t\t\t\t<span class=\"elementor-icon-list-text\">ADA FEUILLET DES SP\u00c9CIFICATIONS<\/span>\n\t\t\t\t\t\t\t\t\t\t\t<\/a>\n\t\t\t\t\t\t\t\t\t<\/li>\n\t\t\t\t\t\t<\/ul>\n\t\t\t\t\t\t<\/div>\n\t\t\t\t<\/div>\n\t\t\t\t<\/div>\n\t\t<div class=\"elementor-element elementor-element-b90f0dc e-con-full e-flex e-con e-child\" data-id=\"b90f0dc\" data-element_type=\"container\" data-e-type=\"container\">\n\t\t\t\t<div class=\"elementor-element elementor-element-b415997 elementor-widget elementor-widget-image\" data-id=\"b415997\" data-element_type=\"widget\" data-e-type=\"widget\" data-widget_type=\"image.default\">\n\t\t\t\t<div class=\"elementor-widget-container\">\n\t\t\t\t\t\t\t\t\t\t\t\t\t\t\t\t<a href=\"https:\/\/atmosphere.com\/wp-content\/uploads\/ADA-PHOTO-scaled.jpg\" data-elementor-open-lightbox=\"yes\" data-elementor-lightbox-title=\"ADA PHOTO\" data-e-action-hash=\"#elementor-action%3Aaction%3Dlightbox%26settings%3DeyJpZCI6MTg2OSwidXJsIjoiaHR0cHM6XC9cL2F0bW9zcGhlcmUuY29tXC93cC1jb250ZW50XC91cGxvYWRzXC9BREEtUEhPVE8tc2NhbGVkLmpwZyJ9\">\n\t\t\t\t\t\t\t<img loading=\"lazy\" decoding=\"async\" width=\"2560\" height=\"2168\" src=\"https:\/\/atmosphere.com\/wp-content\/uploads\/ADA-PHOTO-scaled.jpg\" class=\"attachment-full size-full wp-image-1869\" alt=\"\" srcset=\"https:\/\/atmosphere.com\/wp-content\/uploads\/ADA-PHOTO-scaled.jpg 2560w, https:\/\/atmosphere.com\/wp-content\/uploads\/ADA-PHOTO-300x254.jpg 300w, https:\/\/atmosphere.com\/wp-content\/uploads\/ADA-PHOTO-1024x867.jpg 1024w, https:\/\/atmosphere.com\/wp-content\/uploads\/ADA-PHOTO-768x650.jpg 768w, https:\/\/atmosphere.com\/wp-content\/uploads\/ADA-PHOTO-1536x1301.jpg 1536w, https:\/\/atmosphere.com\/wp-content\/uploads\/ADA-PHOTO-2048x1734.jpg 2048w\" sizes=\"(max-width: 2560px) 100vw, 2560px\" \/>\t\t\t\t\t\t\t\t<\/a>\n\t\t\t\t\t\t\t\t\t\t\t\t\t\t\t<\/div>\n\t\t\t\t<\/div>\n\t\t\t\t<\/div>\n\t\t\t\t<\/div>\n\t\t\t\t<\/div>\n\t\t\t\t<div class=\"elementor-element elementor-element-3c76d82 elementor-widget elementor-widget-menu-anchor\" data-id=\"3c76d82\" data-element_type=\"widget\" data-e-type=\"widget\" data-widget_type=\"menu-anchor.default\">\n\t\t\t\t<div class=\"elementor-widget-container\">\n\t\t\t\t\t\t\t<div class=\"elementor-menu-anchor\" id=\"rad\"><\/div>\n\t\t\t\t\t\t<\/div>\n\t\t\t\t<\/div>\n\t\t<div class=\"elementor-element elementor-element-681341f e-con-full e-flex e-con e-child\" data-id=\"681341f\" data-element_type=\"container\" data-e-type=\"container\">\n\t\t<div class=\"elementor-element elementor-element-b159f91 e-con-full e-flex e-con e-child\" data-id=\"b159f91\" data-element_type=\"container\" data-e-type=\"container\">\n\t\t<div class=\"elementor-element elementor-element-29e2c1e e-con-full e-flex e-con e-child\" data-id=\"29e2c1e\" data-element_type=\"container\" data-e-type=\"container\">\n\t\t\t\t<div class=\"elementor-element elementor-element-2cb2c56 elementor-widget__width-initial elementor-widget elementor-widget-heading\" data-id=\"2cb2c56\" data-element_type=\"widget\" data-e-type=\"widget\" data-widget_type=\"heading.default\">\n\t\t\t\t<div class=\"elementor-widget-container\">\n\t\t\t\t\t<h2 class=\"elementor-heading-title elementor-size-default\">RAD<br>\nDiffuseur rond r\u00e9glable<\/h2>\t\t\t\t<\/div>\n\t\t\t\t<\/div>\n\t\t\t\t<\/div>\n\t\t\t\t<\/div>\n\t\t<div class=\"elementor-element elementor-element-2f0b705 e-con-full e-flex e-con e-child\" data-id=\"2f0b705\" data-element_type=\"container\" data-e-type=\"container\">\n\t\t<div class=\"elementor-element elementor-element-9336379 e-con-full e-flex e-con e-child\" data-id=\"9336379\" data-element_type=\"container\" data-e-type=\"container\">\n\t\t\t\t<div class=\"elementor-element elementor-element-c8e8627 elementor-widget elementor-widget-text-editor\" data-id=\"c8e8627\" data-element_type=\"widget\" data-e-type=\"widget\" data-widget_type=\"text-editor.default\">\n\t\t\t\t<div class=\"elementor-widget-container\">\n\t\t\t\t\t\t\t\t\t<ul><li>Double flux : alimentation ou \u00e9vacuation d'air silencieuse avec contre-\u00e9crou<\/li><li>Pour ajuster le d\u00e9bit d'air de 0-100%<\/li><li>Brides de fixation en acier inoxydable robuste assure une bonne tenue.<\/li><li>Le joint en mousse extra-\u00e9pais permet d'assurer l'\u00e9tanch\u00e9it\u00e9 sur les surfaces irr\u00e9guli\u00e8res.<\/li><li>Surfaces et flux d'air silencieux<\/li><li>Durabilit\u00e9 \u00e0 long terme gr\u00e2ce \u00e0 la r\u00e9sine polym\u00e8re r\u00e9sistante aux chocs.<\/li><li>L'\u00e9vent WG401 est compatible avec le coude de serrage Primex.<\/li><li>Accessoire EB4x90.<\/li><li>Facile \u00e0 installer et \u00e0 retirer.<\/li><li>-Disponible en 4'', 5'', 6''.<\/li><\/ul>\t\t\t\t\t\t\t\t<\/div>\n\t\t\t\t<\/div>\n\t\t\t\t<div class=\"elementor-element elementor-element-96f7c6e elementor-icon-list--layout-inline elementor-align-center elementor-tablet-align-center elementor-mobile-align-start elementor-list-item-link-full_width elementor-widget elementor-widget-icon-list\" data-id=\"96f7c6e\" data-element_type=\"widget\" data-e-type=\"widget\" data-widget_type=\"icon-list.default\">\n\t\t\t\t<div class=\"elementor-widget-container\">\n\t\t\t\t\t\t\t<ul class=\"elementor-icon-list-items elementor-inline-items\">\n\t\t\t\t\t\t\t<li class=\"elementor-icon-list-item elementor-inline-item\">\n\t\t\t\t\t\t\t\t\t\t\t<a href=\"https:\/\/atmosphere.com\/wp-content\/uploads\/RAD-SPEC-SHEET.pdf\" target=\"_blank\">\n\n\t\t\t\t\t\t\t\t\t\t\t\t<span class=\"elementor-icon-list-icon\">\n\t\t\t\t\t\t\t<i aria-hidden=\"true\" class=\"fas fa-file-pdf\"><\/i>\t\t\t\t\t\t<\/span>\n\t\t\t\t\t\t\t\t\t\t<span class=\"elementor-icon-list-text\">RAD FEUILLET DES SP\u00c9CIFICATIONS<\/span>\n\t\t\t\t\t\t\t\t\t\t\t<\/a>\n\t\t\t\t\t\t\t\t\t<\/li>\n\t\t\t\t\t\t<\/ul>\n\t\t\t\t\t\t<\/div>\n\t\t\t\t<\/div>\n\t\t\t\t<\/div>\n\t\t<div class=\"elementor-element elementor-element-dd63a7b e-con-full e-flex e-con e-child\" data-id=\"dd63a7b\" data-element_type=\"container\" data-e-type=\"container\">\n\t\t\t\t<div class=\"elementor-element elementor-element-297605b elementor-widget elementor-widget-image\" data-id=\"297605b\" data-element_type=\"widget\" data-e-type=\"widget\" data-widget_type=\"image.default\">\n\t\t\t\t<div class=\"elementor-widget-container\">\n\t\t\t\t\t\t\t\t\t\t\t\t\t\t\t\t<a href=\"https:\/\/atmosphere.com\/wp-content\/uploads\/RAD-PHOTO-scaled.jpg\" data-elementor-open-lightbox=\"yes\" data-elementor-lightbox-title=\"RAD PHOTO\" data-e-action-hash=\"#elementor-action%3Aaction%3Dlightbox%26settings%3DeyJpZCI6MTg2NCwidXJsIjoiaHR0cHM6XC9cL2F0bW9zcGhlcmUuY29tXC93cC1jb250ZW50XC91cGxvYWRzXC9SQUQtUEhPVE8tc2NhbGVkLmpwZyJ9\">\n\t\t\t\t\t\t\t<img loading=\"lazy\" decoding=\"async\" width=\"2560\" height=\"1192\" src=\"https:\/\/atmosphere.com\/wp-content\/uploads\/RAD-PHOTO-scaled.jpg\" class=\"attachment-full size-full wp-image-1864\" alt=\"\" srcset=\"https:\/\/atmosphere.com\/wp-content\/uploads\/RAD-PHOTO-scaled.jpg 2560w, https:\/\/atmosphere.com\/wp-content\/uploads\/RAD-PHOTO-300x140.jpg 300w, https:\/\/atmosphere.com\/wp-content\/uploads\/RAD-PHOTO-1024x477.jpg 1024w, https:\/\/atmosphere.com\/wp-content\/uploads\/RAD-PHOTO-768x358.jpg 768w, https:\/\/atmosphere.com\/wp-content\/uploads\/RAD-PHOTO-1536x715.jpg 1536w, https:\/\/atmosphere.com\/wp-content\/uploads\/RAD-PHOTO-2048x954.jpg 2048w\" sizes=\"(max-width: 2560px) 100vw, 2560px\" \/>\t\t\t\t\t\t\t\t<\/a>\n\t\t\t\t\t\t\t\t\t\t\t\t\t\t\t<\/div>\n\t\t\t\t<\/div>\n\t\t\t\t<\/div>\n\t\t\t\t<\/div>\n\t\t\t\t<\/div>\n\t\t\t\t<\/div>\n\t\t\t\t\t<\/div>\n\t\t\t\t<\/div>\n\t\t\t\t<\/div>","protected":false},"excerpt":{"rendered":"<p>Air distribution BDD Back Draft Damper Spring Loaded Backdraft Damper Neoprene damper seal minimizes leakage 20 gauge steel housing, aluminum spring loaded butterfly damper Gasket designed to withstand temperatures from -22 F to 180 F Requires from 0.04 to 0.08 in. wg pressure to open Simple installation, entire assembly inserts into duct Exterior foam gasket [&hellip;]<\/p>\n","protected":false},"author":1,"featured_media":0,"parent":0,"menu_order":0,"comment_status":"closed","ping_status":"closed","template":"","meta":{"footnotes":""},"class_list":["post-1004","page","type-page","status-publish","hentry"],"_links":{"self":[{"href":"https:\/\/atmosphere.com\/fr\/wp-json\/wp\/v2\/pages\/1004","targetHints":{"allow":["GET"]}}],"collection":[{"href":"https:\/\/atmosphere.com\/fr\/wp-json\/wp\/v2\/pages"}],"about":[{"href":"https:\/\/atmosphere.com\/fr\/wp-json\/wp\/v2\/types\/page"}],"author":[{"embeddable":true,"href":"https:\/\/atmosphere.com\/fr\/wp-json\/wp\/v2\/users\/1"}],"replies":[{"embeddable":true,"href":"https:\/\/atmosphere.com\/fr\/wp-json\/wp\/v2\/comments?post=1004"}],"version-history":[{"count":5,"href":"https:\/\/atmosphere.com\/fr\/wp-json\/wp\/v2\/pages\/1004\/revisions"}],"predecessor-version":[{"id":3121,"href":"https:\/\/atmosphere.com\/fr\/wp-json\/wp\/v2\/pages\/1004\/revisions\/3121"}],"wp:attachment":[{"href":"https:\/\/atmosphere.com\/fr\/wp-json\/wp\/v2\/media?parent=1004"}],"curies":[{"name":"wp","href":"https:\/\/api.w.org\/{rel}","templated":true}]}}