{"id":1960,"date":"2024-12-05T14:07:42","date_gmt":"2024-12-05T19:07:42","guid":{"rendered":"https:\/\/dev3.webadaptatifdesign.com\/?page_id=1960"},"modified":"2025-12-02T13:55:44","modified_gmt":"2025-12-02T18:55:44","slug":"fans-de-destabilisation","status":"publish","type":"page","link":"https:\/\/atmosphere.com\/fr\/destatification-fans","title":{"rendered":"Ventilateur de d\u00e9stratification"},"content":{"rendered":"<div data-elementor-type=\"wp-page\" data-elementor-id=\"1960\" class=\"elementor elementor-1960\" data-elementor-post-type=\"page\">\n\t\t\t\t<div class=\"elementor-element elementor-element-4e061fa e-flex e-con-boxed e-con e-parent\" data-id=\"4e061fa\" data-element_type=\"container\" data-e-type=\"container\">\n\t\t\t\t\t<div class=\"e-con-inner\">\n\t\t\t\t<div class=\"elementor-element elementor-element-f298cdd elementor-widget elementor-widget-heading\" data-id=\"f298cdd\" data-element_type=\"widget\" data-e-type=\"widget\" data-widget_type=\"heading.default\">\n\t\t\t\t<div class=\"elementor-widget-container\">\n\t\t\t\t\t<h3 class=\"elementor-heading-title elementor-size-default\">Ventilateur de d\u00e9stratification<\/h3>\t\t\t\t<\/div>\n\t\t\t\t<\/div>\n\t\t\t\t<div class=\"elementor-element elementor-element-fea3644 elementor-widget elementor-widget-text-editor\" data-id=\"fea3644\" data-element_type=\"widget\" data-e-type=\"widget\" data-widget_type=\"text-editor.default\">\n\t\t\t\t<div class=\"elementor-widget-container\">\n\t\t\t\t\t\t\t\t\t<p>Le Vortex D-65 cr\u00e9e des temp\u00e9ratures d'air uniformes du sol au plafond pour un confort thermique maximal et des \u00e9conomies d'\u00e9nergie allant jusqu'\u00e0 35% en saison de chauffage et jusqu'\u00e0 25% en saison de climatisation.<\/p>\t\t\t\t\t\t\t\t<\/div>\n\t\t\t\t<\/div>\n\t\t<div class=\"elementor-element elementor-element-b27d881 e-con-full e-flex e-con e-child\" data-id=\"b27d881\" data-element_type=\"container\" data-e-type=\"container\">\n\t\t<div class=\"elementor-element elementor-element-c8b6e11 e-con-full e-flex e-con e-child\" data-id=\"c8b6e11\" data-element_type=\"container\" data-e-type=\"container\">\n\t\t<div class=\"elementor-element elementor-element-53375e5 e-flex e-con-boxed e-con e-child\" data-id=\"53375e5\" data-element_type=\"container\" data-e-type=\"container\">\n\t\t\t\t\t<div class=\"e-con-inner\">\n\t\t\t\t<div class=\"elementor-element elementor-element-2795af7 elementor-widget elementor-widget-heading\" data-id=\"2795af7\" data-element_type=\"widget\" data-e-type=\"widget\" data-widget_type=\"heading.default\">\n\t\t\t\t<div class=\"elementor-widget-container\">\n\t\t\t\t\t<h2 class=\"elementor-heading-title elementor-size-default\"><b>D-<\/b>65<\/h2>\t\t\t\t<\/div>\n\t\t\t\t<\/div>\n\t\t\t\t<div class=\"elementor-element elementor-element-3e485af elementor-widget elementor-widget-image\" data-id=\"3e485af\" data-element_type=\"widget\" data-e-type=\"widget\" data-widget_type=\"image.default\">\n\t\t\t\t<div class=\"elementor-widget-container\">\n\t\t\t\t\t\t\t\t\t\t\t\t\t\t\t\t<a href=\"https:\/\/atmosphere.com\/wp-content\/uploads\/D-65-DUO.jpg\" data-elementor-open-lightbox=\"yes\" data-elementor-lightbox-title=\"D-65 DUO\" data-e-action-hash=\"#elementor-action%3Aaction%3Dlightbox%26settings%3DeyJpZCI6MjM5OCwidXJsIjoiaHR0cHM6XC9cL2F0bW9zcGhlcmUuY29tXC93cC1jb250ZW50XC91cGxvYWRzXC9ELTY1LURVTy5qcGcifQ%3D%3D\">\n\t\t\t\t\t\t\t<img fetchpriority=\"high\" decoding=\"async\" width=\"920\" height=\"1363\" src=\"https:\/\/atmosphere.com\/wp-content\/uploads\/D-65-DUO.jpg\" class=\"attachment-full size-full wp-image-2398\" alt=\"\" srcset=\"https:\/\/atmosphere.com\/wp-content\/uploads\/D-65-DUO.jpg 920w, https:\/\/atmosphere.com\/wp-content\/uploads\/D-65-DUO-202x300.jpg 202w, https:\/\/atmosphere.com\/wp-content\/uploads\/D-65-DUO-691x1024.jpg 691w, https:\/\/atmosphere.com\/wp-content\/uploads\/D-65-DUO-768x1138.jpg 768w\" sizes=\"(max-width: 920px) 100vw, 920px\" \/>\t\t\t\t\t\t\t\t<\/a>\n\t\t\t\t\t\t\t\t\t\t\t\t\t\t\t<\/div>\n\t\t\t\t<\/div>\n\t\t\t\t\t<\/div>\n\t\t\t\t<\/div>\n\t\t<div class=\"elementor-element elementor-element-efb77c4 e-con-full e-flex e-con e-child\" data-id=\"efb77c4\" data-element_type=\"container\" data-e-type=\"container\">\n\t\t\t\t<div class=\"elementor-element elementor-element-4837768 elementor-widget elementor-widget-text-editor\" data-id=\"4837768\" data-element_type=\"widget\" data-e-type=\"widget\" data-widget_type=\"text-editor.default\">\n\t\t\t\t<div class=\"elementor-widget-container\">\n\t\t\t\t\t\t\t\t\t<ul><li>Efficace dans les \u00e9tablissements dont la hauteur de plafond est comprise entre 15\u2032 et 75\u2032<\/li><li>Ventilateurs silencieux et \u00e9conomes en \u00e9nergie, d\u00e9livrant une colonne d'air cibl\u00e9e et facile \u00e0 diriger<\/li><li>Fonctionnement ind\u00e9pendant du syst\u00e8me CVAC existant<\/li><li>Garantie limit\u00e9e de 10 ans<\/li><li>Comprend 3 types de mat\u00e9riel de montage rapide approuv\u00e9 par l'UL<\/li><li>Disponible en blanc ou en noir<\/li><li>Vitesse contr\u00f4lable, permettant un r\u00e9glage pr\u00e9cis pour un confort individuel<\/li><\/ul>\t\t\t\t\t\t\t\t<\/div>\n\t\t\t\t<\/div>\n\t\t\t\t<div class=\"elementor-element elementor-element-3a2597b elementor-widget elementor-widget-text-editor\" data-id=\"3a2597b\" data-element_type=\"widget\" data-e-type=\"widget\" data-widget_type=\"text-editor.default\">\n\t\t\t\t<div class=\"elementor-widget-container\">\n\t\t\t\t\t\t\t\t\t<p><strong>O\u00f9 envisager l'utilisation d'un ventilateur de d\u00e9stratification :<\/strong><\/p><ul><li>Dans les \u00e9piceries<\/li><li>Entrep\u00f4ts<\/li><li>A\u00e9roports | Hangars<\/li><li>Vente et service automobile<\/li><li>Maintenance du parc automobile<\/li><li>Ar\u00e9nas | Gymnases | Installations sportives<\/li><li>Commerce de d\u00e9tail | Restaurants<\/li><li>Installations de fabrication<\/li><li>Th\u00e9\u00e2tres | Auditoriums<\/li><li>Cliniques m\u00e9dicales | H\u00f4pitaux<\/li><li>Salles de classe | Caf\u00e9t\u00e9rias<\/li><\/ul>\t\t\t\t\t\t\t\t<\/div>\n\t\t\t\t<\/div>\n\t\t<div class=\"elementor-element elementor-element-743fc3e e-con-full e-flex e-con e-child\" data-id=\"743fc3e\" data-element_type=\"container\" data-e-type=\"container\">\n\t\t\t\t<div class=\"elementor-element elementor-element-dba92d1 elementor-widget-mobile__width-initial elementor-widget elementor-widget-image\" data-id=\"dba92d1\" data-element_type=\"widget\" data-e-type=\"widget\" data-widget_type=\"image.default\">\n\t\t\t\t<div class=\"elementor-widget-container\">\n\t\t\t\t\t\t\t\t\t\t\t\t\t\t\t<img decoding=\"async\" width=\"259\" height=\"72\" src=\"https:\/\/atmosphere.com\/wp-content\/uploads\/l-vortex-a.png\" class=\"attachment-large size-large wp-image-896\" alt=\"\" \/>\t\t\t\t\t\t\t\t\t\t\t\t\t\t\t<\/div>\n\t\t\t\t<\/div>\n\t\t\t\t<div class=\"elementor-element elementor-element-15da877 elementor-widget-mobile__width-initial elementor-widget elementor-widget-image\" data-id=\"15da877\" data-element_type=\"widget\" data-e-type=\"widget\" data-widget_type=\"image.default\">\n\t\t\t\t<div class=\"elementor-widget-container\">\n\t\t\t\t\t\t\t\t\t\t\t\t\t\t\t<img decoding=\"async\" width=\"70\" height=\"70\" src=\"https:\/\/atmosphere.com\/wp-content\/uploads\/c-stamp10-a.png\" class=\"attachment-large size-large wp-image-895\" alt=\"\" \/>\t\t\t\t\t\t\t\t\t\t\t\t\t\t\t<\/div>\n\t\t\t\t<\/div>\n\t\t\t\t<\/div>\n\t\t\t\t<\/div>\n\t\t\t\t<\/div>\n\t\t<div class=\"elementor-element elementor-element-9aad55f e-con-full e-flex e-con e-child\" data-id=\"9aad55f\" data-element_type=\"container\" data-e-type=\"container\">\n\t\t\t\t<div class=\"elementor-element elementor-element-00e3f6a elementor-icon-list--layout-inline elementor-align-center elementor-tablet-align-center elementor-mobile-align-start elementor-list-item-link-full_width elementor-widget elementor-widget-icon-list\" data-id=\"00e3f6a\" data-element_type=\"widget\" data-e-type=\"widget\" data-widget_type=\"icon-list.default\">\n\t\t\t\t<div class=\"elementor-widget-container\">\n\t\t\t\t\t\t\t<ul class=\"elementor-icon-list-items elementor-inline-items\">\n\t\t\t\t\t\t\t<li class=\"elementor-icon-list-item elementor-inline-item\">\n\t\t\t\t\t\t\t\t\t\t\t<a href=\"https:\/\/atmosphere.com\/wp-content\/uploads\/D-65-BROCHURE.pdf\" target=\"_blank\">\n\n\t\t\t\t\t\t\t\t\t\t\t\t<span class=\"elementor-icon-list-icon\">\n\t\t\t\t\t\t\t<i aria-hidden=\"true\" class=\"fas fa-file-pdf\"><\/i>\t\t\t\t\t\t<\/span>\n\t\t\t\t\t\t\t\t\t\t<span class=\"elementor-icon-list-text\">Brochure D-65<\/span>\n\t\t\t\t\t\t\t\t\t\t\t<\/a>\n\t\t\t\t\t\t\t\t\t<\/li>\n\t\t\t\t\t\t\t\t<li class=\"elementor-icon-list-item elementor-inline-item\">\n\t\t\t\t\t\t\t\t\t\t\t<a href=\"https:\/\/atmosphere.com\/wp-content\/uploads\/D-65-MANUAL.pdf\" target=\"_blank\">\n\n\t\t\t\t\t\t\t\t\t\t\t\t<span class=\"elementor-icon-list-icon\">\n\t\t\t\t\t\t\t<i aria-hidden=\"true\" class=\"fas fa-file-pdf\"><\/i>\t\t\t\t\t\t<\/span>\n\t\t\t\t\t\t\t\t\t\t<span class=\"elementor-icon-list-text\">Manuel D-65<\/span>\n\t\t\t\t\t\t\t\t\t\t\t<\/a>\n\t\t\t\t\t\t\t\t\t<\/li>\n\t\t\t\t\t\t\t\t<li class=\"elementor-icon-list-item elementor-inline-item\">\n\t\t\t\t\t\t\t\t\t\t\t<a href=\"https:\/\/atmosphere.com\/wp-content\/uploads\/D-65-SUBMITTAL-1.pdf\" target=\"_blank\">\n\n\t\t\t\t\t\t\t\t\t\t\t\t<span class=\"elementor-icon-list-icon\">\n\t\t\t\t\t\t\t<i aria-hidden=\"true\" class=\"fas fa-file-pdf\"><\/i>\t\t\t\t\t\t<\/span>\n\t\t\t\t\t\t\t\t\t\t<span class=\"elementor-icon-list-text\">Feuille de pr\u00e9sentation D-65<\/span>\n\t\t\t\t\t\t\t\t\t\t\t<\/a>\n\t\t\t\t\t\t\t\t\t<\/li>\n\t\t\t\t\t\t<\/ul>\n\t\t\t\t\t\t<\/div>\n\t\t\t\t<\/div>\n\t\t\t\t<div class=\"elementor-element elementor-element-1ab58d7 elementor-widget elementor-widget-heading\" data-id=\"1ab58d7\" data-element_type=\"widget\" data-e-type=\"widget\" data-widget_type=\"heading.default\">\n\t\t\t\t<div class=\"elementor-widget-container\">\n\t\t\t\t\t<h2 class=\"elementor-heading-title elementor-size-default\">D-65 Donn\u00e9es dimensionnelles<\/h2>\t\t\t\t<\/div>\n\t\t\t\t<\/div>\n\t\t\t\t<div class=\"elementor-element elementor-element-6176847 elementor-widget elementor-widget-image\" data-id=\"6176847\" data-element_type=\"widget\" data-e-type=\"widget\" data-widget_type=\"image.default\">\n\t\t\t\t<div class=\"elementor-widget-container\">\n\t\t\t\t\t\t\t\t\t\t\t\t\t\t\t\t<a href=\"https:\/\/atmosphere.com\/wp-content\/uploads\/D-65-DIMENTIONAL-DATA-landscape.jpg\" data-elementor-open-lightbox=\"yes\" data-elementor-lightbox-title=\"D-65 DIMENTIONAL DATA-landscape\" data-e-action-hash=\"#elementor-action%3Aaction%3Dlightbox%26settings%3DeyJpZCI6MjQwMywidXJsIjoiaHR0cHM6XC9cL2F0bW9zcGhlcmUuY29tXC93cC1jb250ZW50XC91cGxvYWRzXC9ELTY1LURJTUVOVElPTkFMLURBVEEtbGFuZHNjYXBlLmpwZyJ9\">\n\t\t\t\t\t\t\t<img loading=\"lazy\" decoding=\"async\" width=\"1641\" height=\"1026\" src=\"https:\/\/atmosphere.com\/wp-content\/uploads\/D-65-DIMENTIONAL-DATA-landscape.jpg\" class=\"attachment-full size-full wp-image-2403\" alt=\"\" srcset=\"https:\/\/atmosphere.com\/wp-content\/uploads\/D-65-DIMENTIONAL-DATA-landscape.jpg 1641w, https:\/\/atmosphere.com\/wp-content\/uploads\/D-65-DIMENTIONAL-DATA-landscape-300x188.jpg 300w, https:\/\/atmosphere.com\/wp-content\/uploads\/D-65-DIMENTIONAL-DATA-landscape-1024x640.jpg 1024w, https:\/\/atmosphere.com\/wp-content\/uploads\/D-65-DIMENTIONAL-DATA-landscape-768x480.jpg 768w, https:\/\/atmosphere.com\/wp-content\/uploads\/D-65-DIMENTIONAL-DATA-landscape-1536x960.jpg 1536w\" sizes=\"(max-width: 1641px) 100vw, 1641px\" \/>\t\t\t\t\t\t\t\t<\/a>\n\t\t\t\t\t\t\t\t\t\t\t\t\t\t\t<\/div>\n\t\t\t\t<\/div>\n\t\t\t\t<div class=\"elementor-element elementor-element-e093b3c elementor-widget elementor-widget-heading\" data-id=\"e093b3c\" data-element_type=\"widget\" data-e-type=\"widget\" data-widget_type=\"heading.default\">\n\t\t\t\t<div class=\"elementor-widget-container\">\n\t\t\t\t\t<h2 class=\"elementor-heading-title elementor-size-default\">D-65 Tableau des vitesses<\/h2>\t\t\t\t<\/div>\n\t\t\t\t<\/div>\n\t\t\t\t<div class=\"elementor-element elementor-element-34cd5d5 elementor-widget__width-initial elementor-widget elementor-widget-image\" data-id=\"34cd5d5\" data-element_type=\"widget\" data-e-type=\"widget\" data-widget_type=\"image.default\">\n\t\t\t\t<div class=\"elementor-widget-container\">\n\t\t\t\t\t\t\t\t\t\t\t\t\t\t\t\t<a href=\"https:\/\/atmosphere.com\/wp-content\/uploads\/D-65-VELOCITY-CHART.jpg\" data-elementor-open-lightbox=\"yes\" data-elementor-lightbox-title=\"D-65 VELOCITY CHART\" data-e-action-hash=\"#elementor-action%3Aaction%3Dlightbox%26settings%3DeyJpZCI6MTk2NywidXJsIjoiaHR0cHM6XC9cL2F0bW9zcGhlcmUuY29tXC93cC1jb250ZW50XC91cGxvYWRzXC9ELTY1LVZFTE9DSVRZLUNIQVJULmpwZyJ9\">\n\t\t\t\t\t\t\t<img loading=\"lazy\" decoding=\"async\" width=\"2250\" height=\"1350\" src=\"https:\/\/atmosphere.com\/wp-content\/uploads\/D-65-VELOCITY-CHART.jpg\" class=\"attachment-full size-full wp-image-1967\" alt=\"\" srcset=\"https:\/\/atmosphere.com\/wp-content\/uploads\/D-65-VELOCITY-CHART.jpg 2250w, https:\/\/atmosphere.com\/wp-content\/uploads\/D-65-VELOCITY-CHART-300x180.jpg 300w, https:\/\/atmosphere.com\/wp-content\/uploads\/D-65-VELOCITY-CHART-1024x614.jpg 1024w, https:\/\/atmosphere.com\/wp-content\/uploads\/D-65-VELOCITY-CHART-768x461.jpg 768w, https:\/\/atmosphere.com\/wp-content\/uploads\/D-65-VELOCITY-CHART-1536x922.jpg 1536w, https:\/\/atmosphere.com\/wp-content\/uploads\/D-65-VELOCITY-CHART-2048x1229.jpg 2048w\" sizes=\"(max-width: 2250px) 100vw, 2250px\" \/>\t\t\t\t\t\t\t\t<\/a>\n\t\t\t\t\t\t\t\t\t\t\t\t\t\t\t<\/div>\n\t\t\t\t<\/div>\n\t\t\t\t<\/div>\n\t\t\t\t<\/div>\n\t\t\t\t\t<\/div>\n\t\t\t\t<\/div>\n\t\t\t\t<\/div>","protected":false},"excerpt":{"rendered":"<p>DESTRATIFICATION fan The Vortex D-65 creates uniform air temperatures from floor to ceiling for maximum thermal comfort and energy savings up to 35% in the heating season and up to 25% in the cooling season D-65 Effective in Facilities with Ceiling Heights from 15&#8242; to 75&#8242; High Quiet, Energy-Efficient Fans, Delivering a Focused, Easy-to-Direct Column [&hellip;]<\/p>\n","protected":false},"author":1,"featured_media":0,"parent":0,"menu_order":0,"comment_status":"closed","ping_status":"closed","template":"","meta":{"footnotes":""},"class_list":["post-1960","page","type-page","status-publish","hentry"],"_links":{"self":[{"href":"https:\/\/atmosphere.com\/fr\/wp-json\/wp\/v2\/pages\/1960","targetHints":{"allow":["GET"]}}],"collection":[{"href":"https:\/\/atmosphere.com\/fr\/wp-json\/wp\/v2\/pages"}],"about":[{"href":"https:\/\/atmosphere.com\/fr\/wp-json\/wp\/v2\/types\/page"}],"author":[{"embeddable":true,"href":"https:\/\/atmosphere.com\/fr\/wp-json\/wp\/v2\/users\/1"}],"replies":[{"embeddable":true,"href":"https:\/\/atmosphere.com\/fr\/wp-json\/wp\/v2\/comments?post=1960"}],"version-history":[{"count":14,"href":"https:\/\/atmosphere.com\/fr\/wp-json\/wp\/v2\/pages\/1960\/revisions"}],"predecessor-version":[{"id":3289,"href":"https:\/\/atmosphere.com\/fr\/wp-json\/wp\/v2\/pages\/1960\/revisions\/3289"}],"wp:attachment":[{"href":"https:\/\/atmosphere.com\/fr\/wp-json\/wp\/v2\/media?parent=1960"}],"curies":[{"name":"wp","href":"https:\/\/api.w.org\/{rel}","templated":true}]}}