{"id":2055,"date":"2025-01-07T13:04:38","date_gmt":"2025-01-07T18:04:38","guid":{"rendered":"https:\/\/dev3.webadaptatifdesign.com\/?page_id=2055"},"modified":"2025-03-05T12:18:56","modified_gmt":"2025-03-05T17:18:56","slug":"renforcement-des-conduits","status":"publish","type":"page","link":"https:\/\/atmosphere.com\/fr\/solutions\/duct-boosting","title":{"rendered":"Renforcement du flux d'air dans les conduits"},"content":{"rendered":"<div data-elementor-type=\"wp-page\" data-elementor-id=\"2055\" class=\"elementor elementor-2055\" data-elementor-post-type=\"page\">\n\t\t\t\t<div class=\"elementor-element elementor-element-78b0973 e-flex e-con-boxed e-con e-parent\" data-id=\"78b0973\" data-element_type=\"container\" data-e-type=\"container\">\n\t\t\t\t\t<div class=\"e-con-inner\">\n\t\t\t\t<div class=\"elementor-element elementor-element-b837920 elementor-widget elementor-widget-heading\" data-id=\"b837920\" data-element_type=\"widget\" data-e-type=\"widget\" data-widget_type=\"heading.default\">\n\t\t\t\t<div class=\"elementor-widget-container\">\n\t\t\t\t\t<h3 class=\"elementor-heading-title elementor-size-default\">Renforcement du flux d'air dans les conduits<\/h3>\t\t\t\t<\/div>\n\t\t\t\t<\/div>\n\t\t\t\t<div class=\"elementor-element elementor-element-35daaec1 elementor-widget elementor-widget-heading\" data-id=\"35daaec1\" data-element_type=\"widget\" data-e-type=\"widget\" data-widget_type=\"heading.default\">\n\t\t\t\t<div class=\"elementor-widget-container\">\n\t\t\t\t\t<h2 class=\"elementor-heading-title elementor-size-default\">D\u00e9bit d'air suppl\u00e9mentaire sur demande<\/h2>\t\t\t\t<\/div>\n\t\t\t\t<\/div>\n\t\t\t\t<div class=\"elementor-element elementor-element-25595783 elementor-widget elementor-widget-text-editor\" data-id=\"25595783\" data-element_type=\"widget\" data-e-type=\"widget\" data-widget_type=\"text-editor.default\">\n\t\t\t\t<div class=\"elementor-widget-container\">\n\t\t\t\t\t\t\t\t\t<p>Il peut \u00eatre tout ce dont vous avez besoin. Dans ce sc\u00e9nario, l'entrepreneur utilise ce ventilateur pour renforcer une tr\u00e8s longue gaine allant jusqu'\u00e0 la chambre arri\u00e8re, afin de s'assurer que l'air climatis\u00e9 termine son long voyage dans cette grande maison.<\/p>\t\t\t\t\t\t\t\t<\/div>\n\t\t\t\t<\/div>\n\t\t<div class=\"elementor-element elementor-element-32c60e30 e-con-full e-flex e-con e-child\" data-id=\"32c60e30\" data-element_type=\"container\" data-e-type=\"container\">\n\t\t\t\t<div class=\"elementor-element elementor-element-fe263fb elementor-widget elementor-widget-image\" data-id=\"fe263fb\" data-element_type=\"widget\" data-e-type=\"widget\" data-widget_type=\"image.default\">\n\t\t\t\t<div class=\"elementor-widget-container\">\n\t\t\t\t\t\t\t\t\t\t\t\t\t\t\t<img fetchpriority=\"high\" decoding=\"async\" width=\"800\" height=\"533\" src=\"https:\/\/atmosphere.com\/wp-content\/uploads\/DUCT-BOOSTING-SOLUTION-1024x682.jpg\" class=\"attachment-large size-large wp-image-1122\" alt=\"\" srcset=\"https:\/\/atmosphere.com\/wp-content\/uploads\/DUCT-BOOSTING-SOLUTION-1024x682.jpg 1024w, https:\/\/atmosphere.com\/wp-content\/uploads\/DUCT-BOOSTING-SOLUTION-300x200.jpg 300w, https:\/\/atmosphere.com\/wp-content\/uploads\/DUCT-BOOSTING-SOLUTION-768x512.jpg 768w, https:\/\/atmosphere.com\/wp-content\/uploads\/DUCT-BOOSTING-SOLUTION.jpg 1280w\" sizes=\"(max-width: 800px) 100vw, 800px\" \/>\t\t\t\t\t\t\t\t\t\t\t\t\t\t\t<\/div>\n\t\t\t\t<\/div>\n\t\t\t\t<div class=\"elementor-element elementor-element-548e4711 elementor-widget elementor-widget-heading\" data-id=\"548e4711\" data-element_type=\"widget\" data-e-type=\"widget\" data-widget_type=\"heading.default\">\n\t\t\t\t<div class=\"elementor-widget-container\">\n\t\t\t\t\t<h2 class=\"elementor-heading-title elementor-size-default\">Produits vedettes<\/h2>\t\t\t\t<\/div>\n\t\t\t\t<\/div>\n\t\t<div class=\"elementor-element elementor-element-2de9991d e-con-full e-grid e-con e-child\" data-id=\"2de9991d\" data-element_type=\"container\" data-e-type=\"container\">\n\t\t<div class=\"elementor-element elementor-element-400bf269 e-con-full e-flex e-con e-child\" data-id=\"400bf269\" data-element_type=\"container\" data-e-type=\"container\">\n\t\t\t\t<div class=\"elementor-element elementor-element-54ee57c9 elementor-widget elementor-widget-image\" data-id=\"54ee57c9\" data-element_type=\"widget\" data-e-type=\"widget\" data-widget_type=\"image.default\">\n\t\t\t\t<div class=\"elementor-widget-container\">\n\t\t\t\t\t\t\t\t\t\t\t\t\t\t\t\t<a href=\"https:\/\/atmosphere.com\/wp-content\/uploads\/VTX400P-PHOTO.jpg\" data-elementor-open-lightbox=\"yes\" data-elementor-lightbox-title=\"VTX400P PHOTO\" data-e-action-hash=\"#elementor-action%3Aaction%3Dlightbox%26settings%3DeyJpZCI6MTk4MSwidXJsIjoiaHR0cHM6XC9cL2F0bW9zcGhlcmUuY29tXC93cC1jb250ZW50XC91cGxvYWRzXC9WVFg0MDBQLVBIT1RPLmpwZyJ9\">\n\t\t\t\t\t\t\t<img decoding=\"async\" width=\"1113\" height=\"1014\" src=\"https:\/\/atmosphere.com\/wp-content\/uploads\/VTX400P-PHOTO.jpg\" class=\"attachment-full size-full wp-image-1981\" alt=\"\" srcset=\"https:\/\/atmosphere.com\/wp-content\/uploads\/VTX400P-PHOTO.jpg 1113w, https:\/\/atmosphere.com\/wp-content\/uploads\/VTX400P-PHOTO-300x273.jpg 300w, https:\/\/atmosphere.com\/wp-content\/uploads\/VTX400P-PHOTO-1024x933.jpg 1024w, https:\/\/atmosphere.com\/wp-content\/uploads\/VTX400P-PHOTO-768x700.jpg 768w\" sizes=\"(max-width: 1113px) 100vw, 1113px\" \/>\t\t\t\t\t\t\t\t<\/a>\n\t\t\t\t\t\t\t\t\t\t\t\t\t\t\t<\/div>\n\t\t\t\t<\/div>\n\t\t<div class=\"elementor-element elementor-element-e2e4d41 e-con-full e-flex e-con e-child\" data-id=\"e2e4d41\" data-element_type=\"container\" data-e-type=\"container\">\n\t\t\t\t<div class=\"elementor-element elementor-element-4a89d6d elementor-widget elementor-widget-heading\" data-id=\"4a89d6d\" data-element_type=\"widget\" data-e-type=\"widget\" data-widget_type=\"heading.default\">\n\t\t\t\t<div class=\"elementor-widget-container\">\n\t\t\t\t\t<h2 class=\"elementor-heading-title elementor-size-default\">VTX400P<\/h2>\t\t\t\t<\/div>\n\t\t\t\t<\/div>\n\t\t\t\t<div class=\"elementor-element elementor-element-67588d6b elementor-widget elementor-widget-text-editor\" data-id=\"67588d6b\" data-element_type=\"widget\" data-e-type=\"widget\" data-widget_type=\"text-editor.default\">\n\t\t\t\t<div class=\"elementor-widget-container\">\n\t\t\t\t\t\t\t\t\t<p>Le ventilateur de surpression de gaine VTX400P, pour gaine de 4 pouces de diam\u00e8tre, est id\u00e9al pour r\u00e9soudre les probl\u00e8mes pos\u00e9s par les longues gaines. Le VTX400P est \u00e9quip\u00e9 d'un pressostat automatique int\u00e9gr\u00e9 qui d\u00e9tecte le passage de l'air dans la gaine de ventilation.<\/p>\t\t\t\t\t\t\t\t<\/div>\n\t\t\t\t<\/div>\n\t\t\t\t<div class=\"elementor-element elementor-element-ef90a96 elementor-widget elementor-widget-button\" data-id=\"ef90a96\" data-element_type=\"widget\" data-e-type=\"widget\" data-widget_type=\"button.default\">\n\t\t\t\t<div class=\"elementor-widget-container\">\n\t\t\t\t\t\t\t\t\t<div class=\"elementor-button-wrapper\">\n\t\t\t\t\t<a class=\"elementor-button elementor-button-link elementor-size-sm\" href=\"https:\/\/atmosphere.com\/fr\/ventilateur-de-surpression-de-conduit\/\">\n\t\t\t\t\t\t<span class=\"elementor-button-content-wrapper\">\n\t\t\t\t\t\t\t\t\t<span class=\"elementor-button-text\">Voir les produits<\/span>\n\t\t\t\t\t<\/span>\n\t\t\t\t\t<\/a>\n\t\t\t\t<\/div>\n\t\t\t\t\t\t\t\t<\/div>\n\t\t\t\t<\/div>\n\t\t\t\t<\/div>\n\t\t\t\t<\/div>\n\t\t<div class=\"elementor-element elementor-element-f31a740 e-con-full e-flex e-con e-child\" data-id=\"f31a740\" data-element_type=\"container\" data-e-type=\"container\">\n\t\t\t\t<div class=\"elementor-element elementor-element-c3a2cec elementor-widget elementor-widget-image\" data-id=\"c3a2cec\" data-element_type=\"widget\" data-e-type=\"widget\" data-widget_type=\"image.default\">\n\t\t\t\t<div class=\"elementor-widget-container\">\n\t\t\t\t\t\t\t\t\t\t\t\t\t\t\t\t<a href=\"https:\/\/atmosphere.com\/wp-content\/uploads\/VTX400-C-PHOTO.jpg\" data-elementor-open-lightbox=\"yes\" data-elementor-lightbox-title=\"VTX400 C PHOTO\" data-e-action-hash=\"#elementor-action%3Aaction%3Dlightbox%26settings%3DeyJpZCI6MTk4NCwidXJsIjoiaHR0cHM6XC9cL2F0bW9zcGhlcmUuY29tXC93cC1jb250ZW50XC91cGxvYWRzXC9WVFg0MDAtQy1QSE9UTy5qcGcifQ%3D%3D\">\n\t\t\t\t\t\t\t<img decoding=\"async\" width=\"1204\" height=\"1177\" src=\"https:\/\/atmosphere.com\/wp-content\/uploads\/VTX400-C-PHOTO.jpg\" class=\"attachment-full size-full wp-image-1984\" alt=\"\" srcset=\"https:\/\/atmosphere.com\/wp-content\/uploads\/VTX400-C-PHOTO.jpg 1204w, https:\/\/atmosphere.com\/wp-content\/uploads\/VTX400-C-PHOTO-300x293.jpg 300w, https:\/\/atmosphere.com\/wp-content\/uploads\/VTX400-C-PHOTO-1024x1001.jpg 1024w, https:\/\/atmosphere.com\/wp-content\/uploads\/VTX400-C-PHOTO-768x751.jpg 768w\" sizes=\"(max-width: 1204px) 100vw, 1204px\" \/>\t\t\t\t\t\t\t\t<\/a>\n\t\t\t\t\t\t\t\t\t\t\t\t\t\t\t<\/div>\n\t\t\t\t<\/div>\n\t\t<div class=\"elementor-element elementor-element-134aa71 e-con-full e-flex e-con e-child\" data-id=\"134aa71\" data-element_type=\"container\" data-e-type=\"container\">\n\t\t\t\t<div class=\"elementor-element elementor-element-7ed5503a elementor-widget elementor-widget-heading\" data-id=\"7ed5503a\" data-element_type=\"widget\" data-e-type=\"widget\" data-widget_type=\"heading.default\">\n\t\t\t\t<div class=\"elementor-widget-container\">\n\t\t\t\t\t<h2 class=\"elementor-heading-title elementor-size-default\">VTX-400C<\/h2>\t\t\t\t<\/div>\n\t\t\t\t<\/div>\n\t\t\t\t<div class=\"elementor-element elementor-element-7082072e elementor-widget elementor-widget-text-editor\" data-id=\"7082072e\" data-element_type=\"widget\" data-e-type=\"widget\" data-widget_type=\"text-editor.default\">\n\t\t\t\t<div class=\"elementor-widget-container\">\n\t\t\t\t\t\t\t\t\t<p>Le VTX400C est fourni avec un capteur de courant qui d\u00e9tecte le moment o\u00f9 le dispositif de verrouillage est mis en marche pour activer automatiquement le ventilateur. Le capteur de courant est disponible avec un d\u00e9lai de d\u00e9sactivation de z\u00e9ro, cinq, dix ou quinze minutes.<\/p>\t\t\t\t\t\t\t\t<\/div>\n\t\t\t\t<\/div>\n\t\t\t\t<div class=\"elementor-element elementor-element-7cb9da8 elementor-widget elementor-widget-button\" data-id=\"7cb9da8\" data-element_type=\"widget\" data-e-type=\"widget\" data-widget_type=\"button.default\">\n\t\t\t\t<div class=\"elementor-widget-container\">\n\t\t\t\t\t\t\t\t\t<div class=\"elementor-button-wrapper\">\n\t\t\t\t\t<a class=\"elementor-button elementor-button-link elementor-size-sm\" href=\"https:\/\/atmosphere.com\/fr\/ventilateur-de-surpression-de-conduit\/#vtx400c\">\n\t\t\t\t\t\t<span class=\"elementor-button-content-wrapper\">\n\t\t\t\t\t\t\t\t\t<span class=\"elementor-button-text\">Voir les produits<\/span>\n\t\t\t\t\t<\/span>\n\t\t\t\t\t<\/a>\n\t\t\t\t<\/div>\n\t\t\t\t\t\t\t\t<\/div>\n\t\t\t\t<\/div>\n\t\t\t\t<\/div>\n\t\t\t\t<\/div>\n\t\t<div class=\"elementor-element elementor-element-39d51ec e-con-full e-flex e-con e-child\" data-id=\"39d51ec\" data-element_type=\"container\" data-e-type=\"container\">\n\t\t\t\t<div class=\"elementor-element elementor-element-60d68d0 elementor-widget elementor-widget-image\" data-id=\"60d68d0\" data-element_type=\"widget\" data-e-type=\"widget\" data-widget_type=\"image.default\">\n\t\t\t\t<div class=\"elementor-widget-container\">\n\t\t\t\t\t\t\t\t\t\t\t\t\t\t\t\t<a href=\"https:\/\/atmosphere.com\/wp-content\/uploads\/APS-PHOTO.jpg\" data-elementor-open-lightbox=\"yes\" data-elementor-lightbox-title=\"APS PHOTO\" data-e-action-hash=\"#elementor-action%3Aaction%3Dlightbox%26settings%3DeyJpZCI6MTg1NCwidXJsIjoiaHR0cHM6XC9cL2F0bW9zcGhlcmUuY29tXC93cC1jb250ZW50XC91cGxvYWRzXC9BUFMtUEhPVE8uanBnIn0%3D\">\n\t\t\t\t\t\t\t<img loading=\"lazy\" decoding=\"async\" width=\"2398\" height=\"2266\" src=\"https:\/\/atmosphere.com\/wp-content\/uploads\/APS-PHOTO.jpg\" class=\"attachment-full size-full wp-image-1854\" alt=\"\" srcset=\"https:\/\/atmosphere.com\/wp-content\/uploads\/APS-PHOTO.jpg 2398w, https:\/\/atmosphere.com\/wp-content\/uploads\/APS-PHOTO-300x283.jpg 300w, https:\/\/atmosphere.com\/wp-content\/uploads\/APS-PHOTO-1024x968.jpg 1024w, https:\/\/atmosphere.com\/wp-content\/uploads\/APS-PHOTO-768x726.jpg 768w, https:\/\/atmosphere.com\/wp-content\/uploads\/APS-PHOTO-1536x1451.jpg 1536w, https:\/\/atmosphere.com\/wp-content\/uploads\/APS-PHOTO-2048x1935.jpg 2048w\" sizes=\"(max-width: 2398px) 100vw, 2398px\" \/>\t\t\t\t\t\t\t\t<\/a>\n\t\t\t\t\t\t\t\t\t\t\t\t\t\t\t<\/div>\n\t\t\t\t<\/div>\n\t\t<div class=\"elementor-element elementor-element-9e650b3 e-con-full e-flex e-con e-child\" data-id=\"9e650b3\" data-element_type=\"container\" data-e-type=\"container\">\n\t\t\t\t<div class=\"elementor-element elementor-element-8333ffb elementor-widget elementor-widget-heading\" data-id=\"8333ffb\" data-element_type=\"widget\" data-e-type=\"widget\" data-widget_type=\"heading.default\">\n\t\t\t\t<div class=\"elementor-widget-container\">\n\t\t\t\t\t<h2 class=\"elementor-heading-title elementor-size-default\">APS<\/h2>\t\t\t\t<\/div>\n\t\t\t\t<\/div>\n\t\t\t\t<div class=\"elementor-element elementor-element-fe5bc83 elementor-widget elementor-widget-text-editor\" data-id=\"fe5bc83\" data-element_type=\"widget\" data-e-type=\"widget\" data-widget_type=\"text-editor.default\">\n\t\t\t\t<div class=\"elementor-widget-container\">\n\t\t\t\t\t\t\t\t\t<p>L'APS est un capteur de pression d'air qui d\u00e9tecte le passage de l'air dans la gaine et active un ventilateur auxiliaire.<\/p>\t\t\t\t\t\t\t\t<\/div>\n\t\t\t\t<\/div>\n\t\t\t\t<div class=\"elementor-element elementor-element-d8f9f6a elementor-widget elementor-widget-button\" data-id=\"d8f9f6a\" data-element_type=\"widget\" data-e-type=\"widget\" data-widget_type=\"button.default\">\n\t\t\t\t<div class=\"elementor-widget-container\">\n\t\t\t\t\t\t\t\t\t<div class=\"elementor-button-wrapper\">\n\t\t\t\t\t<a class=\"elementor-button elementor-button-link elementor-size-sm\" href=\"https:\/\/atmosphere.com\/fr\/controleurs\/#aps\">\n\t\t\t\t\t\t<span class=\"elementor-button-content-wrapper\">\n\t\t\t\t\t\t\t\t\t<span class=\"elementor-button-text\">Voir les produits<\/span>\n\t\t\t\t\t<\/span>\n\t\t\t\t\t<\/a>\n\t\t\t\t<\/div>\n\t\t\t\t\t\t\t\t<\/div>\n\t\t\t\t<\/div>\n\t\t\t\t<\/div>\n\t\t\t\t<\/div>\n\t\t\t\t<\/div>\n\t\t\t\t<\/div>\n\t\t\t\t\t<\/div>\n\t\t\t\t<\/div>\n\t\t\t\t<\/div>","protected":false},"excerpt":{"rendered":"<p>Extra airflow on demand It can be whatever you need it to be. In this scenario, the contractor is using this fan to boost an extra-long duct run to the back bedroom, ensuring that the conditioned air completes its long journey throughout this large home. Featured products VTX400P The VTX400P duct booster fan, for 4-inch [&hellip;]<\/p>\n","protected":false},"author":1,"featured_media":0,"parent":2531,"menu_order":0,"comment_status":"closed","ping_status":"closed","template":"","meta":{"footnotes":""},"class_list":["post-2055","page","type-page","status-publish","hentry"],"_links":{"self":[{"href":"https:\/\/atmosphere.com\/fr\/wp-json\/wp\/v2\/pages\/2055","targetHints":{"allow":["GET"]}}],"collection":[{"href":"https:\/\/atmosphere.com\/fr\/wp-json\/wp\/v2\/pages"}],"about":[{"href":"https:\/\/atmosphere.com\/fr\/wp-json\/wp\/v2\/types\/page"}],"author":[{"embeddable":true,"href":"https:\/\/atmosphere.com\/fr\/wp-json\/wp\/v2\/users\/1"}],"replies":[{"embeddable":true,"href":"https:\/\/atmosphere.com\/fr\/wp-json\/wp\/v2\/comments?post=2055"}],"version-history":[{"count":5,"href":"https:\/\/atmosphere.com\/fr\/wp-json\/wp\/v2\/pages\/2055\/revisions"}],"predecessor-version":[{"id":3172,"href":"https:\/\/atmosphere.com\/fr\/wp-json\/wp\/v2\/pages\/2055\/revisions\/3172"}],"up":[{"embeddable":true,"href":"https:\/\/atmosphere.com\/fr\/wp-json\/wp\/v2\/pages\/2531"}],"wp:attachment":[{"href":"https:\/\/atmosphere.com\/fr\/wp-json\/wp\/v2\/media?parent=2055"}],"curies":[{"name":"wp","href":"https:\/\/api.w.org\/{rel}","templated":true}]}}