{"id":2056,"date":"2025-01-07T13:04:46","date_gmt":"2025-01-07T18:04:46","guid":{"rendered":"https:\/\/dev3.webadaptatifdesign.com\/?page_id=2056"},"modified":"2025-03-05T12:18:59","modified_gmt":"2025-03-05T17:18:59","slug":"de-piece-en-piece","status":"publish","type":"page","link":"https:\/\/atmosphere.com\/fr\/solutions\/room-to-room","title":{"rendered":"De pi\u00e8ce en pi\u00e8ce"},"content":{"rendered":"<div data-elementor-type=\"wp-page\" data-elementor-id=\"2056\" class=\"elementor elementor-2056\" data-elementor-post-type=\"page\">\n\t\t\t\t<div class=\"elementor-element elementor-element-60748e0a e-flex e-con-boxed e-con e-parent\" data-id=\"60748e0a\" data-element_type=\"container\" data-e-type=\"container\">\n\t\t\t\t\t<div class=\"e-con-inner\">\n\t\t\t\t<div class=\"elementor-element elementor-element-405c485b elementor-widget elementor-widget-heading\" data-id=\"405c485b\" data-element_type=\"widget\" data-e-type=\"widget\" data-widget_type=\"heading.default\">\n\t\t\t\t<div class=\"elementor-widget-container\">\n\t\t\t\t\t<h3 class=\"elementor-heading-title elementor-size-default\">De pi\u00e8ce en pi\u00e8ce<\/h3>\t\t\t\t<\/div>\n\t\t\t\t<\/div>\n\t\t\t\t<div class=\"elementor-element elementor-element-6a4789c1 elementor-widget elementor-widget-heading\" data-id=\"6a4789c1\" data-element_type=\"widget\" data-e-type=\"widget\" data-widget_type=\"heading.default\">\n\t\t\t\t<div class=\"elementor-widget-container\">\n\t\t\t\t\t<h2 class=\"elementor-heading-title elementor-size-default\">Partager l'air<\/h2>\t\t\t\t<\/div>\n\t\t\t\t<\/div>\n\t\t\t\t<div class=\"elementor-element elementor-element-9d254d3 elementor-widget elementor-widget-text-editor\" data-id=\"9d254d3\" data-element_type=\"widget\" data-e-type=\"widget\" data-widget_type=\"text-editor.default\">\n\t\t\t\t<div class=\"elementor-widget-container\">\n\t\t\t\t\t\t\t\t\t<p>L'installation de mini-splits devient une option populaire et viable pour climatiser les espaces \u00e9loign\u00e9s ou les maisons anciennes. Cependant, la ventilation sans conduit n\u00e9cessite des solutions uniques pour obtenir un confort maximal. Avec une simple installation de ventilateur en ligne, vous pouvez partager l'air conditionn\u00e9 avec un espace connect\u00e9 au sein d'une suite ou d'une section priv\u00e9e du logement. Un registre \u00e0 iris garantit que le ventilateur fournit une quantit\u00e9 d'air \u00e9quilibr\u00e9e \u00e0 l'espace adjacent.<\/p>\t\t\t\t\t\t\t\t<\/div>\n\t\t\t\t<\/div>\n\t\t<div class=\"elementor-element elementor-element-30893979 e-con-full e-flex e-con e-child\" data-id=\"30893979\" data-element_type=\"container\" data-e-type=\"container\">\n\t\t\t\t<div class=\"elementor-element elementor-element-7b1577c1 elementor-widget elementor-widget-image\" data-id=\"7b1577c1\" data-element_type=\"widget\" data-e-type=\"widget\" data-widget_type=\"image.default\">\n\t\t\t\t<div class=\"elementor-widget-container\">\n\t\t\t\t\t\t\t\t\t\t\t\t\t\t\t<img fetchpriority=\"high\" decoding=\"async\" width=\"800\" height=\"448\" src=\"https:\/\/atmosphere.com\/wp-content\/uploads\/room-to-room-solution-1024x574.jpg\" class=\"attachment-large size-large wp-image-1120\" alt=\"\" srcset=\"https:\/\/atmosphere.com\/wp-content\/uploads\/room-to-room-solution-1024x574.jpg 1024w, https:\/\/atmosphere.com\/wp-content\/uploads\/room-to-room-solution-300x168.jpg 300w, https:\/\/atmosphere.com\/wp-content\/uploads\/room-to-room-solution-768x430.jpg 768w, https:\/\/atmosphere.com\/wp-content\/uploads\/room-to-room-solution.jpg 1280w\" sizes=\"(max-width: 800px) 100vw, 800px\" \/>\t\t\t\t\t\t\t\t\t\t\t\t\t\t\t<\/div>\n\t\t\t\t<\/div>\n\t\t\t\t<div class=\"elementor-element elementor-element-2ef22188 elementor-widget elementor-widget-heading\" data-id=\"2ef22188\" data-element_type=\"widget\" data-e-type=\"widget\" data-widget_type=\"heading.default\">\n\t\t\t\t<div class=\"elementor-widget-container\">\n\t\t\t\t\t<h2 class=\"elementor-heading-title elementor-size-default\">Produits vedettes<\/h2>\t\t\t\t<\/div>\n\t\t\t\t<\/div>\n\t\t<div class=\"elementor-element elementor-element-6b970492 e-con-full e-grid e-con e-child\" data-id=\"6b970492\" data-element_type=\"container\" data-e-type=\"container\">\n\t\t<div class=\"elementor-element elementor-element-512d1fa0 e-con-full e-flex e-con e-child\" data-id=\"512d1fa0\" data-element_type=\"container\" data-e-type=\"container\">\n\t\t\t\t<div class=\"elementor-element elementor-element-4a545547 elementor-widget elementor-widget-image\" data-id=\"4a545547\" data-element_type=\"widget\" data-e-type=\"widget\" data-widget_type=\"image.default\">\n\t\t\t\t<div class=\"elementor-widget-container\">\n\t\t\t\t\t\t\t\t\t\t\t\t\t\t\t\t<a href=\"https:\/\/atmosphere.com\/wp-content\/uploads\/S-600.jpg\" data-elementor-open-lightbox=\"yes\" data-elementor-lightbox-title=\"S-600\" data-e-action-hash=\"#elementor-action%3Aaction%3Dlightbox%26settings%3DeyJpZCI6MTU5NiwidXJsIjoiaHR0cHM6XC9cL2F0bW9zcGhlcmUuY29tXC93cC1jb250ZW50XC91cGxvYWRzXC9TLTYwMC5qcGcifQ%3D%3D\">\n\t\t\t\t\t\t\t<img decoding=\"async\" width=\"1440\" height=\"1380\" src=\"https:\/\/atmosphere.com\/wp-content\/uploads\/S-600.jpg\" class=\"attachment-full size-full wp-image-1596\" alt=\"\" srcset=\"https:\/\/atmosphere.com\/wp-content\/uploads\/S-600.jpg 1440w, https:\/\/atmosphere.com\/wp-content\/uploads\/S-600-300x288.jpg 300w, https:\/\/atmosphere.com\/wp-content\/uploads\/S-600-1024x981.jpg 1024w, https:\/\/atmosphere.com\/wp-content\/uploads\/S-600-768x736.jpg 768w\" sizes=\"(max-width: 1440px) 100vw, 1440px\" \/>\t\t\t\t\t\t\t\t<\/a>\n\t\t\t\t\t\t\t\t\t\t\t\t\t\t\t<\/div>\n\t\t\t\t<\/div>\n\t\t\t\t<div class=\"elementor-element elementor-element-6cb7eaae elementor-widget elementor-widget-heading\" data-id=\"6cb7eaae\" data-element_type=\"widget\" data-e-type=\"widget\" data-widget_type=\"heading.default\">\n\t\t\t\t<div class=\"elementor-widget-container\">\n\t\t\t\t\t<h2 class=\"elementor-heading-title elementor-size-default\">S-600<\/h2>\t\t\t\t<\/div>\n\t\t\t\t<\/div>\n\t\t\t\t<div class=\"elementor-element elementor-element-7eae0053 elementor-widget elementor-widget-text-editor\" data-id=\"7eae0053\" data-element_type=\"widget\" data-e-type=\"widget\" data-widget_type=\"text-editor.default\">\n\t\t\t\t<div class=\"elementor-widget-container\">\n\t\t\t\t\t\t\t\t\t<p>Ce ventilateur utilise une roue motoris\u00e9e d'un seul tenant pour une performance silencieuse et sans vibration, \u00e9liminant efficacement les gaz nocifs.<\/p>\t\t\t\t\t\t\t\t<\/div>\n\t\t\t\t<\/div>\n\t\t\t\t<div class=\"elementor-element elementor-element-1c64848 elementor-widget elementor-widget-button\" data-id=\"1c64848\" data-element_type=\"widget\" data-e-type=\"widget\" data-widget_type=\"button.default\">\n\t\t\t\t<div class=\"elementor-widget-container\">\n\t\t\t\t\t\t\t\t\t<div class=\"elementor-button-wrapper\">\n\t\t\t\t\t<a class=\"elementor-button elementor-button-link elementor-size-sm\" href=\"https:\/\/atmosphere.com\/fr\/ligne-de-s\/#s600\">\n\t\t\t\t\t\t<span class=\"elementor-button-content-wrapper\">\n\t\t\t\t\t\t\t\t\t<span class=\"elementor-button-text\">Voir les produits<\/span>\n\t\t\t\t\t<\/span>\n\t\t\t\t\t<\/a>\n\t\t\t\t<\/div>\n\t\t\t\t\t\t\t\t<\/div>\n\t\t\t\t<\/div>\n\t\t\t\t<\/div>\n\t\t<div class=\"elementor-element elementor-element-6b6d8173 e-con-full e-flex e-con e-child\" data-id=\"6b6d8173\" data-element_type=\"container\" data-e-type=\"container\">\n\t\t\t\t<div class=\"elementor-element elementor-element-637b00e8 elementor-widget elementor-widget-image\" data-id=\"637b00e8\" data-element_type=\"widget\" data-e-type=\"widget\" data-widget_type=\"image.default\">\n\t\t\t\t<div class=\"elementor-widget-container\">\n\t\t\t\t\t\t\t\t\t\t\t\t\t\t\t\t<a href=\"https:\/\/atmosphere.com\/wp-content\/uploads\/RAD-PHOTO-scaled.jpg\" data-elementor-open-lightbox=\"yes\" data-elementor-lightbox-title=\"RAD PHOTO\" data-e-action-hash=\"#elementor-action%3Aaction%3Dlightbox%26settings%3DeyJpZCI6MTg2NCwidXJsIjoiaHR0cHM6XC9cL2F0bW9zcGhlcmUuY29tXC93cC1jb250ZW50XC91cGxvYWRzXC9SQUQtUEhPVE8tc2NhbGVkLmpwZyJ9\">\n\t\t\t\t\t\t\t<img decoding=\"async\" width=\"2560\" height=\"1192\" src=\"https:\/\/atmosphere.com\/wp-content\/uploads\/RAD-PHOTO-scaled.jpg\" class=\"attachment-full size-full wp-image-1864\" alt=\"\" srcset=\"https:\/\/atmosphere.com\/wp-content\/uploads\/RAD-PHOTO-scaled.jpg 2560w, https:\/\/atmosphere.com\/wp-content\/uploads\/RAD-PHOTO-300x140.jpg 300w, https:\/\/atmosphere.com\/wp-content\/uploads\/RAD-PHOTO-1024x477.jpg 1024w, https:\/\/atmosphere.com\/wp-content\/uploads\/RAD-PHOTO-768x358.jpg 768w, https:\/\/atmosphere.com\/wp-content\/uploads\/RAD-PHOTO-1536x715.jpg 1536w, https:\/\/atmosphere.com\/wp-content\/uploads\/RAD-PHOTO-2048x954.jpg 2048w\" sizes=\"(max-width: 2560px) 100vw, 2560px\" \/>\t\t\t\t\t\t\t\t<\/a>\n\t\t\t\t\t\t\t\t\t\t\t\t\t\t\t<\/div>\n\t\t\t\t<\/div>\n\t\t\t\t<div class=\"elementor-element elementor-element-2ac91ebd elementor-widget elementor-widget-heading\" data-id=\"2ac91ebd\" data-element_type=\"widget\" data-e-type=\"widget\" data-widget_type=\"heading.default\">\n\t\t\t\t<div class=\"elementor-widget-container\">\n\t\t\t\t\t<h2 class=\"elementor-heading-title elementor-size-default\">RAD<\/h2>\t\t\t\t<\/div>\n\t\t\t\t<\/div>\n\t\t\t\t<div class=\"elementor-element elementor-element-2b28376a elementor-widget elementor-widget-text-editor\" data-id=\"2b28376a\" data-element_type=\"widget\" data-e-type=\"widget\" data-widget_type=\"text-editor.default\">\n\t\t\t\t<div class=\"elementor-widget-container\">\n\t\t\t\t\t\t\t\t\t<p>Double flux : alimentation ou \u00e9vacuation d'air silencieuse avec \u00e9crou de blocage pour r\u00e9gler pr\u00e9cis\u00e9ment le flux d'air de 0 \u00e0 100%.<\/p>\t\t\t\t\t\t\t\t<\/div>\n\t\t\t\t<\/div>\n\t\t\t\t<div class=\"elementor-element elementor-element-e36259b elementor-widget elementor-widget-button\" data-id=\"e36259b\" data-element_type=\"widget\" data-e-type=\"widget\" data-widget_type=\"button.default\">\n\t\t\t\t<div class=\"elementor-widget-container\">\n\t\t\t\t\t\t\t\t\t<div class=\"elementor-button-wrapper\">\n\t\t\t\t\t<a class=\"elementor-button elementor-button-link elementor-size-sm\" href=\"https:\/\/atmosphere.com\/fr\/distribution-dair\/#rad\">\n\t\t\t\t\t\t<span class=\"elementor-button-content-wrapper\">\n\t\t\t\t\t\t\t\t\t<span class=\"elementor-button-text\">Voir les produits<\/span>\n\t\t\t\t\t<\/span>\n\t\t\t\t\t<\/a>\n\t\t\t\t<\/div>\n\t\t\t\t\t\t\t\t<\/div>\n\t\t\t\t<\/div>\n\t\t\t\t<\/div>\n\t\t<div class=\"elementor-element elementor-element-7471ddb e-con-full e-flex e-con e-child\" data-id=\"7471ddb\" data-element_type=\"container\" data-e-type=\"container\">\n\t\t\t\t<div class=\"elementor-element elementor-element-47b4dad elementor-widget elementor-widget-image\" data-id=\"47b4dad\" data-element_type=\"widget\" data-e-type=\"widget\" data-widget_type=\"image.default\">\n\t\t\t\t<div class=\"elementor-widget-container\">\n\t\t\t\t\t\t\t\t\t\t\t\t\t\t\t\t<a href=\"https:\/\/atmosphere.com\/wp-content\/uploads\/AVR-5-115-PHOTO.jpg\" data-elementor-open-lightbox=\"yes\" data-elementor-lightbox-title=\"AVR-5-115 PHOTO\" data-e-action-hash=\"#elementor-action%3Aaction%3Dlightbox%26settings%3DeyJpZCI6MTc3MCwidXJsIjoiaHR0cHM6XC9cL2F0bW9zcGhlcmUuY29tXC93cC1jb250ZW50XC91cGxvYWRzXC9BVlItNS0xMTUtUEhPVE8uanBnIn0%3D\">\n\t\t\t\t\t\t\t<img loading=\"lazy\" decoding=\"async\" width=\"580\" height=\"962\" src=\"https:\/\/atmosphere.com\/wp-content\/uploads\/AVR-5-115-PHOTO.jpg\" class=\"attachment-full size-full wp-image-1770\" alt=\"\" srcset=\"https:\/\/atmosphere.com\/wp-content\/uploads\/AVR-5-115-PHOTO.jpg 580w, https:\/\/atmosphere.com\/wp-content\/uploads\/AVR-5-115-PHOTO-181x300.jpg 181w\" sizes=\"(max-width: 580px) 100vw, 580px\" \/>\t\t\t\t\t\t\t\t<\/a>\n\t\t\t\t\t\t\t\t\t\t\t\t\t\t\t<\/div>\n\t\t\t\t<\/div>\n\t\t\t\t<div class=\"elementor-element elementor-element-ea839fb elementor-widget elementor-widget-heading\" data-id=\"ea839fb\" data-element_type=\"widget\" data-e-type=\"widget\" data-widget_type=\"heading.default\">\n\t\t\t\t<div class=\"elementor-widget-container\">\n\t\t\t\t\t<h2 class=\"elementor-heading-title elementor-size-default\">AVR-5-115<\/h2>\t\t\t\t<\/div>\n\t\t\t\t<\/div>\n\t\t\t\t<div class=\"elementor-element elementor-element-64f5ef9 elementor-widget elementor-widget-text-editor\" data-id=\"64f5ef9\" data-element_type=\"widget\" data-e-type=\"widget\" data-widget_type=\"text-editor.default\">\n\t\t\t\t<div class=\"elementor-widget-container\">\n\t\t\t\t\t\t\t\t\t<p>La commande de vitesse rotative facilite le r\u00e9glage du d\u00e9bit d'air, ce qui permet un contr\u00f4le pr\u00e9cis et souple des niveaux de d\u00e9bit d'air, am\u00e9liorant le confort de l'utilisateur et optimisant les performances.<\/p>\t\t\t\t\t\t\t\t<\/div>\n\t\t\t\t<\/div>\n\t\t\t\t<div class=\"elementor-element elementor-element-aa87eab elementor-widget elementor-widget-button\" data-id=\"aa87eab\" data-element_type=\"widget\" data-e-type=\"widget\" data-widget_type=\"button.default\">\n\t\t\t\t<div class=\"elementor-widget-container\">\n\t\t\t\t\t\t\t\t\t<div class=\"elementor-button-wrapper\">\n\t\t\t\t\t<a class=\"elementor-button elementor-button-link elementor-size-sm\" href=\"https:\/\/atmosphere.com\/fr\/controleurs\/#avr-5-115\">\n\t\t\t\t\t\t<span class=\"elementor-button-content-wrapper\">\n\t\t\t\t\t\t\t\t\t<span class=\"elementor-button-text\">Voir les produits<\/span>\n\t\t\t\t\t<\/span>\n\t\t\t\t\t<\/a>\n\t\t\t\t<\/div>\n\t\t\t\t\t\t\t\t<\/div>\n\t\t\t\t<\/div>\n\t\t\t\t<\/div>\n\t\t\t\t<\/div>\n\t\t\t\t<\/div>\n\t\t\t\t\t<\/div>\n\t\t\t\t<\/div>\n\t\t\t\t<\/div>","protected":false},"excerpt":{"rendered":"<p>Share the Air Retrofitting mini-splits is becoming a popular and viable option for conditioning air in remote spaces or older homes. However, ductless ventilation requires unique solutions to achieve maximum comfort. With a simple inline fan installation, you can share conditioned air with a connected space within a suite or private section of the dwelling. [&hellip;]<\/p>\n","protected":false},"author":1,"featured_media":0,"parent":2531,"menu_order":0,"comment_status":"closed","ping_status":"closed","template":"","meta":{"footnotes":""},"class_list":["post-2056","page","type-page","status-publish","hentry"],"_links":{"self":[{"href":"https:\/\/atmosphere.com\/fr\/wp-json\/wp\/v2\/pages\/2056","targetHints":{"allow":["GET"]}}],"collection":[{"href":"https:\/\/atmosphere.com\/fr\/wp-json\/wp\/v2\/pages"}],"about":[{"href":"https:\/\/atmosphere.com\/fr\/wp-json\/wp\/v2\/types\/page"}],"author":[{"embeddable":true,"href":"https:\/\/atmosphere.com\/fr\/wp-json\/wp\/v2\/users\/1"}],"replies":[{"embeddable":true,"href":"https:\/\/atmosphere.com\/fr\/wp-json\/wp\/v2\/comments?post=2056"}],"version-history":[{"count":5,"href":"https:\/\/atmosphere.com\/fr\/wp-json\/wp\/v2\/pages\/2056\/revisions"}],"predecessor-version":[{"id":3175,"href":"https:\/\/atmosphere.com\/fr\/wp-json\/wp\/v2\/pages\/2056\/revisions\/3175"}],"up":[{"embeddable":true,"href":"https:\/\/atmosphere.com\/fr\/wp-json\/wp\/v2\/pages\/2531"}],"wp:attachment":[{"href":"https:\/\/atmosphere.com\/fr\/wp-json\/wp\/v2\/media?parent=2056"}],"curies":[{"name":"wp","href":"https:\/\/api.w.org\/{rel}","templated":true}]}}