{"id":2058,"date":"2025-01-07T13:05:05","date_gmt":"2025-01-07T18:05:05","guid":{"rendered":"https:\/\/dev3.webadaptatifdesign.com\/?page_id=2058"},"modified":"2025-03-05T12:22:06","modified_gmt":"2025-03-05T17:22:06","slug":"cuisine","status":"publish","type":"page","link":"https:\/\/atmosphere.com\/fr\/solutions\/kitchen","title":{"rendered":"Cuisine"},"content":{"rendered":"<div data-elementor-type=\"wp-page\" data-elementor-id=\"2058\" class=\"elementor elementor-2058\" data-elementor-post-type=\"page\">\n\t\t\t\t<div class=\"elementor-element elementor-element-2e74815d e-flex e-con-boxed e-con e-parent\" data-id=\"2e74815d\" data-element_type=\"container\" data-e-type=\"container\">\n\t\t\t\t\t<div class=\"e-con-inner\">\n\t\t<div class=\"elementor-element elementor-element-3986457b e-con-full e-flex e-con e-child\" data-id=\"3986457b\" data-element_type=\"container\" data-e-type=\"container\">\n\t\t\t\t<div class=\"elementor-element elementor-element-128176e3 elementor-widget elementor-widget-heading\" data-id=\"128176e3\" data-element_type=\"widget\" data-e-type=\"widget\" data-widget_type=\"heading.default\">\n\t\t\t\t<div class=\"elementor-widget-container\">\n\t\t\t\t\t<h3 class=\"elementor-heading-title elementor-size-default\">Cuisine<\/h3>\t\t\t\t<\/div>\n\t\t\t\t<\/div>\n\t\t\t\t<div class=\"elementor-element elementor-element-4f5eb7e5 elementor-widget elementor-widget-heading\" data-id=\"4f5eb7e5\" data-element_type=\"widget\" data-e-type=\"widget\" data-widget_type=\"heading.default\">\n\t\t\t\t<div class=\"elementor-widget-container\">\n\t\t\t\t\t<h2 class=\"elementor-heading-title elementor-size-default\">R\u00e9duire les polluants ponctuels<\/h2>\t\t\t\t<\/div>\n\t\t\t\t<\/div>\n\t\t\t\t<div class=\"elementor-element elementor-element-57ce81fa elementor-widget elementor-widget-text-editor\" data-id=\"57ce81fa\" data-element_type=\"widget\" data-e-type=\"widget\" data-widget_type=\"text-editor.default\">\n\t\t\t\t<div class=\"elementor-widget-container\">\n\t\t\t\t\t\t\t\t\t<p>L'utilisation d'un ventilateur d'extraction pour \u00e9liminer les odeurs de cuisson est une m\u00e9thode efficace pour am\u00e9liorer la qualit\u00e9 de l'air int\u00e9rieur (QAI). Toutefois, dans les grandes cuisines et les postes de pr\u00e9paration des aliments, il peut \u00eatre difficile de s'attaquer aux odeurs persistantes telles que celles des oignons coup\u00e9s ou des mijoteuses. Dans ces cas, une solution simple consiste \u00e0 installer un conduit d'\u00e9vacuation reli\u00e9 \u00e0 un ventilateur en ligne, qui \u00e9limine efficacement ces odeurs.<\/p>\t\t\t\t\t\t\t\t<\/div>\n\t\t\t\t<\/div>\n\t\t\t\t<div class=\"elementor-element elementor-element-60d92c2d elementor-widget elementor-widget-image\" data-id=\"60d92c2d\" data-element_type=\"widget\" data-e-type=\"widget\" data-widget_type=\"image.default\">\n\t\t\t\t<div class=\"elementor-widget-container\">\n\t\t\t\t\t\t\t\t\t\t\t\t\t\t\t<img fetchpriority=\"high\" decoding=\"async\" width=\"800\" height=\"569\" src=\"https:\/\/atmosphere.com\/wp-content\/uploads\/KITCHEN-SOLUTION-1024x728.jpg\" class=\"attachment-large size-large wp-image-1125\" alt=\"\" srcset=\"https:\/\/atmosphere.com\/wp-content\/uploads\/KITCHEN-SOLUTION-1024x728.jpg 1024w, https:\/\/atmosphere.com\/wp-content\/uploads\/KITCHEN-SOLUTION-300x213.jpg 300w, https:\/\/atmosphere.com\/wp-content\/uploads\/KITCHEN-SOLUTION-768x546.jpg 768w, https:\/\/atmosphere.com\/wp-content\/uploads\/KITCHEN-SOLUTION.jpg 1280w\" sizes=\"(max-width: 800px) 100vw, 800px\" \/>\t\t\t\t\t\t\t\t\t\t\t\t\t\t\t<\/div>\n\t\t\t\t<\/div>\n\t\t\t\t<div class=\"elementor-element elementor-element-6f18087d elementor-widget elementor-widget-heading\" data-id=\"6f18087d\" data-element_type=\"widget\" data-e-type=\"widget\" data-widget_type=\"heading.default\">\n\t\t\t\t<div class=\"elementor-widget-container\">\n\t\t\t\t\t<h2 class=\"elementor-heading-title elementor-size-default\">Produits vedettes<\/h2>\t\t\t\t<\/div>\n\t\t\t\t<\/div>\n\t\t<div class=\"elementor-element elementor-element-6f0bd50 e-con-full e-grid e-con e-child\" data-id=\"6f0bd50\" data-element_type=\"container\" data-e-type=\"container\">\n\t\t<div class=\"elementor-element elementor-element-6d299603 e-con-full e-flex e-con e-child\" data-id=\"6d299603\" data-element_type=\"container\" data-e-type=\"container\">\n\t\t\t\t<div class=\"elementor-element elementor-element-bab1687 elementor-widget elementor-widget-image\" data-id=\"bab1687\" data-element_type=\"widget\" data-e-type=\"widget\" data-widget_type=\"image.default\">\n\t\t\t\t<div class=\"elementor-widget-container\">\n\t\t\t\t\t\t\t\t\t\t\t\t\t\t\t\t<a href=\"https:\/\/atmosphere.com\/wp-content\/uploads\/VTX800-ANGLE-RIGHT.png\" data-elementor-open-lightbox=\"yes\" data-elementor-lightbox-title=\"VTX800 ANGLE RIGHT\" data-e-action-hash=\"#elementor-action%3Aaction%3Dlightbox%26settings%3DeyJpZCI6MTQzOSwidXJsIjoiaHR0cHM6XC9cL2F0bW9zcGhlcmUuY29tXC93cC1jb250ZW50XC91cGxvYWRzXC9WVFg4MDAtQU5HTEUtUklHSFQucG5nIn0%3D\">\n\t\t\t\t\t\t\t<img decoding=\"async\" width=\"1080\" height=\"1203\" src=\"https:\/\/atmosphere.com\/wp-content\/uploads\/VTX800-ANGLE-RIGHT.png\" class=\"attachment-full size-full wp-image-1439\" alt=\"\" srcset=\"https:\/\/atmosphere.com\/wp-content\/uploads\/VTX800-ANGLE-RIGHT.png 1080w, https:\/\/atmosphere.com\/wp-content\/uploads\/VTX800-ANGLE-RIGHT-269x300.png 269w, https:\/\/atmosphere.com\/wp-content\/uploads\/VTX800-ANGLE-RIGHT-919x1024.png 919w, https:\/\/atmosphere.com\/wp-content\/uploads\/VTX800-ANGLE-RIGHT-768x855.png 768w\" sizes=\"(max-width: 1080px) 100vw, 1080px\" \/>\t\t\t\t\t\t\t\t<\/a>\n\t\t\t\t\t\t\t\t\t\t\t\t\t\t\t<\/div>\n\t\t\t\t<\/div>\n\t\t\t\t<div class=\"elementor-element elementor-element-100f79ec elementor-widget elementor-widget-heading\" data-id=\"100f79ec\" data-element_type=\"widget\" data-e-type=\"widget\" data-widget_type=\"heading.default\">\n\t\t\t\t<div class=\"elementor-widget-container\">\n\t\t\t\t\t<h2 class=\"elementor-heading-title elementor-size-default\">VTX<\/h2>\t\t\t\t<\/div>\n\t\t\t\t<\/div>\n\t\t\t\t<div class=\"elementor-element elementor-element-da18ebf elementor-widget elementor-widget-text-editor\" data-id=\"da18ebf\" data-element_type=\"widget\" data-e-type=\"widget\" data-widget_type=\"text-editor.default\">\n\t\t\t\t<div class=\"elementor-widget-container\">\n\t\t\t\t\t\t\t\t\t<p>\u00c9liminez rapidement les odeurs de nourriture gr\u00e2ce \u00e0 un ventilateur en ligne. Le montage \u00e0 distance discret permet de garder les cuisines fra\u00eeches et exemptes d'odeurs ind\u00e9sirables.<\/p>\t\t\t\t\t\t\t\t<\/div>\n\t\t\t\t<\/div>\n\t\t\t\t<div class=\"elementor-element elementor-element-54e66f8 elementor-widget elementor-widget-button\" data-id=\"54e66f8\" data-element_type=\"widget\" data-e-type=\"widget\" data-widget_type=\"button.default\">\n\t\t\t\t<div class=\"elementor-widget-container\">\n\t\t\t\t\t\t\t\t\t<div class=\"elementor-button-wrapper\">\n\t\t\t\t\t<a class=\"elementor-button elementor-button-link elementor-size-sm\" href=\"https:\/\/atmosphere.com\/fr\/serie-vtx\/\">\n\t\t\t\t\t\t<span class=\"elementor-button-content-wrapper\">\n\t\t\t\t\t\t\t\t\t<span class=\"elementor-button-text\">Voir les produits<\/span>\n\t\t\t\t\t<\/span>\n\t\t\t\t\t<\/a>\n\t\t\t\t<\/div>\n\t\t\t\t\t\t\t\t<\/div>\n\t\t\t\t<\/div>\n\t\t\t\t<\/div>\n\t\t<div class=\"elementor-element elementor-element-773bdc90 e-con-full e-flex e-con e-child\" data-id=\"773bdc90\" data-element_type=\"container\" data-e-type=\"container\">\n\t\t\t\t<div class=\"elementor-element elementor-element-1cd6e71f elementor-widget elementor-widget-image\" data-id=\"1cd6e71f\" data-element_type=\"widget\" data-e-type=\"widget\" data-widget_type=\"image.default\">\n\t\t\t\t<div class=\"elementor-widget-container\">\n\t\t\t\t\t\t\t\t\t\t\t\t\t\t\t\t<a href=\"https:\/\/atmosphere.com\/wp-content\/uploads\/ACCESSORIES.png\" data-elementor-open-lightbox=\"yes\" data-elementor-lightbox-title=\"ACCESSORIES\" data-e-action-hash=\"#elementor-action%3Aaction%3Dlightbox%26settings%3DeyJpZCI6MTEyNywidXJsIjoiaHR0cHM6XC9cL2F0bW9zcGhlcmUuY29tXC93cC1jb250ZW50XC91cGxvYWRzXC9BQ0NFU1NPUklFUy5wbmcifQ%3D%3D\">\n\t\t\t\t\t\t\t<img decoding=\"async\" width=\"1024\" height=\"960\" src=\"https:\/\/atmosphere.com\/wp-content\/uploads\/ACCESSORIES.png\" class=\"attachment-full size-full wp-image-1127\" alt=\"\" srcset=\"https:\/\/atmosphere.com\/wp-content\/uploads\/ACCESSORIES.png 1024w, https:\/\/atmosphere.com\/wp-content\/uploads\/ACCESSORIES-300x281.png 300w, https:\/\/atmosphere.com\/wp-content\/uploads\/ACCESSORIES-768x720.png 768w\" sizes=\"(max-width: 1024px) 100vw, 1024px\" \/>\t\t\t\t\t\t\t\t<\/a>\n\t\t\t\t\t\t\t\t\t\t\t\t\t\t\t<\/div>\n\t\t\t\t<\/div>\n\t\t\t\t<div class=\"elementor-element elementor-element-4f888057 elementor-widget elementor-widget-heading\" data-id=\"4f888057\" data-element_type=\"widget\" data-e-type=\"widget\" data-widget_type=\"heading.default\">\n\t\t\t\t<div class=\"elementor-widget-container\">\n\t\t\t\t\t<h2 class=\"elementor-heading-title elementor-size-default\">BDD<\/h2>\t\t\t\t<\/div>\n\t\t\t\t<\/div>\n\t\t\t\t<div class=\"elementor-element elementor-element-3172c15d elementor-widget elementor-widget-text-editor\" data-id=\"3172c15d\" data-element_type=\"widget\" data-e-type=\"widget\" data-widget_type=\"text-editor.default\">\n\t\t\t\t<div class=\"elementor-widget-container\">\n\t\t\t\t\t\t\t\t\t<p>En incorporant des lames \u00e0 ressort, les clapets antiretour garantissent que le flux d'air ne se d\u00e9place que dans une seule direction, emp\u00eachant efficacement le reflux de l'air dans le syst\u00e8me.<\/p>\t\t\t\t\t\t\t\t<\/div>\n\t\t\t\t<\/div>\n\t\t\t\t<div class=\"elementor-element elementor-element-fcc4289 elementor-widget elementor-widget-button\" data-id=\"fcc4289\" data-element_type=\"widget\" data-e-type=\"widget\" data-widget_type=\"button.default\">\n\t\t\t\t<div class=\"elementor-widget-container\">\n\t\t\t\t\t\t\t\t\t<div class=\"elementor-button-wrapper\">\n\t\t\t\t\t<a class=\"elementor-button elementor-button-link elementor-size-sm\" href=\"https:\/\/atmosphere.com\/fr\/distribution-dair\/\">\n\t\t\t\t\t\t<span class=\"elementor-button-content-wrapper\">\n\t\t\t\t\t\t\t\t\t<span class=\"elementor-button-text\">Voir les produits<\/span>\n\t\t\t\t\t<\/span>\n\t\t\t\t\t<\/a>\n\t\t\t\t<\/div>\n\t\t\t\t\t\t\t\t<\/div>\n\t\t\t\t<\/div>\n\t\t\t\t<\/div>\n\t\t<div class=\"elementor-element elementor-element-46edeac e-con-full e-flex e-con e-child\" data-id=\"46edeac\" data-element_type=\"container\" data-e-type=\"container\">\n\t\t\t\t<div class=\"elementor-element elementor-element-ef5adde elementor-widget elementor-widget-image\" data-id=\"ef5adde\" data-element_type=\"widget\" data-e-type=\"widget\" data-widget_type=\"image.default\">\n\t\t\t\t<div class=\"elementor-widget-container\">\n\t\t\t\t\t\t\t\t\t\t\t\t\t\t\t\t<a href=\"https:\/\/atmosphere.com\/wp-content\/uploads\/ATS-115-PHOTO.jpg\" data-elementor-open-lightbox=\"yes\" data-elementor-lightbox-title=\"ATS-115 PHOTO\" data-e-action-hash=\"#elementor-action%3Aaction%3Dlightbox%26settings%3DeyJpZCI6MTgyMSwidXJsIjoiaHR0cHM6XC9cL2F0bW9zcGhlcmUuY29tXC93cC1jb250ZW50XC91cGxvYWRzXC9BVFMtMTE1LVBIT1RPLmpwZyJ9\">\n\t\t\t\t\t\t\t<img loading=\"lazy\" decoding=\"async\" width=\"849\" height=\"1333\" src=\"https:\/\/atmosphere.com\/wp-content\/uploads\/ATS-115-PHOTO.jpg\" class=\"attachment-full size-full wp-image-1821\" alt=\"\" srcset=\"https:\/\/atmosphere.com\/wp-content\/uploads\/ATS-115-PHOTO.jpg 849w, https:\/\/atmosphere.com\/wp-content\/uploads\/ATS-115-PHOTO-191x300.jpg 191w, https:\/\/atmosphere.com\/wp-content\/uploads\/ATS-115-PHOTO-652x1024.jpg 652w, https:\/\/atmosphere.com\/wp-content\/uploads\/ATS-115-PHOTO-768x1206.jpg 768w\" sizes=\"(max-width: 849px) 100vw, 849px\" \/>\t\t\t\t\t\t\t\t<\/a>\n\t\t\t\t\t\t\t\t\t\t\t\t\t\t\t<\/div>\n\t\t\t\t<\/div>\n\t\t\t\t<div class=\"elementor-element elementor-element-7cc095a elementor-widget elementor-widget-heading\" data-id=\"7cc095a\" data-element_type=\"widget\" data-e-type=\"widget\" data-widget_type=\"heading.default\">\n\t\t\t\t<div class=\"elementor-widget-container\">\n\t\t\t\t\t<h2 class=\"elementor-heading-title elementor-size-default\">ATS<\/h2>\t\t\t\t<\/div>\n\t\t\t\t<\/div>\n\t\t\t\t<div class=\"elementor-element elementor-element-4831c9b elementor-widget elementor-widget-text-editor\" data-id=\"4831c9b\" data-element_type=\"widget\" data-e-type=\"widget\" data-widget_type=\"text-editor.default\">\n\t\t\t\t<div class=\"elementor-widget-container\">\n\t\t\t\t\t\t\t\t\t<p>Assurez-vous que la zone de pr\u00e9paration des aliments b\u00e9n\u00e9ficie d'une ventilation ad\u00e9quate lorsqu'elle est le plus n\u00e9cessaire. La minuterie fonctionne sur 5, 10, 30, 60 minutes, 1 et 2 heures.<\/p>\t\t\t\t\t\t\t\t<\/div>\n\t\t\t\t<\/div>\n\t\t\t\t<div class=\"elementor-element elementor-element-2a85724 elementor-widget elementor-widget-button\" data-id=\"2a85724\" data-element_type=\"widget\" data-e-type=\"widget\" data-widget_type=\"button.default\">\n\t\t\t\t<div class=\"elementor-widget-container\">\n\t\t\t\t\t\t\t\t\t<div class=\"elementor-button-wrapper\">\n\t\t\t\t\t<a class=\"elementor-button elementor-button-link elementor-size-sm\" href=\"https:\/\/atmosphere.com\/fr\/controleurs\/\">\n\t\t\t\t\t\t<span class=\"elementor-button-content-wrapper\">\n\t\t\t\t\t\t\t\t\t<span class=\"elementor-button-text\">Voir les produits<\/span>\n\t\t\t\t\t<\/span>\n\t\t\t\t\t<\/a>\n\t\t\t\t<\/div>\n\t\t\t\t\t\t\t\t<\/div>\n\t\t\t\t<\/div>\n\t\t\t\t<\/div>\n\t\t\t\t<\/div>\n\t\t\t\t<\/div>\n\t\t\t\t\t<\/div>\n\t\t\t\t<\/div>\n\t\t\t\t<\/div>","protected":false},"excerpt":{"rendered":"<p>Reduce Point Source Pollutants Using an exhaust fan to remove cooking odors is an effective method for improving indoor air quality (IAQ). However, in large kitchens and extensive food prep stations, addressing persistent smells such as cut onions or slow cooker aromas can be challenging. In these cases, a straightforward solution is to install an [&hellip;]<\/p>\n","protected":false},"author":1,"featured_media":0,"parent":2531,"menu_order":0,"comment_status":"closed","ping_status":"closed","template":"","meta":{"footnotes":""},"class_list":["post-2058","page","type-page","status-publish","hentry"],"_links":{"self":[{"href":"https:\/\/atmosphere.com\/fr\/wp-json\/wp\/v2\/pages\/2058","targetHints":{"allow":["GET"]}}],"collection":[{"href":"https:\/\/atmosphere.com\/fr\/wp-json\/wp\/v2\/pages"}],"about":[{"href":"https:\/\/atmosphere.com\/fr\/wp-json\/wp\/v2\/types\/page"}],"author":[{"embeddable":true,"href":"https:\/\/atmosphere.com\/fr\/wp-json\/wp\/v2\/users\/1"}],"replies":[{"embeddable":true,"href":"https:\/\/atmosphere.com\/fr\/wp-json\/wp\/v2\/comments?post=2058"}],"version-history":[{"count":5,"href":"https:\/\/atmosphere.com\/fr\/wp-json\/wp\/v2\/pages\/2058\/revisions"}],"predecessor-version":[{"id":3190,"href":"https:\/\/atmosphere.com\/fr\/wp-json\/wp\/v2\/pages\/2058\/revisions\/3190"}],"up":[{"embeddable":true,"href":"https:\/\/atmosphere.com\/fr\/wp-json\/wp\/v2\/pages\/2531"}],"wp:attachment":[{"href":"https:\/\/atmosphere.com\/fr\/wp-json\/wp\/v2\/media?parent=2058"}],"curies":[{"name":"wp","href":"https:\/\/api.w.org\/{rel}","templated":true}]}}