{"id":2059,"date":"2025-01-07T13:05:12","date_gmt":"2025-01-07T18:05:12","guid":{"rendered":"https:\/\/dev3.webadaptatifdesign.com\/?page_id=2059"},"modified":"2025-03-05T12:22:27","modified_gmt":"2025-03-05T17:22:27","slug":"garage","status":"publish","type":"page","link":"https:\/\/atmosphere.com\/fr\/solutions\/garage","title":{"rendered":"Garage"},"content":{"rendered":"<div data-elementor-type=\"wp-page\" data-elementor-id=\"2059\" class=\"elementor elementor-2059\" data-elementor-post-type=\"page\">\n\t\t\t\t<div class=\"elementor-element elementor-element-632c1cd4 e-flex e-con-boxed e-con e-parent\" data-id=\"632c1cd4\" data-element_type=\"container\" data-e-type=\"container\">\n\t\t\t\t\t<div class=\"e-con-inner\">\n\t\t<div class=\"elementor-element elementor-element-322d1bec e-con-full e-flex e-con e-child\" data-id=\"322d1bec\" data-element_type=\"container\" data-e-type=\"container\">\n\t\t\t\t<div class=\"elementor-element elementor-element-280cac91 elementor-widget elementor-widget-heading\" data-id=\"280cac91\" data-element_type=\"widget\" data-e-type=\"widget\" data-widget_type=\"heading.default\">\n\t\t\t\t<div class=\"elementor-widget-container\">\n\t\t\t\t\t<h3 class=\"elementor-heading-title elementor-size-default\">Garage<\/h3>\t\t\t\t<\/div>\n\t\t\t\t<\/div>\n\t\t\t\t<div class=\"elementor-element elementor-element-1f04a3c3 elementor-widget elementor-widget-heading\" data-id=\"1f04a3c3\" data-element_type=\"widget\" data-e-type=\"widget\" data-widget_type=\"heading.default\">\n\t\t\t\t<div class=\"elementor-widget-container\">\n\t\t\t\t\t<h2 class=\"elementor-heading-title elementor-size-default\">Ne laissez pas des fum\u00e9es dangereuses p\u00e9n\u00e9trer dans votre maison.<\/h2>\t\t\t\t<\/div>\n\t\t\t\t<\/div>\n\t\t\t\t<div class=\"elementor-element elementor-element-5e4d51a8 elementor-widget elementor-widget-text-editor\" data-id=\"5e4d51a8\" data-element_type=\"widget\" data-e-type=\"widget\" data-widget_type=\"text-editor.default\">\n\t\t\t\t<div class=\"elementor-widget-container\">\n\t\t\t\t\t\t\t\t\t<p>Votre garage abrite une multitude d'odeurs et de liquides que vous utilisez partout dans la maison. Mais toutes ces odeurs ne sont pas inoffensives.  \nLa qualit\u00e9 de l'air d'un garage attenant est importante car les deux principales fonctions de cet espace sont le stationnement de v\u00e9hicules \u00e9mettant des gaz d'\u00e9chappement et le stockage d'articles pouvant contenir des mati\u00e8res dangereuses. Votre garage attenant est rattach\u00e9 \u00e0 votre maison ; il a naturellement un impact sur la qualit\u00e9 de l'air et la s\u00e9curit\u00e9 du reste de votre maison.\nAtmosphere propose une solution simple qui emp\u00eache les compos\u00e9s organiques volatils (COV) dangereux et les fum\u00e9es chimiques de p\u00e9n\u00e9trer dans votre maison.<\/p>\t\t\t\t\t\t\t\t<\/div>\n\t\t\t\t<\/div>\n\t\t\t\t<div class=\"elementor-element elementor-element-4d379cf1 elementor-widget elementor-widget-image\" data-id=\"4d379cf1\" data-element_type=\"widget\" data-e-type=\"widget\" data-widget_type=\"image.default\">\n\t\t\t\t<div class=\"elementor-widget-container\">\n\t\t\t\t\t\t\t\t\t\t\t\t\t\t\t<img fetchpriority=\"high\" decoding=\"async\" width=\"800\" height=\"448\" src=\"https:\/\/atmosphere.com\/wp-content\/uploads\/GARAGE-SOLUTION-1024x574.jpg\" class=\"attachment-large size-large wp-image-1124\" alt=\"\" srcset=\"https:\/\/atmosphere.com\/wp-content\/uploads\/GARAGE-SOLUTION-1024x574.jpg 1024w, https:\/\/atmosphere.com\/wp-content\/uploads\/GARAGE-SOLUTION-300x168.jpg 300w, https:\/\/atmosphere.com\/wp-content\/uploads\/GARAGE-SOLUTION-768x430.jpg 768w, https:\/\/atmosphere.com\/wp-content\/uploads\/GARAGE-SOLUTION.jpg 1280w\" sizes=\"(max-width: 800px) 100vw, 800px\" \/>\t\t\t\t\t\t\t\t\t\t\t\t\t\t\t<\/div>\n\t\t\t\t<\/div>\n\t\t\t\t<div class=\"elementor-element elementor-element-5b0a0e33 elementor-widget elementor-widget-heading\" data-id=\"5b0a0e33\" data-element_type=\"widget\" data-e-type=\"widget\" data-widget_type=\"heading.default\">\n\t\t\t\t<div class=\"elementor-widget-container\">\n\t\t\t\t\t<h2 class=\"elementor-heading-title elementor-size-default\">Produits vedettes<\/h2>\t\t\t\t<\/div>\n\t\t\t\t<\/div>\n\t\t<div class=\"elementor-element elementor-element-859adce e-con-full e-grid e-con e-child\" data-id=\"859adce\" data-element_type=\"container\" data-e-type=\"container\">\n\t\t<div class=\"elementor-element elementor-element-e982693 e-con-full e-flex e-con e-child\" data-id=\"e982693\" data-element_type=\"container\" data-e-type=\"container\">\n\t\t\t\t<div class=\"elementor-element elementor-element-e8b7090 elementor-widget elementor-widget-image\" data-id=\"e8b7090\" data-element_type=\"widget\" data-e-type=\"widget\" data-widget_type=\"image.default\">\n\t\t\t\t<div class=\"elementor-widget-container\">\n\t\t\t\t\t\t\t\t\t\t\t\t\t\t\t\t<a href=\"https:\/\/atmosphere.com\/wp-content\/uploads\/S-600.jpg\" data-elementor-open-lightbox=\"yes\" data-elementor-lightbox-title=\"S-600\" data-e-action-hash=\"#elementor-action%3Aaction%3Dlightbox%26settings%3DeyJpZCI6MTU5NiwidXJsIjoiaHR0cHM6XC9cL2F0bW9zcGhlcmUuY29tXC93cC1jb250ZW50XC91cGxvYWRzXC9TLTYwMC5qcGcifQ%3D%3D\">\n\t\t\t\t\t\t\t<img decoding=\"async\" width=\"1440\" height=\"1380\" src=\"https:\/\/atmosphere.com\/wp-content\/uploads\/S-600.jpg\" class=\"attachment-full size-full wp-image-1596\" alt=\"\" srcset=\"https:\/\/atmosphere.com\/wp-content\/uploads\/S-600.jpg 1440w, https:\/\/atmosphere.com\/wp-content\/uploads\/S-600-300x288.jpg 300w, https:\/\/atmosphere.com\/wp-content\/uploads\/S-600-1024x981.jpg 1024w, https:\/\/atmosphere.com\/wp-content\/uploads\/S-600-768x736.jpg 768w\" sizes=\"(max-width: 1440px) 100vw, 1440px\" \/>\t\t\t\t\t\t\t\t<\/a>\n\t\t\t\t\t\t\t\t\t\t\t\t\t\t\t<\/div>\n\t\t\t\t<\/div>\n\t\t\t\t<div class=\"elementor-element elementor-element-b82c537 elementor-widget elementor-widget-heading\" data-id=\"b82c537\" data-element_type=\"widget\" data-e-type=\"widget\" data-widget_type=\"heading.default\">\n\t\t\t\t<div class=\"elementor-widget-container\">\n\t\t\t\t\t<h2 class=\"elementor-heading-title elementor-size-default\">S-600<\/h2>\t\t\t\t<\/div>\n\t\t\t\t<\/div>\n\t\t\t\t<div class=\"elementor-element elementor-element-f7e9874 elementor-widget elementor-widget-text-editor\" data-id=\"f7e9874\" data-element_type=\"widget\" data-e-type=\"widget\" data-widget_type=\"text-editor.default\">\n\t\t\t\t<div class=\"elementor-widget-container\">\n\t\t\t\t\t\t\t\t\t<p>Ce ventilateur utilise une roue motoris\u00e9e d'un seul tenant pour une performance silencieuse et sans vibration, \u00e9liminant efficacement les gaz nocifs.<\/p>\t\t\t\t\t\t\t\t<\/div>\n\t\t\t\t<\/div>\n\t\t\t\t<div class=\"elementor-element elementor-element-9f644db elementor-widget elementor-widget-button\" data-id=\"9f644db\" data-element_type=\"widget\" data-e-type=\"widget\" data-widget_type=\"button.default\">\n\t\t\t\t<div class=\"elementor-widget-container\">\n\t\t\t\t\t\t\t\t\t<div class=\"elementor-button-wrapper\">\n\t\t\t\t\t<a class=\"elementor-button elementor-button-link elementor-size-sm\" href=\"https:\/\/atmosphere.com\/fr\/ligne-de-s\/\">\n\t\t\t\t\t\t<span class=\"elementor-button-content-wrapper\">\n\t\t\t\t\t\t\t\t\t<span class=\"elementor-button-text\">Voir les produits<\/span>\n\t\t\t\t\t<\/span>\n\t\t\t\t\t<\/a>\n\t\t\t\t<\/div>\n\t\t\t\t\t\t\t\t<\/div>\n\t\t\t\t<\/div>\n\t\t\t\t<\/div>\n\t\t<div class=\"elementor-element elementor-element-ed06fd4 e-con-full e-flex e-con e-child\" data-id=\"ed06fd4\" data-element_type=\"container\" data-e-type=\"container\">\n\t\t\t\t<div class=\"elementor-element elementor-element-6672c2f elementor-widget elementor-widget-image\" data-id=\"6672c2f\" data-element_type=\"widget\" data-e-type=\"widget\" data-widget_type=\"image.default\">\n\t\t\t\t<div class=\"elementor-widget-container\">\n\t\t\t\t\t\t\t\t\t\t\t\t\t\t\t\t<a href=\"https:\/\/atmosphere.com\/wp-content\/uploads\/RAD-PHOTO-scaled.jpg\" data-elementor-open-lightbox=\"yes\" data-elementor-lightbox-title=\"RAD PHOTO\" data-e-action-hash=\"#elementor-action%3Aaction%3Dlightbox%26settings%3DeyJpZCI6MTg2NCwidXJsIjoiaHR0cHM6XC9cL2F0bW9zcGhlcmUuY29tXC93cC1jb250ZW50XC91cGxvYWRzXC9SQUQtUEhPVE8tc2NhbGVkLmpwZyJ9\">\n\t\t\t\t\t\t\t<img decoding=\"async\" width=\"2560\" height=\"1192\" src=\"https:\/\/atmosphere.com\/wp-content\/uploads\/RAD-PHOTO-scaled.jpg\" class=\"attachment-full size-full wp-image-1864\" alt=\"\" srcset=\"https:\/\/atmosphere.com\/wp-content\/uploads\/RAD-PHOTO-scaled.jpg 2560w, https:\/\/atmosphere.com\/wp-content\/uploads\/RAD-PHOTO-300x140.jpg 300w, https:\/\/atmosphere.com\/wp-content\/uploads\/RAD-PHOTO-1024x477.jpg 1024w, https:\/\/atmosphere.com\/wp-content\/uploads\/RAD-PHOTO-768x358.jpg 768w, https:\/\/atmosphere.com\/wp-content\/uploads\/RAD-PHOTO-1536x715.jpg 1536w, https:\/\/atmosphere.com\/wp-content\/uploads\/RAD-PHOTO-2048x954.jpg 2048w\" sizes=\"(max-width: 2560px) 100vw, 2560px\" \/>\t\t\t\t\t\t\t\t<\/a>\n\t\t\t\t\t\t\t\t\t\t\t\t\t\t\t<\/div>\n\t\t\t\t<\/div>\n\t\t\t\t<div class=\"elementor-element elementor-element-c488de9 elementor-widget elementor-widget-heading\" data-id=\"c488de9\" data-element_type=\"widget\" data-e-type=\"widget\" data-widget_type=\"heading.default\">\n\t\t\t\t<div class=\"elementor-widget-container\">\n\t\t\t\t\t<h2 class=\"elementor-heading-title elementor-size-default\">RAD<\/h2>\t\t\t\t<\/div>\n\t\t\t\t<\/div>\n\t\t\t\t<div class=\"elementor-element elementor-element-19950d7 elementor-widget elementor-widget-text-editor\" data-id=\"19950d7\" data-element_type=\"widget\" data-e-type=\"widget\" data-widget_type=\"text-editor.default\">\n\t\t\t\t<div class=\"elementor-widget-container\">\n\t\t\t\t\t\t\t\t\t<p>Double flux : alimentation ou \u00e9vacuation d'air silencieuse avec \u00e9crou de blocage pour r\u00e9gler pr\u00e9cis\u00e9ment le flux d'air de 0 \u00e0 100%.<\/p>\t\t\t\t\t\t\t\t<\/div>\n\t\t\t\t<\/div>\n\t\t\t\t<div class=\"elementor-element elementor-element-5c5862c elementor-widget elementor-widget-button\" data-id=\"5c5862c\" data-element_type=\"widget\" data-e-type=\"widget\" data-widget_type=\"button.default\">\n\t\t\t\t<div class=\"elementor-widget-container\">\n\t\t\t\t\t\t\t\t\t<div class=\"elementor-button-wrapper\">\n\t\t\t\t\t<a class=\"elementor-button elementor-button-link elementor-size-sm\" href=\"https:\/\/atmosphere.com\/fr\/distribution-dair\/\">\n\t\t\t\t\t\t<span class=\"elementor-button-content-wrapper\">\n\t\t\t\t\t\t\t\t\t<span class=\"elementor-button-text\">Voir les produits<\/span>\n\t\t\t\t\t<\/span>\n\t\t\t\t\t<\/a>\n\t\t\t\t<\/div>\n\t\t\t\t\t\t\t\t<\/div>\n\t\t\t\t<\/div>\n\t\t\t\t<\/div>\n\t\t<div class=\"elementor-element elementor-element-e747e07 e-con-full e-flex e-con e-child\" data-id=\"e747e07\" data-element_type=\"container\" data-e-type=\"container\">\n\t\t\t\t<div class=\"elementor-element elementor-element-2a25a7a elementor-widget elementor-widget-image\" data-id=\"2a25a7a\" data-element_type=\"widget\" data-e-type=\"widget\" data-widget_type=\"image.default\">\n\t\t\t\t<div class=\"elementor-widget-container\">\n\t\t\t\t\t\t\t\t\t\t\t\t\t\t\t\t<a href=\"https:\/\/atmosphere.com\/wp-content\/uploads\/ATS-115-PHOTO.jpg\" data-elementor-open-lightbox=\"yes\" data-elementor-lightbox-title=\"ATS-115 PHOTO\" data-e-action-hash=\"#elementor-action%3Aaction%3Dlightbox%26settings%3DeyJpZCI6MTgyMSwidXJsIjoiaHR0cHM6XC9cL2F0bW9zcGhlcmUuY29tXC93cC1jb250ZW50XC91cGxvYWRzXC9BVFMtMTE1LVBIT1RPLmpwZyJ9\">\n\t\t\t\t\t\t\t<img loading=\"lazy\" decoding=\"async\" width=\"849\" height=\"1333\" src=\"https:\/\/atmosphere.com\/wp-content\/uploads\/ATS-115-PHOTO.jpg\" class=\"attachment-full size-full wp-image-1821\" alt=\"\" srcset=\"https:\/\/atmosphere.com\/wp-content\/uploads\/ATS-115-PHOTO.jpg 849w, https:\/\/atmosphere.com\/wp-content\/uploads\/ATS-115-PHOTO-191x300.jpg 191w, https:\/\/atmosphere.com\/wp-content\/uploads\/ATS-115-PHOTO-652x1024.jpg 652w, https:\/\/atmosphere.com\/wp-content\/uploads\/ATS-115-PHOTO-768x1206.jpg 768w\" sizes=\"(max-width: 849px) 100vw, 849px\" \/>\t\t\t\t\t\t\t\t<\/a>\n\t\t\t\t\t\t\t\t\t\t\t\t\t\t\t<\/div>\n\t\t\t\t<\/div>\n\t\t\t\t<div class=\"elementor-element elementor-element-abe624c elementor-widget elementor-widget-heading\" data-id=\"abe624c\" data-element_type=\"widget\" data-e-type=\"widget\" data-widget_type=\"heading.default\">\n\t\t\t\t<div class=\"elementor-widget-container\">\n\t\t\t\t\t<h2 class=\"elementor-heading-title elementor-size-default\">AVR-5-115<\/h2>\t\t\t\t<\/div>\n\t\t\t\t<\/div>\n\t\t\t\t<div class=\"elementor-element elementor-element-cd405c9 elementor-widget elementor-widget-text-editor\" data-id=\"cd405c9\" data-element_type=\"widget\" data-e-type=\"widget\" data-widget_type=\"text-editor.default\">\n\t\t\t\t<div class=\"elementor-widget-container\">\n\t\t\t\t\t\t\t\t\t<p>Pour garantir le bon fonctionnement des ventilateurs dans un garage et \u00e9liminer efficacement les gaz nocifs, vous pouvez utiliser une minuterie sp\u00e9cialement con\u00e7ue pour les syst\u00e8mes de ventilation.<\/p>\t\t\t\t\t\t\t\t<\/div>\n\t\t\t\t<\/div>\n\t\t\t\t<div class=\"elementor-element elementor-element-accaa21 elementor-widget elementor-widget-button\" data-id=\"accaa21\" data-element_type=\"widget\" data-e-type=\"widget\" data-widget_type=\"button.default\">\n\t\t\t\t<div class=\"elementor-widget-container\">\n\t\t\t\t\t\t\t\t\t<div class=\"elementor-button-wrapper\">\n\t\t\t\t\t<a class=\"elementor-button elementor-button-link elementor-size-sm\" href=\"https:\/\/atmosphere.com\/fr\/controleurs\/\">\n\t\t\t\t\t\t<span class=\"elementor-button-content-wrapper\">\n\t\t\t\t\t\t\t\t\t<span class=\"elementor-button-text\">Voir les produits<\/span>\n\t\t\t\t\t<\/span>\n\t\t\t\t\t<\/a>\n\t\t\t\t<\/div>\n\t\t\t\t\t\t\t\t<\/div>\n\t\t\t\t<\/div>\n\t\t\t\t<\/div>\n\t\t\t\t<\/div>\n\t\t\t\t<\/div>\n\t\t\t\t\t<\/div>\n\t\t\t\t<\/div>\n\t\t\t\t<\/div>","protected":false},"excerpt":{"rendered":"<p>Don&#8217;t let dangerous fumes roll their way into your home. Your garage is a home to a plethora of smells and liquids that you use all over your house. Not all of these smells are harmless though.\u00a0Attached garage air quality matters because the space&#8217;s two main purposes are for parking emission-releasing vehicles and storing items [&hellip;]<\/p>\n","protected":false},"author":1,"featured_media":0,"parent":2531,"menu_order":0,"comment_status":"closed","ping_status":"closed","template":"","meta":{"footnotes":""},"class_list":["post-2059","page","type-page","status-publish","hentry"],"_links":{"self":[{"href":"https:\/\/atmosphere.com\/fr\/wp-json\/wp\/v2\/pages\/2059","targetHints":{"allow":["GET"]}}],"collection":[{"href":"https:\/\/atmosphere.com\/fr\/wp-json\/wp\/v2\/pages"}],"about":[{"href":"https:\/\/atmosphere.com\/fr\/wp-json\/wp\/v2\/types\/page"}],"author":[{"embeddable":true,"href":"https:\/\/atmosphere.com\/fr\/wp-json\/wp\/v2\/users\/1"}],"replies":[{"embeddable":true,"href":"https:\/\/atmosphere.com\/fr\/wp-json\/wp\/v2\/comments?post=2059"}],"version-history":[{"count":5,"href":"https:\/\/atmosphere.com\/fr\/wp-json\/wp\/v2\/pages\/2059\/revisions"}],"predecessor-version":[{"id":3196,"href":"https:\/\/atmosphere.com\/fr\/wp-json\/wp\/v2\/pages\/2059\/revisions\/3196"}],"up":[{"embeddable":true,"href":"https:\/\/atmosphere.com\/fr\/wp-json\/wp\/v2\/pages\/2531"}],"wp:attachment":[{"href":"https:\/\/atmosphere.com\/fr\/wp-json\/wp\/v2\/media?parent=2059"}],"curies":[{"name":"wp","href":"https:\/\/api.w.org\/{rel}","templated":true}]}}