{"id":2271,"date":"2025-01-13T15:41:35","date_gmt":"2025-01-13T20:41:35","guid":{"rendered":"https:\/\/dev3.webadaptatifdesign.com\/?page_id=2271"},"modified":"2025-03-05T11:56:07","modified_gmt":"2025-03-05T16:56:07","slug":"ventilateurs-en-ligne","status":"publish","type":"page","link":"https:\/\/atmosphere.com\/fr\/inline-fans","title":{"rendered":"Ventilateurs en ligne"},"content":{"rendered":"<div data-elementor-type=\"wp-page\" data-elementor-id=\"2271\" class=\"elementor elementor-2271\" data-elementor-post-type=\"page\">\n\t\t\t\t<div class=\"elementor-element elementor-element-053426e e-flex e-con-boxed e-con e-parent\" data-id=\"053426e\" data-element_type=\"container\" data-e-type=\"container\">\n\t\t\t\t\t<div class=\"e-con-inner\">\n\t\t\t\t<div class=\"elementor-element elementor-element-d2481f1 elementor-widget elementor-widget-heading\" data-id=\"d2481f1\" data-element_type=\"widget\" data-e-type=\"widget\" data-widget_type=\"heading.default\">\n\t\t\t\t<div class=\"elementor-widget-container\">\n\t\t\t\t\t<h3 class=\"elementor-heading-title elementor-size-default\">ventilateurs en ligne<\/h3>\t\t\t\t<\/div>\n\t\t\t\t<\/div>\n\t\t<div class=\"elementor-element elementor-element-2473c3e e-con-full e-flex e-con e-child\" data-id=\"2473c3e\" data-element_type=\"container\" data-e-type=\"container\">\n\t\t<div class=\"elementor-element elementor-element-05fc97e e-con-full e-flex e-con e-child\" data-id=\"05fc97e\" data-element_type=\"container\" data-e-type=\"container\">\n\t\t<div class=\"elementor-element elementor-element-1c26c67 e-con-full e-flex e-con e-child\" data-id=\"1c26c67\" data-element_type=\"container\" data-e-type=\"container\">\n\t\t<div class=\"elementor-element elementor-element-4243eab e-con-full e-flex e-con e-child\" data-id=\"4243eab\" data-element_type=\"container\" data-e-type=\"container\">\n\t\t\t\t<div class=\"elementor-element elementor-element-72e9705 elementor-widget__width-initial elementor-widget elementor-widget-heading\" data-id=\"72e9705\" data-element_type=\"widget\" data-e-type=\"widget\" data-widget_type=\"heading.default\">\n\t\t\t\t<div class=\"elementor-widget-container\">\n\t\t\t\t\t<h2 class=\"elementor-heading-title elementor-size-default\"><a href=\"https:\/\/atmosphere.com\/fr\/serie-vtx\/\">S\u00c9RIE VTX<\/a><\/h2>\t\t\t\t<\/div>\n\t\t\t\t<\/div>\n\t\t\t\t<div class=\"elementor-element elementor-element-a793c12 elementor-widget-divider--view-line elementor-widget elementor-widget-divider\" data-id=\"a793c12\" data-element_type=\"widget\" data-e-type=\"widget\" data-widget_type=\"divider.default\">\n\t\t\t\t<div class=\"elementor-widget-container\">\n\t\t\t\t\t\t\t<div class=\"elementor-divider\">\n\t\t\t<span class=\"elementor-divider-separator\">\n\t\t\t\t\t\t<\/span>\n\t\t<\/div>\n\t\t\t\t\t\t<\/div>\n\t\t\t\t<\/div>\n\t\t\t\t<\/div>\n\t\t\t\t<\/div>\n\t\t<div class=\"elementor-element elementor-element-5565ab0 e-con-full e-flex e-con e-child\" data-id=\"5565ab0\" data-element_type=\"container\" data-e-type=\"container\">\n\t\t<div class=\"elementor-element elementor-element-5451c54 e-con-full e-flex e-con e-child\" data-id=\"5451c54\" data-element_type=\"container\" data-e-type=\"container\">\n\t\t\t\t<div class=\"elementor-element elementor-element-4887698 elementor-widget elementor-widget-image\" data-id=\"4887698\" data-element_type=\"widget\" data-e-type=\"widget\" data-widget_type=\"image.default\">\n\t\t\t\t<div class=\"elementor-widget-container\">\n\t\t\t\t\t\t\t\t\t\t\t\t\t\t\t\t<a href=\"https:\/\/atmosphere.com\/fr\/serie-vtx\/\">\n\t\t\t\t\t\t\t<img fetchpriority=\"high\" decoding=\"async\" width=\"800\" height=\"516\" src=\"https:\/\/atmosphere.com\/wp-content\/uploads\/VTX-GROUPED-01.png\" class=\"attachment-large size-large wp-image-1215\" alt=\"\" srcset=\"https:\/\/atmosphere.com\/wp-content\/uploads\/VTX-GROUPED-01.png 1024w, https:\/\/atmosphere.com\/wp-content\/uploads\/VTX-GROUPED-01-300x193.png 300w, https:\/\/atmosphere.com\/wp-content\/uploads\/VTX-GROUPED-01-768x495.png 768w\" sizes=\"(max-width: 800px) 100vw, 800px\" \/>\t\t\t\t\t\t\t\t<\/a>\n\t\t\t\t\t\t\t\t\t\t\t\t\t\t\t<\/div>\n\t\t\t\t<\/div>\n\t\t\t\t<\/div>\n\t\t<div class=\"elementor-element elementor-element-6892de6 e-con-full e-flex e-con e-child\" data-id=\"6892de6\" data-element_type=\"container\" data-e-type=\"container\">\n\t\t\t\t<div class=\"elementor-element elementor-element-645d807 elementor-widget elementor-widget-text-editor\" data-id=\"645d807\" data-element_type=\"widget\" data-e-type=\"widget\" data-widget_type=\"text-editor.default\">\n\t\t\t\t<div class=\"elementor-widget-container\">\n\t\t\t\t\t\t\t\t\t<p>Lors de la conception de ces ventilateurs pour conduits en ligne, la fiabilit\u00e9 et l'efficacit\u00e9 \u00e9taient les principaux objectifs. Son moteur plus puissant, combin\u00e9 \u00e0 sa forme a\u00e9rodynamique, fait du Vortex Powerfan le chef de file de sa cat\u00e9gorie en mati\u00e8re de performance. Fabriqu\u00e9s au Canada par Atmosphere, ces ventilateurs en ligne haute performance sont construits en acier de qualit\u00e9 sup\u00e9rieure et recouverts d'une couche de peinture en poudre de couleur grise martel\u00e9e. Les moteurs \u00e9quilibr\u00e9s et \u00e0 vitesse r\u00e9glable, munis de roulements \u00e0 billes lubrifi\u00e9s en permanence, assurent un fonctionnement sans vibration. Jamais vue dans l'industrie de la ventilation, la s\u00e9rie Vortex Powerfan VTX est assortie d'une garantie de 10 ans.<\/p>\t\t\t\t\t\t\t\t<\/div>\n\t\t\t\t<\/div>\n\t\t\t\t<\/div>\n\t\t\t\t<\/div>\n\t\t\t\t<\/div>\n\t\t<div class=\"elementor-element elementor-element-5a46ec0 e-con-full e-flex e-con e-child\" data-id=\"5a46ec0\" data-element_type=\"container\" data-e-type=\"container\">\n\t\t<div class=\"elementor-element elementor-element-7dc5c33 e-con-full e-flex e-con e-child\" data-id=\"7dc5c33\" data-element_type=\"container\" data-e-type=\"container\">\n\t\t<div class=\"elementor-element elementor-element-64f94c8 e-con-full e-flex e-con e-child\" data-id=\"64f94c8\" data-element_type=\"container\" data-e-type=\"container\">\n\t\t\t\t<div class=\"elementor-element elementor-element-4daba8a elementor-widget__width-initial elementor-widget elementor-widget-heading\" data-id=\"4daba8a\" data-element_type=\"widget\" data-e-type=\"widget\" data-widget_type=\"heading.default\">\n\t\t\t\t<div class=\"elementor-widget-container\">\n\t\t\t\t\t<h2 class=\"elementor-heading-title elementor-size-default\"><a href=\"https:\/\/atmosphere.com\/fr\/ligne-de-s\/\">S-LINE<\/a><\/h2>\t\t\t\t<\/div>\n\t\t\t\t<\/div>\n\t\t\t\t<div class=\"elementor-element elementor-element-aeb3fb0 elementor-widget-divider--view-line elementor-widget elementor-widget-divider\" data-id=\"aeb3fb0\" data-element_type=\"widget\" data-e-type=\"widget\" data-widget_type=\"divider.default\">\n\t\t\t\t<div class=\"elementor-widget-container\">\n\t\t\t\t\t\t\t<div class=\"elementor-divider\">\n\t\t\t<span class=\"elementor-divider-separator\">\n\t\t\t\t\t\t<\/span>\n\t\t<\/div>\n\t\t\t\t\t\t<\/div>\n\t\t\t\t<\/div>\n\t\t\t\t<\/div>\n\t\t\t\t<\/div>\n\t\t<div class=\"elementor-element elementor-element-7da67d3 e-con-full e-flex e-con e-child\" data-id=\"7da67d3\" data-element_type=\"container\" data-e-type=\"container\">\n\t\t<div class=\"elementor-element elementor-element-645d5d6 e-con-full e-flex e-con e-child\" data-id=\"645d5d6\" data-element_type=\"container\" data-e-type=\"container\">\n\t\t\t\t<div class=\"elementor-element elementor-element-83f0c73 elementor-widget elementor-widget-image\" data-id=\"83f0c73\" data-element_type=\"widget\" data-e-type=\"widget\" data-widget_type=\"image.default\">\n\t\t\t\t<div class=\"elementor-widget-container\">\n\t\t\t\t\t\t\t\t\t\t\t\t\t\t\t\t<a href=\"https:\/\/atmosphere.com\/fr\/ligne-de-s\/\">\n\t\t\t\t\t\t\t<img decoding=\"async\" width=\"800\" height=\"307\" src=\"https:\/\/atmosphere.com\/wp-content\/uploads\/S-LINE-GROUPED-ALL-1024x393.jpg\" class=\"attachment-large size-large wp-image-1599\" alt=\"\" srcset=\"https:\/\/atmosphere.com\/wp-content\/uploads\/S-LINE-GROUPED-ALL-1024x393.jpg 1024w, https:\/\/atmosphere.com\/wp-content\/uploads\/S-LINE-GROUPED-ALL-300x115.jpg 300w, https:\/\/atmosphere.com\/wp-content\/uploads\/S-LINE-GROUPED-ALL-768x295.jpg 768w, https:\/\/atmosphere.com\/wp-content\/uploads\/S-LINE-GROUPED-ALL.jpg 1440w\" sizes=\"(max-width: 800px) 100vw, 800px\" \/>\t\t\t\t\t\t\t\t<\/a>\n\t\t\t\t\t\t\t\t\t\t\t\t\t\t\t<\/div>\n\t\t\t\t<\/div>\n\t\t\t\t<\/div>\n\t\t<div class=\"elementor-element elementor-element-7604432 e-con-full e-flex e-con e-child\" data-id=\"7604432\" data-element_type=\"container\" data-e-type=\"container\">\n\t\t\t\t<div class=\"elementor-element elementor-element-2e92cbb elementor-widget elementor-widget-text-editor\" data-id=\"2e92cbb\" data-element_type=\"widget\" data-e-type=\"widget\" data-widget_type=\"text-editor.default\">\n\t\t\t\t<div class=\"elementor-widget-container\">\n\t\t\t\t\t\t\t\t\t<p>Les personnes qui con\u00e7oivent et fabriquent les ventilateurs ont \u00e9galement besoin d'un mod\u00e8le \u00e0 suivre. D'aspirer \u00e0 quelque chose. Depuis 16 ans, le Vortex Powerfan est cette ic\u00f4ne. Une vitrine de ce qui se fait de mieux en mati\u00e8re de conception, de technologie et de performance. Tout ce qu'un ventilateur peut \u00eatre. La ligne S. Diff\u00e9rente de toutes les autres.<\/p>\t\t\t\t\t\t\t\t<\/div>\n\t\t\t\t<\/div>\n\t\t\t\t<\/div>\n\t\t\t\t<\/div>\n\t\t\t\t<\/div>\n\t\t<div class=\"elementor-element elementor-element-d6b8c4f e-con-full e-flex e-con e-child\" data-id=\"d6b8c4f\" data-element_type=\"container\" data-e-type=\"container\">\n\t\t<div class=\"elementor-element elementor-element-47d7857 e-con-full e-flex e-con e-child\" data-id=\"47d7857\" data-element_type=\"container\" data-e-type=\"container\">\n\t\t<div class=\"elementor-element elementor-element-aa367c7 e-con-full e-flex e-con e-child\" data-id=\"aa367c7\" data-element_type=\"container\" data-e-type=\"container\">\n\t\t\t\t<div class=\"elementor-element elementor-element-88c4f38 elementor-widget__width-initial elementor-widget elementor-widget-heading\" data-id=\"88c4f38\" data-element_type=\"widget\" data-e-type=\"widget\" data-widget_type=\"heading.default\">\n\t\t\t\t<div class=\"elementor-widget-container\">\n\t\t\t\t\t<h2 class=\"elementor-heading-title elementor-size-default\"><a href=\"https:\/\/atmosphere.com\/fr\/serie-v\/\">S\u00e9rie V<\/a><\/h2>\t\t\t\t<\/div>\n\t\t\t\t<\/div>\n\t\t\t\t<div class=\"elementor-element elementor-element-3ad2740 elementor-widget-divider--view-line elementor-widget elementor-widget-divider\" data-id=\"3ad2740\" data-element_type=\"widget\" data-e-type=\"widget\" data-widget_type=\"divider.default\">\n\t\t\t\t<div class=\"elementor-widget-container\">\n\t\t\t\t\t\t\t<div class=\"elementor-divider\">\n\t\t\t<span class=\"elementor-divider-separator\">\n\t\t\t\t\t\t<\/span>\n\t\t<\/div>\n\t\t\t\t\t\t<\/div>\n\t\t\t\t<\/div>\n\t\t\t\t<\/div>\n\t\t\t\t<\/div>\n\t\t<div class=\"elementor-element elementor-element-69bc77b e-con-full e-flex e-con e-child\" data-id=\"69bc77b\" data-element_type=\"container\" data-e-type=\"container\">\n\t\t<div class=\"elementor-element elementor-element-bbf93bd e-con-full e-flex e-con e-child\" data-id=\"bbf93bd\" data-element_type=\"container\" data-e-type=\"container\">\n\t\t\t\t<div class=\"elementor-element elementor-element-e011206 elementor-widget elementor-widget-image\" data-id=\"e011206\" data-element_type=\"widget\" data-e-type=\"widget\" data-widget_type=\"image.default\">\n\t\t\t\t<div class=\"elementor-widget-container\">\n\t\t\t\t\t\t\t\t\t\t\t\t\t\t\t\t<a href=\"https:\/\/atmosphere.com\/fr\/serie-v\/\">\n\t\t\t\t\t\t\t<img decoding=\"async\" width=\"800\" height=\"345\" src=\"https:\/\/atmosphere.com\/wp-content\/uploads\/V-SERIES-GROUPED-ALL.jpg\" class=\"attachment-large size-large wp-image-1544\" alt=\"\" srcset=\"https:\/\/atmosphere.com\/wp-content\/uploads\/V-SERIES-GROUPED-ALL.jpg 1024w, https:\/\/atmosphere.com\/wp-content\/uploads\/V-SERIES-GROUPED-ALL-300x129.jpg 300w, https:\/\/atmosphere.com\/wp-content\/uploads\/V-SERIES-GROUPED-ALL-768x331.jpg 768w\" sizes=\"(max-width: 800px) 100vw, 800px\" \/>\t\t\t\t\t\t\t\t<\/a>\n\t\t\t\t\t\t\t\t\t\t\t\t\t\t\t<\/div>\n\t\t\t\t<\/div>\n\t\t\t\t<\/div>\n\t\t<div class=\"elementor-element elementor-element-352698d e-con-full e-flex e-con e-child\" data-id=\"352698d\" data-element_type=\"container\" data-e-type=\"container\">\n\t\t\t\t<div class=\"elementor-element elementor-element-68c5e17 elementor-widget elementor-widget-text-editor\" data-id=\"68c5e17\" data-element_type=\"widget\" data-e-type=\"widget\" data-widget_type=\"text-editor.default\">\n\t\t\t\t<div class=\"elementor-widget-container\">\n\t\t\t\t\t\t\t\t\t<p>Les ventilateurs Vortex Powerfans V-Series d'Atmosphere allient hautes performances et fonctionnement silencieux. Ces ventilateurs sont \u00e9quip\u00e9s d'une roue \u00e0 flux mixte permettant un volume d'air plus important que tout autre mod\u00e8le de roue comparable. De plus, les ventilateurs de la s\u00e9rie V fonctionnent \u00e0 un r\u00e9gime inf\u00e9rieur (1500 \u00e0 1700 RPM), ce qui les rend encore plus silencieux. Ces ventilateurs sont disponibles dans des configurations de 12\u2033, 14\u2033 et 16\u2033, allant de 2050 \u00e0 4515 CFM.<\/p>\t\t\t\t\t\t\t\t<\/div>\n\t\t\t\t<\/div>\n\t\t\t\t<\/div>\n\t\t\t\t<\/div>\n\t\t\t\t<\/div>\n\t\t<div class=\"elementor-element elementor-element-df52325 e-con-full e-flex e-con e-child\" data-id=\"df52325\" data-element_type=\"container\" data-e-type=\"container\">\n\t\t<div class=\"elementor-element elementor-element-142bc6e e-con-full e-flex e-con e-child\" data-id=\"142bc6e\" data-element_type=\"container\" data-e-type=\"container\">\n\t\t<div class=\"elementor-element elementor-element-c61bdc1 e-con-full e-flex e-con e-child\" data-id=\"c61bdc1\" data-element_type=\"container\" data-e-type=\"container\">\n\t\t\t\t<div class=\"elementor-element elementor-element-cab1ce3 elementor-widget__width-initial elementor-widget elementor-widget-heading\" data-id=\"cab1ce3\" data-element_type=\"widget\" data-e-type=\"widget\" data-widget_type=\"heading.default\">\n\t\t\t\t<div class=\"elementor-widget-container\">\n\t\t\t\t\t<h2 class=\"elementor-heading-title elementor-size-default\"><a href=\"https:\/\/atmosphere.com\/fr\/serie-bc\/\">S\u00e9rie BC<\/a><\/h2>\t\t\t\t<\/div>\n\t\t\t\t<\/div>\n\t\t\t\t<div class=\"elementor-element elementor-element-38dc8e6 elementor-widget-divider--view-line elementor-widget elementor-widget-divider\" data-id=\"38dc8e6\" data-element_type=\"widget\" data-e-type=\"widget\" data-widget_type=\"divider.default\">\n\t\t\t\t<div class=\"elementor-widget-container\">\n\t\t\t\t\t\t\t<div class=\"elementor-divider\">\n\t\t\t<span class=\"elementor-divider-separator\">\n\t\t\t\t\t\t<\/span>\n\t\t<\/div>\n\t\t\t\t\t\t<\/div>\n\t\t\t\t<\/div>\n\t\t\t\t<\/div>\n\t\t\t\t<\/div>\n\t\t<div class=\"elementor-element elementor-element-6a26573 e-con-full e-flex e-con e-child\" data-id=\"6a26573\" data-element_type=\"container\" data-e-type=\"container\">\n\t\t<div class=\"elementor-element elementor-element-f5d5014 e-con-full e-flex e-con e-child\" data-id=\"f5d5014\" data-element_type=\"container\" data-e-type=\"container\">\n\t\t\t\t<div class=\"elementor-element elementor-element-8019883 elementor-widget elementor-widget-image\" data-id=\"8019883\" data-element_type=\"widget\" data-e-type=\"widget\" data-widget_type=\"image.default\">\n\t\t\t\t<div class=\"elementor-widget-container\">\n\t\t\t\t\t\t\t\t\t\t\t\t\t\t\t\t<a href=\"https:\/\/atmosphere.com\/fr\/serie-bc\/\">\n\t\t\t\t\t\t\t<img loading=\"lazy\" decoding=\"async\" width=\"800\" height=\"302\" src=\"https:\/\/atmosphere.com\/wp-content\/uploads\/BC-GROUPED_-1024x386.jpg\" class=\"attachment-large size-large wp-image-1657\" alt=\"\" srcset=\"https:\/\/atmosphere.com\/wp-content\/uploads\/BC-GROUPED_-1024x386.jpg 1024w, https:\/\/atmosphere.com\/wp-content\/uploads\/BC-GROUPED_-300x113.jpg 300w, https:\/\/atmosphere.com\/wp-content\/uploads\/BC-GROUPED_-768x290.jpg 768w, https:\/\/atmosphere.com\/wp-content\/uploads\/BC-GROUPED_-1536x579.jpg 1536w, https:\/\/atmosphere.com\/wp-content\/uploads\/BC-GROUPED_-2048x772.jpg 2048w\" sizes=\"(max-width: 800px) 100vw, 800px\" \/>\t\t\t\t\t\t\t\t<\/a>\n\t\t\t\t\t\t\t\t\t\t\t\t\t\t\t<\/div>\n\t\t\t\t<\/div>\n\t\t\t\t<\/div>\n\t\t<div class=\"elementor-element elementor-element-ad6c4fb e-con-full e-flex e-con e-child\" data-id=\"ad6c4fb\" data-element_type=\"container\" data-e-type=\"container\">\n\t\t\t\t<div class=\"elementor-element elementor-element-7ca232a elementor-widget elementor-widget-text-editor\" data-id=\"7ca232a\" data-element_type=\"widget\" data-e-type=\"widget\" data-widget_type=\"text-editor.default\">\n\t\t\t\t<div class=\"elementor-widget-container\">\n\t\t\t\t\t\t\t\t\t<p>\u00c9quip\u00e9 d'une roue \u00e0 courbe invers\u00e9e, le Vortex Powerfan BC Series est disponible dans des tailles allant de 4\u2033 \u00e0 12\u2033 et peut d\u00e9velopper jusqu'\u00e0 1010 CFM. Chaque mod\u00e8le est con\u00e7u pour \u00eatre raccord\u00e9 \u00e0 un conduit rond standard.<\/p>\t\t\t\t\t\t\t\t<\/div>\n\t\t\t\t<\/div>\n\t\t\t\t<\/div>\n\t\t\t\t<\/div>\n\t\t\t\t<\/div>\n\t\t<div class=\"elementor-element elementor-element-958438f e-con-full e-flex e-con e-child\" data-id=\"958438f\" data-element_type=\"container\" data-e-type=\"container\">\n\t\t<div class=\"elementor-element elementor-element-fd606b9 e-con-full e-flex e-con e-child\" data-id=\"fd606b9\" data-element_type=\"container\" data-e-type=\"container\">\n\t\t<div class=\"elementor-element elementor-element-acd5358 e-con-full e-flex e-con e-child\" data-id=\"acd5358\" data-element_type=\"container\" data-e-type=\"container\">\n\t\t\t\t<div class=\"elementor-element elementor-element-0006e4a elementor-widget__width-initial elementor-widget elementor-widget-heading\" data-id=\"0006e4a\" data-element_type=\"widget\" data-e-type=\"widget\" data-widget_type=\"heading.default\">\n\t\t\t\t<div class=\"elementor-widget-container\">\n\t\t\t\t\t<h2 class=\"elementor-heading-title elementor-size-default\"><a href=\"https:\/\/atmosphere.com\/fr\/serie-vmf\/\">S\u00c9RIE VMF<\/a><\/h2>\t\t\t\t<\/div>\n\t\t\t\t<\/div>\n\t\t\t\t<div class=\"elementor-element elementor-element-6b0d0b8 elementor-widget-divider--view-line elementor-widget elementor-widget-divider\" data-id=\"6b0d0b8\" data-element_type=\"widget\" data-e-type=\"widget\" data-widget_type=\"divider.default\">\n\t\t\t\t<div class=\"elementor-widget-container\">\n\t\t\t\t\t\t\t<div class=\"elementor-divider\">\n\t\t\t<span class=\"elementor-divider-separator\">\n\t\t\t\t\t\t<\/span>\n\t\t<\/div>\n\t\t\t\t\t\t<\/div>\n\t\t\t\t<\/div>\n\t\t\t\t<\/div>\n\t\t\t\t<\/div>\n\t\t<div class=\"elementor-element elementor-element-b2e509b e-con-full e-flex e-con e-child\" data-id=\"b2e509b\" data-element_type=\"container\" data-e-type=\"container\">\n\t\t<div class=\"elementor-element elementor-element-4bdaa92 e-con-full e-flex e-con e-child\" data-id=\"4bdaa92\" data-element_type=\"container\" data-e-type=\"container\">\n\t\t\t\t<div class=\"elementor-element elementor-element-52695b5 elementor-widget elementor-widget-image\" data-id=\"52695b5\" data-element_type=\"widget\" data-e-type=\"widget\" data-widget_type=\"image.default\">\n\t\t\t\t<div class=\"elementor-widget-container\">\n\t\t\t\t\t\t\t\t\t\t\t\t\t\t\t\t<a href=\"https:\/\/atmosphere.com\/fr\/serie-vmf\/\">\n\t\t\t\t\t\t\t<img loading=\"lazy\" decoding=\"async\" width=\"800\" height=\"352\" src=\"https:\/\/atmosphere.com\/wp-content\/uploads\/VMF-GROUPED-ALL-1024x451.jpg\" class=\"attachment-large size-large wp-image-1666\" alt=\"\" srcset=\"https:\/\/atmosphere.com\/wp-content\/uploads\/VMF-GROUPED-ALL-1024x451.jpg 1024w, https:\/\/atmosphere.com\/wp-content\/uploads\/VMF-GROUPED-ALL-300x132.jpg 300w, https:\/\/atmosphere.com\/wp-content\/uploads\/VMF-GROUPED-ALL-768x338.jpg 768w, https:\/\/atmosphere.com\/wp-content\/uploads\/VMF-GROUPED-ALL-1536x677.jpg 1536w, https:\/\/atmosphere.com\/wp-content\/uploads\/VMF-GROUPED-ALL-2048x903.jpg 2048w\" sizes=\"(max-width: 800px) 100vw, 800px\" \/>\t\t\t\t\t\t\t\t<\/a>\n\t\t\t\t\t\t\t\t\t\t\t\t\t\t\t<\/div>\n\t\t\t\t<\/div>\n\t\t\t\t<\/div>\n\t\t<div class=\"elementor-element elementor-element-40fdbab e-con-full e-flex e-con e-child\" data-id=\"40fdbab\" data-element_type=\"container\" data-e-type=\"container\">\n\t\t\t\t<div class=\"elementor-element elementor-element-8948f33 elementor-widget elementor-widget-text-editor\" data-id=\"8948f33\" data-element_type=\"widget\" data-e-type=\"widget\" data-widget_type=\"text-editor.default\">\n\t\t\t\t<div class=\"elementor-widget-container\">\n\t\t\t\t\t\t\t\t\t<p>La s\u00e9rie Vortex Powerfan VMF est un ventilateur  en ligne sp\u00e9cialement con\u00e7u pour maximiser les performances de d\u00e9bit d'air avec des niveaux de bruit minimaux dans un bo\u00eetier petit et compact. Ces ventilateurs int\u00e8grent une puissante roue \u00e0 flux mixte et des aubes d'air internes situ\u00e9es \u00e0 l'extr\u00e9mit\u00e9 de d\u00e9charge du bo\u00eetier du ventilateur. Cette combinaison de roue et d'aubes directrices permet d'obtenir un flux d'air laminaire r\u00e9gulier qui minimise les turbulences et le bruit et g\u00e9n\u00e8re un excellent rapport entre le d\u00e9bit d'air et la pression statique.<\/p>\t\t\t\t\t\t\t\t<\/div>\n\t\t\t\t<\/div>\n\t\t\t\t<\/div>\n\t\t\t\t<\/div>\n\t\t\t\t<\/div>\n\t\t<div class=\"elementor-element elementor-element-1af5f3f e-con-full e-flex e-con e-child\" data-id=\"1af5f3f\" data-element_type=\"container\" data-e-type=\"container\">\n\t\t<div class=\"elementor-element elementor-element-de260e5 e-con-full e-flex e-con e-child\" data-id=\"de260e5\" data-element_type=\"container\" data-e-type=\"container\">\n\t\t<div class=\"elementor-element elementor-element-4c773b1 e-con-full e-flex e-con e-child\" data-id=\"4c773b1\" data-element_type=\"container\" data-e-type=\"container\">\n\t\t\t\t<div class=\"elementor-element elementor-element-9d71841 elementor-widget__width-initial elementor-widget elementor-widget-heading\" data-id=\"9d71841\" data-element_type=\"widget\" data-e-type=\"widget\" data-widget_type=\"heading.default\">\n\t\t\t\t<div class=\"elementor-widget-container\">\n\t\t\t\t\t<h2 class=\"elementor-heading-title elementor-size-default\"><a href=\"https:\/\/atmosphere.com\/fr\/serie-vat\/\">S\u00c9RIE VAT<\/a><\/h2>\t\t\t\t<\/div>\n\t\t\t\t<\/div>\n\t\t\t\t<div class=\"elementor-element elementor-element-614a516 elementor-widget-divider--view-line elementor-widget elementor-widget-divider\" data-id=\"614a516\" data-element_type=\"widget\" data-e-type=\"widget\" data-widget_type=\"divider.default\">\n\t\t\t\t<div class=\"elementor-widget-container\">\n\t\t\t\t\t\t\t<div class=\"elementor-divider\">\n\t\t\t<span class=\"elementor-divider-separator\">\n\t\t\t\t\t\t<\/span>\n\t\t<\/div>\n\t\t\t\t\t\t<\/div>\n\t\t\t\t<\/div>\n\t\t\t\t<\/div>\n\t\t\t\t<\/div>\n\t\t<div class=\"elementor-element elementor-element-691d412 e-con-full e-flex e-con e-child\" data-id=\"691d412\" data-element_type=\"container\" data-e-type=\"container\">\n\t\t<div class=\"elementor-element elementor-element-09138e0 e-con-full e-flex e-con e-child\" data-id=\"09138e0\" data-element_type=\"container\" data-e-type=\"container\">\n\t\t\t\t<div class=\"elementor-element elementor-element-bd6a75b elementor-widget elementor-widget-image\" data-id=\"bd6a75b\" data-element_type=\"widget\" data-e-type=\"widget\" data-widget_type=\"image.default\">\n\t\t\t\t<div class=\"elementor-widget-container\">\n\t\t\t\t\t\t\t\t\t\t\t\t\t\t\t\t<a href=\"https:\/\/atmosphere.com\/fr\/serie-vat\/\">\n\t\t\t\t\t\t\t<img loading=\"lazy\" decoding=\"async\" width=\"800\" height=\"370\" src=\"https:\/\/atmosphere.com\/wp-content\/uploads\/VAT-GROUPED-1024x474.jpg\" class=\"attachment-large size-large wp-image-1721\" alt=\"\" srcset=\"https:\/\/atmosphere.com\/wp-content\/uploads\/VAT-GROUPED-1024x474.jpg 1024w, https:\/\/atmosphere.com\/wp-content\/uploads\/VAT-GROUPED-300x139.jpg 300w, https:\/\/atmosphere.com\/wp-content\/uploads\/VAT-GROUPED-768x355.jpg 768w, https:\/\/atmosphere.com\/wp-content\/uploads\/VAT-GROUPED.jpg 1440w\" sizes=\"(max-width: 800px) 100vw, 800px\" \/>\t\t\t\t\t\t\t\t<\/a>\n\t\t\t\t\t\t\t\t\t\t\t\t\t\t\t<\/div>\n\t\t\t\t<\/div>\n\t\t\t\t<\/div>\n\t\t<div class=\"elementor-element elementor-element-342e150 e-con-full e-flex e-con e-child\" data-id=\"342e150\" data-element_type=\"container\" data-e-type=\"container\">\n\t\t\t\t<div class=\"elementor-element elementor-element-62269dd elementor-widget elementor-widget-text-editor\" data-id=\"62269dd\" data-element_type=\"widget\" data-e-type=\"widget\" data-widget_type=\"text-editor.default\">\n\t\t\t\t<div class=\"elementor-widget-container\">\n\t\t\t\t\t\t\t\t\t<p>Les ventilateurs axiaux en ligne de la s\u00e9rie VAT sont id\u00e9aux pour augmenter le d\u00e9bit d'air. Ces ventilateurs compacts, puissants et silencieux sont livr\u00e9s enti\u00e8rement c\u00e2bl\u00e9s avec une d\u00e9charge de traction et un cordon d'alimentation. L\u00e9gers et faciles \u00e0 installer, ils sont cannel\u00e9s \u00e0 une extr\u00e9mit\u00e9 pour faciliter le raccordement aux conduits.<\/p>\t\t\t\t\t\t\t\t<\/div>\n\t\t\t\t<\/div>\n\t\t\t\t<\/div>\n\t\t\t\t<\/div>\n\t\t\t\t<\/div>\n\t\t\t\t<\/div>\n\t\t\t\t\t<\/div>\n\t\t\t\t<\/div>\n\t\t\t\t<\/div>","protected":false},"excerpt":{"rendered":"<p>inline fans VTX SERIES When these inline duct blowers were conceived, reliability and efficiency were the main goal. Its more powerful motor combined with the aerodynamically designed shape makes Vortex Powerfan the performance leader in its category. Made in Canada by Atmosphere, these high-performance inline blowers feature superior steel construction with a hammertone powder coat [&hellip;]<\/p>\n","protected":false},"author":1,"featured_media":0,"parent":0,"menu_order":0,"comment_status":"closed","ping_status":"closed","template":"","meta":{"footnotes":""},"class_list":["post-2271","page","type-page","status-publish","hentry"],"_links":{"self":[{"href":"https:\/\/atmosphere.com\/fr\/wp-json\/wp\/v2\/pages\/2271","targetHints":{"allow":["GET"]}}],"collection":[{"href":"https:\/\/atmosphere.com\/fr\/wp-json\/wp\/v2\/pages"}],"about":[{"href":"https:\/\/atmosphere.com\/fr\/wp-json\/wp\/v2\/types\/page"}],"author":[{"embeddable":true,"href":"https:\/\/atmosphere.com\/fr\/wp-json\/wp\/v2\/users\/1"}],"replies":[{"embeddable":true,"href":"https:\/\/atmosphere.com\/fr\/wp-json\/wp\/v2\/comments?post=2271"}],"version-history":[{"count":5,"href":"https:\/\/atmosphere.com\/fr\/wp-json\/wp\/v2\/pages\/2271\/revisions"}],"predecessor-version":[{"id":3095,"href":"https:\/\/atmosphere.com\/fr\/wp-json\/wp\/v2\/pages\/2271\/revisions\/3095"}],"wp:attachment":[{"href":"https:\/\/atmosphere.com\/fr\/wp-json\/wp\/v2\/media?parent=2271"}],"curies":[{"name":"wp","href":"https:\/\/api.w.org\/{rel}","templated":true}]}}