{"id":2435,"date":"2025-01-17T12:55:41","date_gmt":"2025-01-17T17:55:41","guid":{"rendered":"https:\/\/dev3.webadaptatifdesign.com\/?page_id=2435"},"modified":"2025-03-05T12:22:15","modified_gmt":"2025-03-05T17:22:15","slug":"blanchisserie","status":"publish","type":"page","link":"https:\/\/atmosphere.com\/fr\/solutions\/laundry","title":{"rendered":"Salle de lavage"},"content":{"rendered":"<div data-elementor-type=\"wp-page\" data-elementor-id=\"2435\" class=\"elementor elementor-2435\" data-elementor-post-type=\"page\">\n\t\t\t\t<div class=\"elementor-element elementor-element-2abf931 e-flex e-con-boxed e-con e-parent\" data-id=\"2abf931\" data-element_type=\"container\" data-e-type=\"container\">\n\t\t\t\t\t<div class=\"e-con-inner\">\n\t\t<div class=\"elementor-element elementor-element-c0dacc0 e-con-full e-flex e-con e-child\" data-id=\"c0dacc0\" data-element_type=\"container\" data-e-type=\"container\">\n\t\t\t\t<div class=\"elementor-element elementor-element-4e4e595 elementor-widget elementor-widget-heading\" data-id=\"4e4e595\" data-element_type=\"widget\" data-e-type=\"widget\" data-widget_type=\"heading.default\">\n\t\t\t\t<div class=\"elementor-widget-container\">\n\t\t\t\t\t<h3 class=\"elementor-heading-title elementor-size-default\">Salle de lavage<\/h3>\t\t\t\t<\/div>\n\t\t\t\t<\/div>\n\t\t\t\t<div class=\"elementor-element elementor-element-5929936 elementor-widget elementor-widget-heading\" data-id=\"5929936\" data-element_type=\"widget\" data-e-type=\"widget\" data-widget_type=\"heading.default\">\n\t\t\t\t<div class=\"elementor-widget-container\">\n\t\t\t\t\t<h2 class=\"elementor-heading-title elementor-size-default\">Le DEDPV permet aux s\u00e9cheuses r\u00e9sidentiels de fonctionner plus efficacement<\/h2>\t\t\t\t<\/div>\n\t\t\t\t<\/div>\n\t\t\t\t<div class=\"elementor-element elementor-element-bb8df44 elementor-widget elementor-widget-text-editor\" data-id=\"bb8df44\" data-element_type=\"widget\" data-e-type=\"widget\" data-widget_type=\"text-editor.default\">\n\t\t\t\t<div class=\"elementor-widget-container\">\n\t\t\t\t\t\t\t\t\t<p>Le DEDPV aide les s\u00e9cheuses r\u00e9sidentiels \u00e0 fonctionner plus efficacement en les aidant \u00e0 surmonter les pertes de pression caus\u00e9es par des conduits d'\u00e9vacuation longs ou \u00e9troits et par les effets de l'altitude.<\/p><p>Plus les conduits sont longs, plus le temps de s\u00e9chage est long. Plus le taux d'\u00e9vacuation est \u00e9lev\u00e9, plus le temps de s\u00e9chage est court. Le produit est conforme \u00e0 la norme UL relative \u00e0 l'\u00e9vacuation des s\u00e9cheuses (UL 705) et convient aux appareils \u00e0 gaz et \u00e9lectriques.<\/p>\t\t\t\t\t\t\t\t<\/div>\n\t\t\t\t<\/div>\n\t\t\t\t<div class=\"elementor-element elementor-element-06e1a1c elementor-widget elementor-widget-image\" data-id=\"06e1a1c\" data-element_type=\"widget\" data-e-type=\"widget\" data-widget_type=\"image.default\">\n\t\t\t\t<div class=\"elementor-widget-container\">\n\t\t\t\t\t\t\t\t\t\t\t\t\t\t\t<img fetchpriority=\"high\" decoding=\"async\" width=\"800\" height=\"448\" src=\"https:\/\/atmosphere.com\/wp-content\/uploads\/LAUNDRY-SOLUTION-1024x574.jpg\" class=\"attachment-large size-large wp-image-1126\" alt=\"\" srcset=\"https:\/\/atmosphere.com\/wp-content\/uploads\/LAUNDRY-SOLUTION-1024x574.jpg 1024w, https:\/\/atmosphere.com\/wp-content\/uploads\/LAUNDRY-SOLUTION-300x168.jpg 300w, https:\/\/atmosphere.com\/wp-content\/uploads\/LAUNDRY-SOLUTION-768x430.jpg 768w, https:\/\/atmosphere.com\/wp-content\/uploads\/LAUNDRY-SOLUTION.jpg 1280w\" sizes=\"(max-width: 800px) 100vw, 800px\" \/>\t\t\t\t\t\t\t\t\t\t\t\t\t\t\t<\/div>\n\t\t\t\t<\/div>\n\t\t\t\t<div class=\"elementor-element elementor-element-916e937 elementor-widget elementor-widget-heading\" data-id=\"916e937\" data-element_type=\"widget\" data-e-type=\"widget\" data-widget_type=\"heading.default\">\n\t\t\t\t<div class=\"elementor-widget-container\">\n\t\t\t\t\t<h2 class=\"elementor-heading-title elementor-size-default\">Produits vedettes<\/h2>\t\t\t\t<\/div>\n\t\t\t\t<\/div>\n\t\t<div class=\"elementor-element elementor-element-291795f e-con-full e-grid e-con e-child\" data-id=\"291795f\" data-element_type=\"container\" data-e-type=\"container\">\n\t\t<div class=\"elementor-element elementor-element-4a7c8de e-con-full e-flex e-con e-child\" data-id=\"4a7c8de\" data-element_type=\"container\" data-e-type=\"container\">\n\t\t\t\t<div class=\"elementor-element elementor-element-90b0cfe elementor-widget elementor-widget-image\" data-id=\"90b0cfe\" data-element_type=\"widget\" data-e-type=\"widget\" data-widget_type=\"image.default\">\n\t\t\t\t<div class=\"elementor-widget-container\">\n\t\t\t\t\t\t\t\t\t\t\t\t\t\t\t\t<a href=\"https:\/\/atmosphere.com\/wp-content\/uploads\/DBF-3.png\" data-elementor-open-lightbox=\"yes\" data-elementor-lightbox-title=\"DBF-3\" data-e-action-hash=\"#elementor-action%3Aaction%3Dlightbox%26settings%3DeyJpZCI6MjQ5OCwidXJsIjoiaHR0cHM6XC9cL2F0bW9zcGhlcmUuY29tXC93cC1jb250ZW50XC91cGxvYWRzXC9EQkYtMy5wbmcifQ%3D%3D\">\n\t\t\t\t\t\t\t<img decoding=\"async\" width=\"1024\" height=\"791\" src=\"https:\/\/atmosphere.com\/wp-content\/uploads\/DBF-3.png\" class=\"attachment-full size-full wp-image-2498\" alt=\"\" srcset=\"https:\/\/atmosphere.com\/wp-content\/uploads\/DBF-3.png 1024w, https:\/\/atmosphere.com\/wp-content\/uploads\/DBF-3-300x232.png 300w, https:\/\/atmosphere.com\/wp-content\/uploads\/DBF-3-768x593.png 768w\" sizes=\"(max-width: 1024px) 100vw, 1024px\" \/>\t\t\t\t\t\t\t\t<\/a>\n\t\t\t\t\t\t\t\t\t\t\t\t\t\t\t<\/div>\n\t\t\t\t<\/div>\n\t\t\t\t<div class=\"elementor-element elementor-element-31f917d elementor-widget elementor-widget-heading\" data-id=\"31f917d\" data-element_type=\"widget\" data-e-type=\"widget\" data-widget_type=\"heading.default\">\n\t\t\t\t<div class=\"elementor-widget-container\">\n\t\t\t\t\t<h2 class=\"elementor-heading-title elementor-size-default\">DBF-DEDPV<\/h2>\t\t\t\t<\/div>\n\t\t\t\t<\/div>\n\t\t\t\t<div class=\"elementor-element elementor-element-deb912f elementor-widget elementor-widget-text-editor\" data-id=\"deb912f\" data-element_type=\"widget\" data-e-type=\"widget\" data-widget_type=\"text-editor.default\">\n\t\t\t\t<div class=\"elementor-widget-container\">\n\t\t\t\t\t\t\t\t\t<p>Le DBF-DEDPV est le seul ventilateur d'appoint pour s\u00e9cheuse avec un filtre \u00e0 charpie int\u00e9gr\u00e9, assurant un fonctionnement efficace de la s\u00e9cheuse, emp\u00eachant l'accumulation de charpie, et r\u00e9pondant aux normes UL 705 et au code du b\u00e2timent pour une performance s\u00fbre et fiable.<\/p>\t\t\t\t\t\t\t\t<\/div>\n\t\t\t\t<\/div>\n\t\t\t\t<div class=\"elementor-element elementor-element-248e1d9 elementor-widget elementor-widget-button\" data-id=\"248e1d9\" data-element_type=\"widget\" data-e-type=\"widget\" data-widget_type=\"button.default\">\n\t\t\t\t<div class=\"elementor-widget-container\">\n\t\t\t\t\t\t\t\t\t<div class=\"elementor-button-wrapper\">\n\t\t\t\t\t<a class=\"elementor-button elementor-button-link elementor-size-sm\" href=\"https:\/\/atmosphere.com\/fr\/ventilateur-de-surpression-pour-seche-linge\/#dbf\">\n\t\t\t\t\t\t<span class=\"elementor-button-content-wrapper\">\n\t\t\t\t\t\t\t\t\t<span class=\"elementor-button-text\">Voir les produits<\/span>\n\t\t\t\t\t<\/span>\n\t\t\t\t\t<\/a>\n\t\t\t\t<\/div>\n\t\t\t\t\t\t\t\t<\/div>\n\t\t\t\t<\/div>\n\t\t\t\t<\/div>\n\t\t<div class=\"elementor-element elementor-element-e5541a3 e-con-full e-flex e-con e-child\" data-id=\"e5541a3\" data-element_type=\"container\" data-e-type=\"container\">\n\t\t\t\t<div class=\"elementor-element elementor-element-cdee3c1 elementor-widget elementor-widget-image\" data-id=\"cdee3c1\" data-element_type=\"widget\" data-e-type=\"widget\" data-widget_type=\"image.default\">\n\t\t\t\t<div class=\"elementor-widget-container\">\n\t\t\t\t\t\t\t\t\t\t\t\t\t\t\t\t<a href=\"https:\/\/atmosphere.com\/wp-content\/uploads\/VTX-DEDPV-3.png\" data-elementor-open-lightbox=\"yes\" data-elementor-lightbox-title=\"VTX-DEDPV 3\" data-e-action-hash=\"#elementor-action%3Aaction%3Dlightbox%26settings%3DeyJpZCI6MjUwMiwidXJsIjoiaHR0cHM6XC9cL2F0bW9zcGhlcmUuY29tXC93cC1jb250ZW50XC91cGxvYWRzXC9WVFgtREVEUFYtMy5wbmcifQ%3D%3D\">\n\t\t\t\t\t\t\t<img decoding=\"async\" width=\"1024\" height=\"791\" src=\"https:\/\/atmosphere.com\/wp-content\/uploads\/VTX-DEDPV-3.png\" class=\"attachment-full size-full wp-image-2502\" alt=\"\" srcset=\"https:\/\/atmosphere.com\/wp-content\/uploads\/VTX-DEDPV-3.png 1024w, https:\/\/atmosphere.com\/wp-content\/uploads\/VTX-DEDPV-3-300x232.png 300w, https:\/\/atmosphere.com\/wp-content\/uploads\/VTX-DEDPV-3-768x593.png 768w\" sizes=\"(max-width: 1024px) 100vw, 1024px\" \/>\t\t\t\t\t\t\t\t<\/a>\n\t\t\t\t\t\t\t\t\t\t\t\t\t\t\t<\/div>\n\t\t\t\t<\/div>\n\t\t\t\t<div class=\"elementor-element elementor-element-8d18376 elementor-widget elementor-widget-heading\" data-id=\"8d18376\" data-element_type=\"widget\" data-e-type=\"widget\" data-widget_type=\"heading.default\">\n\t\t\t\t<div class=\"elementor-widget-container\">\n\t\t\t\t\t<h2 class=\"elementor-heading-title elementor-size-default\">VTX-DEDPV<\/h2>\t\t\t\t<\/div>\n\t\t\t\t<\/div>\n\t\t\t\t<div class=\"elementor-element elementor-element-8721141 elementor-widget elementor-widget-text-editor\" data-id=\"8721141\" data-element_type=\"widget\" data-e-type=\"widget\" data-widget_type=\"text-editor.default\">\n\t\t\t\t<div class=\"elementor-widget-container\">\n\t\t\t\t\t\t\t\t\t<p>Le VTX-DEDPV est sp\u00e9cialement con\u00e7u pour les longs conduits d'\u00e9vacuation des s\u00e9cheuses. Il est certifi\u00e9 selon la derni\u00e8re norme UL705 et est conforme aux normes du code du b\u00e2timent pour des performances s\u00fbres et fiables.<\/p>\t\t\t\t\t\t\t\t<\/div>\n\t\t\t\t<\/div>\n\t\t\t\t<div class=\"elementor-element elementor-element-2c46dc4 elementor-widget elementor-widget-button\" data-id=\"2c46dc4\" data-element_type=\"widget\" data-e-type=\"widget\" data-widget_type=\"button.default\">\n\t\t\t\t<div class=\"elementor-widget-container\">\n\t\t\t\t\t\t\t\t\t<div class=\"elementor-button-wrapper\">\n\t\t\t\t\t<a class=\"elementor-button elementor-button-link elementor-size-sm\" href=\"https:\/\/atmosphere.com\/fr\/ventilateur-de-surpression-pour-seche-linge\/\">\n\t\t\t\t\t\t<span class=\"elementor-button-content-wrapper\">\n\t\t\t\t\t\t\t\t\t<span class=\"elementor-button-text\">Voir les produits<\/span>\n\t\t\t\t\t<\/span>\n\t\t\t\t\t<\/a>\n\t\t\t\t<\/div>\n\t\t\t\t\t\t\t\t<\/div>\n\t\t\t\t<\/div>\n\t\t\t\t<\/div>\n\t\t<div class=\"elementor-element elementor-element-763c530 e-con-full e-flex e-con e-child\" data-id=\"763c530\" data-element_type=\"container\" data-e-type=\"container\">\n\t\t\t\t<div class=\"elementor-element elementor-element-09bfae0 elementor-widget elementor-widget-image\" data-id=\"09bfae0\" data-element_type=\"widget\" data-e-type=\"widget\" data-widget_type=\"image.default\">\n\t\t\t\t<div class=\"elementor-widget-container\">\n\t\t\t\t\t\t\t\t\t\t\t\t\t\t\t\t<a href=\"https:\/\/atmosphere.com\/wp-content\/uploads\/LT4.png\" data-elementor-open-lightbox=\"yes\" data-elementor-lightbox-title=\"LT4\" data-e-action-hash=\"#elementor-action%3Aaction%3Dlightbox%26settings%3DeyJpZCI6MjMwMywidXJsIjoiaHR0cHM6XC9cL2F0bW9zcGhlcmUuY29tXC93cC1jb250ZW50XC91cGxvYWRzXC9MVDQucG5nIn0%3D\">\n\t\t\t\t\t\t\t<img loading=\"lazy\" decoding=\"async\" width=\"800\" height=\"800\" src=\"https:\/\/atmosphere.com\/wp-content\/uploads\/LT4.png\" class=\"attachment-full size-full wp-image-2303\" alt=\"\" srcset=\"https:\/\/atmosphere.com\/wp-content\/uploads\/LT4.png 800w, https:\/\/atmosphere.com\/wp-content\/uploads\/LT4-300x300.png 300w, https:\/\/atmosphere.com\/wp-content\/uploads\/LT4-150x150.png 150w, https:\/\/atmosphere.com\/wp-content\/uploads\/LT4-768x768.png 768w, https:\/\/atmosphere.com\/wp-content\/uploads\/LT4-700x700.png 700w, https:\/\/atmosphere.com\/wp-content\/uploads\/elementor\/thumbs\/LT4-r00at8e2qte0x11x0eljbts5bybtuqy7fwftgddgv4.png 400w\" sizes=\"(max-width: 800px) 100vw, 800px\" \/>\t\t\t\t\t\t\t\t<\/a>\n\t\t\t\t\t\t\t\t\t\t\t\t\t\t\t<\/div>\n\t\t\t\t<\/div>\n\t\t\t\t<div class=\"elementor-element elementor-element-e7d0353 elementor-widget elementor-widget-heading\" data-id=\"e7d0353\" data-element_type=\"widget\" data-e-type=\"widget\" data-widget_type=\"heading.default\">\n\t\t\t\t<div class=\"elementor-widget-container\">\n\t\t\t\t\t<h2 class=\"elementor-heading-title elementor-size-default\">LT4<\/h2>\t\t\t\t<\/div>\n\t\t\t\t<\/div>\n\t\t\t\t<div class=\"elementor-element elementor-element-25c0679 elementor-widget elementor-widget-text-editor\" data-id=\"25c0679\" data-element_type=\"widget\" data-e-type=\"widget\" data-widget_type=\"text-editor.default\">\n\t\t\t\t<div class=\"elementor-widget-container\">\n\t\t\t\t\t\t\t\t\t<p>Le LT4 est \u00e9quip\u00e9 d'un \u00e9cran qui filtre l'air alimentant le ventilateur d'appoint du s\u00e9cheuse. Le filtre retient la charpie en suspension dans le conduit qui ne sont pas retenues par le filtre \u00e0 charpie du s\u00e9cheuse.<\/p>\t\t\t\t\t\t\t\t<\/div>\n\t\t\t\t<\/div>\n\t\t\t\t<div class=\"elementor-element elementor-element-92906aa elementor-widget elementor-widget-button\" data-id=\"92906aa\" data-element_type=\"widget\" data-e-type=\"widget\" data-widget_type=\"button.default\">\n\t\t\t\t<div class=\"elementor-widget-container\">\n\t\t\t\t\t\t\t\t\t<div class=\"elementor-button-wrapper\">\n\t\t\t\t\t<a class=\"elementor-button elementor-button-link elementor-size-sm\" href=\"https:\/\/atmosphere.com\/fr\/pieges-a-peluches\/\">\n\t\t\t\t\t\t<span class=\"elementor-button-content-wrapper\">\n\t\t\t\t\t\t\t\t\t<span class=\"elementor-button-text\">Voir les produits<\/span>\n\t\t\t\t\t<\/span>\n\t\t\t\t\t<\/a>\n\t\t\t\t<\/div>\n\t\t\t\t\t\t\t\t<\/div>\n\t\t\t\t<\/div>\n\t\t\t\t<\/div>\n\t\t\t\t<\/div>\n\t\t\t\t<\/div>\n\t\t\t\t\t<\/div>\n\t\t\t\t<\/div>\n\t\t\t\t<\/div>","protected":false},"excerpt":{"rendered":"<p>DEDPV Makes Residential Clothes Dryers Run More Efficiently The DEDPV helps residential clothes dryers run more efficiently by assisting them in overcoming pressure losses caused by long or restricting exhaust duct designs and the effects of high altitudes. The longer duct runs, the longer the drying time. The higher the exhaust rate, the shorter the [&hellip;]<\/p>\n","protected":false},"author":1,"featured_media":0,"parent":2531,"menu_order":0,"comment_status":"closed","ping_status":"closed","template":"","meta":{"footnotes":""},"class_list":["post-2435","page","type-page","status-publish","hentry"],"_links":{"self":[{"href":"https:\/\/atmosphere.com\/fr\/wp-json\/wp\/v2\/pages\/2435","targetHints":{"allow":["GET"]}}],"collection":[{"href":"https:\/\/atmosphere.com\/fr\/wp-json\/wp\/v2\/pages"}],"about":[{"href":"https:\/\/atmosphere.com\/fr\/wp-json\/wp\/v2\/types\/page"}],"author":[{"embeddable":true,"href":"https:\/\/atmosphere.com\/fr\/wp-json\/wp\/v2\/users\/1"}],"replies":[{"embeddable":true,"href":"https:\/\/atmosphere.com\/fr\/wp-json\/wp\/v2\/comments?post=2435"}],"version-history":[{"count":5,"href":"https:\/\/atmosphere.com\/fr\/wp-json\/wp\/v2\/pages\/2435\/revisions"}],"predecessor-version":[{"id":3193,"href":"https:\/\/atmosphere.com\/fr\/wp-json\/wp\/v2\/pages\/2435\/revisions\/3193"}],"up":[{"embeddable":true,"href":"https:\/\/atmosphere.com\/fr\/wp-json\/wp\/v2\/pages\/2531"}],"wp:attachment":[{"href":"https:\/\/atmosphere.com\/fr\/wp-json\/wp\/v2\/media?parent=2435"}],"curies":[{"name":"wp","href":"https:\/\/api.w.org\/{rel}","templated":true}]}}