{"id":3,"date":"2025-03-28T01:18:00","date_gmt":"2025-03-28T06:18:00","guid":{"rendered":"https:\/\/dev3.webadaptatifdesign.com\/?page_id=3"},"modified":"2025-03-28T08:05:57","modified_gmt":"2025-03-28T13:05:57","slug":"politique-de-confidentialite","status":"publish","type":"page","link":"https:\/\/atmosphere.com\/fr\/privacy-policy","title":{"rendered":"Politique de confidentialit\u00e9"},"content":{"rendered":"<div data-elementor-type=\"wp-page\" data-elementor-id=\"3\" class=\"elementor elementor-3\" data-elementor-post-type=\"page\">\n\t\t\t\t<div class=\"elementor-element elementor-element-590c58a0 e-flex e-con-boxed e-con e-parent\" data-id=\"590c58a0\" data-element_type=\"container\" data-e-type=\"container\">\n\t\t\t\t\t<div class=\"e-con-inner\">\n\t\t\t\t<div class=\"elementor-element elementor-element-427d8241 elementor-widget elementor-widget-text-editor\" data-id=\"427d8241\" data-element_type=\"widget\" data-e-type=\"widget\" data-widget_type=\"text-editor.default\">\n\t\t\t\t<div class=\"elementor-widget-container\">\n\t\t\t\t\t\t\t\t\t<h1><span style=\"color: #000000;\">Politique de confidentialit\u00e9<\/span><\/h1><p>Derni\u00e8re mise \u00e0 jour le 28 mars 2025<br \/>Date d'entr\u00e9e en vigueur 28 mars 2025<\/p><p>Cette politique de confidentialit\u00e9 d\u00e9crit les politiques d'Atmosph\u00e8re, 2480 Boul des entreprises, Terrebonne, Qc, Canada J6X 4J8, courriel : info@atmosphere.com, t\u00e9l\u00e9phone : (450) 477-1100 concernant la collecte, l'utilisation et la divulgation des informations que nous recueillons lorsque vous utilisez notre site Web (<a href=\"https:\/\/atmosphere.com\/fr\/\" target=\"_blank\" rel=\"noopener\">https:\/\/atmosphere.com\/<\/a>) (le \"service\"). En acc\u00e9dant au service ou en l'utilisant, vous consentez \u00e0 la collecte, \u00e0 l'utilisation et \u00e0 la divulgation de vos informations conform\u00e9ment \u00e0 la pr\u00e9sente politique de confidentialit\u00e9. Si vous n'y consentez pas, veuillez ne pas acc\u00e9der au service ni l'utiliser.<\/p><p>Nous pouvons modifier la pr\u00e9sente politique de confidentialit\u00e9 \u00e0 tout moment sans pr\u00e9avis et nous publierons la politique de confidentialit\u00e9 r\u00e9vis\u00e9e sur le service. La politique r\u00e9vis\u00e9e entrera en vigueur 180 jours apr\u00e8s la date de publication de la politique r\u00e9vis\u00e9e sur le service, et la poursuite de l'acc\u00e8s ou de l'utilisation du service apr\u00e8s cette date constituera votre acceptation de la politique de confidentialit\u00e9 r\u00e9vis\u00e9e. Nous vous recommandons donc de consulter r\u00e9guli\u00e8rement cette page.<\/p><h5>Les informations que nous recueillons :<\/h5><p>Nous collecterons et traiterons les informations personnelles suivantes vous concernant :<\/p><ul><li>Nom<\/li><li>Courriel<\/li><li>T\u00e9l\u00e9phone<\/li><li>Adresse<\/li><\/ul><h5>Comment nous utilisons vos informations :<\/h5><p>Nous utiliserons les informations que nous recueillons \u00e0 votre sujet aux fins suivantes :<\/p><ul><li>Marketing \/ Promotion<\/li><li>Soutien<\/li><li>Publicit\u00e9 cibl\u00e9e<\/li><\/ul><p>Si nous voulons utiliser vos informations \u00e0 d'autres fins, nous vous demanderons votre consentement et nous n'utiliserons vos informations qu'apr\u00e8s avoir re\u00e7u votre consentement et uniquement aux fins pour lesquelles vous avez donn\u00e9 votre consentement, \u00e0 moins que la loi ne nous oblige \u00e0 faire autrement.<\/p><h5>Comment nous partageons vos informations :<\/h5><p>Nous ne transf\u00e9rerons pas vos informations personnelles \u00e0 un tiers sans votre consentement, sauf dans les circonstances limit\u00e9es d\u00e9crites ci-dessous :<\/p><ul><li>Services de publicit\u00e9<\/li><li>Analyse<\/li><li>Collecte et traitement des donn\u00e9es<\/li><\/ul><p>Nous exigeons de ces tiers qu'ils n'utilisent les informations personnelles que nous leur transf\u00e9rons qu'aux fins pour lesquelles elles ont \u00e9t\u00e9 transf\u00e9r\u00e9es et qu'ils ne les conservent que le temps n\u00e9cessaire \u00e0 la r\u00e9alisation de ces fins.<\/p><p>Nous pouvons \u00e9galement divulguer vos informations personnelles dans les cas suivants :<\/p><ol><li>pour se conformer \u00e0 la l\u00e9gislation, \u00e0 la r\u00e9glementation, \u00e0 l'ordonnance d'un tribunal ou \u00e0 toute autre proc\u00e9dure judiciaire ;<\/li><li>Pour faire appliquer les accords que vous avez conclus avec nous, y compris la pr\u00e9sente politique de protection de la vie priv\u00e9e ;<\/li><li>Pour r\u00e9pondre \u00e0 des r\u00e9clamations selon lesquelles votre utilisation du service viole les droits d'un tiers.<\/li><\/ol><p>Si le service ou notre soci\u00e9t\u00e9 est fusionn\u00e9 ou acquis par une autre soci\u00e9t\u00e9, vos informations feront partie des actifs transf\u00e9r\u00e9s au nouveau propri\u00e9taire.<\/p><h5>Conservation de vos informations :<\/h5><p>Nous conserverons vos informations personnelles pendant 90 jours \u00e0 2 ans apr\u00e8s que les utilisateurs ont r\u00e9sili\u00e9 leur compte ou aussi longtemps que nous en aurons besoin pour atteindre les objectifs pour lesquels elles ont \u00e9t\u00e9 collect\u00e9es, comme indiqu\u00e9 dans la pr\u00e9sente politique de protection de la vie priv\u00e9e. Nous pouvons \u00eatre amen\u00e9s \u00e0 conserver certaines informations plus longtemps pour des raisons de conformit\u00e9 l\u00e9gale, d'objectifs commerciaux l\u00e9gitimes, d'application de droits l\u00e9gaux, de pr\u00e9vention de la fraude, etc.<\/p><p>Les informations r\u00e9siduelles anonymes et agr\u00e9g\u00e9es, qui ne vous identifient pas (directement ou indirectement), peuvent \u00eatre stock\u00e9es ind\u00e9finiment.<\/p><h5>Vos droits :<\/h5><p>Selon le droit applicable, vous pouvez avoir le droit d'acc\u00e9der, de rectifier ou d'effacer vos donn\u00e9es \u00e0 caract\u00e8re personnel, de recevoir une copie de vos donn\u00e9es \u00e0 caract\u00e8re personnel, de restreindre leur traitement ou de vous y opposer, de nous demander de transf\u00e9rer vos donn\u00e9es \u00e0 une autre entit\u00e9, de retirer tout consentement donn\u00e9, de d\u00e9poser une plainte aupr\u00e8s d'une autorit\u00e9 statutaire, ainsi que d'autres droits, le cas \u00e9ch\u00e9ant.<\/p><p>Pour exercer ces droits, vous pouvez nous \u00e9crire \u00e0 l'adresse suivante <a href=\"mailto:info@atmosphere.com\">info@atmosphere.com<\/a>. Nous r\u00e9pondrons \u00e0 votre demande conform\u00e9ment \u00e0 la l\u00e9gislation applicable.<\/p><p>Veuillez noter que si vous ne nous autorisez pas \u00e0 collecter ou \u00e0 traiter les informations personnelles requises ou si vous retirez votre consentement aux fins n\u00e9cessaires, il se peut que vous ne puissiez pas acc\u00e9der aux services pour lesquels vos informations \u00e9taient n\u00e9cessaires ou les utiliser.<\/p><h5>Cookies, etc.<\/h5><p>Pour en savoir plus sur la mani\u00e8re dont nous utilisons ces technologies et sur les choix qui s'offrent \u00e0 vous en ce qui concerne ces technologies de suivi, veuillez vous r\u00e9f\u00e9rer \u00e0 notre site web. <a href=\"https:\/\/atmosphere.com\/fr\/politique-en-matiere-de-cookies\/\">Politique en mati\u00e8re de cookies<\/a>.<\/p><h5>La s\u00e9curit\u00e9 :<\/h5><p>La s\u00e9curit\u00e9 de vos informations est importante pour nous et nous prendrons des mesures raisonnables pour les prot\u00e9ger contre la perte, l'utilisation abusive ou la modification non autoris\u00e9e. Cependant, en raison des risques inh\u00e9rents, nous ne pouvons pas garantir une s\u00e9curit\u00e9 absolue et vous fournissez vos informations \u00e0 vos propres risques.<\/p><h5>Liens avec des tiers et utilisation de vos informations :<\/h5><p>Notre service peut contenir des liens vers d'autres sites web que nous n'exploitons pas. La pr\u00e9sente politique de confidentialit\u00e9 ne couvre pas les pratiques des tiers, y compris ceux qui exploitent un site ou un service accessible par un lien sur notre service. Nous vous conseillons vivement de consulter la politique de confidentialit\u00e9 de chaque site que vous visitez. Nous n'assumons aucune responsabilit\u00e9 quant au contenu, aux politiques de confidentialit\u00e9 ou aux pratiques des sites ou services tiers.<\/p><h5>D\u00e9l\u00e9gu\u00e9 aux plaintes et \u00e0 la protection des donn\u00e9es :<\/h5><p>Si vous avez des questions ou des pr\u00e9occupations concernant le traitement de vos informations, vous pouvez envoyer un courriel \u00e0 notre agent de griefs \u00e0 Frank Rose, 2480 Boul des entreprises, Terrebonne, Qc, Canada J6X 4J8, courriel : info@atmosphere.com. Nous r\u00e9pondrons \u00e0 vos pr\u00e9occupations conform\u00e9ment \u00e0 la loi applicable.<\/p><p>Politique de confidentialit\u00e9 g\u00e9n\u00e9r\u00e9e avec <a href=\"https:\/\/www.cookieyes.com\/\" target=\"_blank\" rel=\"noopener\">CookieOui<\/a>.<\/p>\t\t\t\t\t\t\t\t<\/div>\n\t\t\t\t<\/div>\n\t\t\t\t\t<\/div>\n\t\t\t\t<\/div>\n\t\t\t\t<\/div>","protected":false},"excerpt":{"rendered":"<p>Privacy Policy Last updated on Effective date This Privacy Policy describes the policies of Atmosph\u00e8re, 2480 Boul des entreprises,Terrebonne, Qc, Canada J6X 4J8, email: info@atmosphere.com, phone: (450) 477-1100 regarding the collection, use, and disclosure of your information that we collect when you use our website (https:\/\/atmosphere.com\/) (the \u201cService\u201d). By accessing or using the Service, you [&hellip;]<\/p>\n","protected":false},"author":1,"featured_media":0,"parent":0,"menu_order":0,"comment_status":"closed","ping_status":"open","template":"","meta":{"footnotes":""},"class_list":["post-3","page","type-page","status-publish","hentry"],"_links":{"self":[{"href":"https:\/\/atmosphere.com\/fr\/wp-json\/wp\/v2\/pages\/3","targetHints":{"allow":["GET"]}}],"collection":[{"href":"https:\/\/atmosphere.com\/fr\/wp-json\/wp\/v2\/pages"}],"about":[{"href":"https:\/\/atmosphere.com\/fr\/wp-json\/wp\/v2\/types\/page"}],"author":[{"embeddable":true,"href":"https:\/\/atmosphere.com\/fr\/wp-json\/wp\/v2\/users\/1"}],"replies":[{"embeddable":true,"href":"https:\/\/atmosphere.com\/fr\/wp-json\/wp\/v2\/comments?post=3"}],"version-history":[{"count":5,"href":"https:\/\/atmosphere.com\/fr\/wp-json\/wp\/v2\/pages\/3\/revisions"}],"predecessor-version":[{"id":3239,"href":"https:\/\/atmosphere.com\/fr\/wp-json\/wp\/v2\/pages\/3\/revisions\/3239"}],"wp:attachment":[{"href":"https:\/\/atmosphere.com\/fr\/wp-json\/wp\/v2\/media?parent=3"}],"curies":[{"name":"wp","href":"https:\/\/api.w.org\/{rel}","templated":true}]}}