{"id":3223,"date":"2025-03-28T07:54:20","date_gmt":"2025-03-28T12:54:20","guid":{"rendered":"https:\/\/atmosphere.com\/?page_id=3223"},"modified":"2025-03-28T08:02:08","modified_gmt":"2025-03-28T13:02:08","slug":"politique-en-matiere-de-cookies","status":"publish","type":"page","link":"https:\/\/atmosphere.com\/fr\/cookies-policy","title":{"rendered":"Politique en mati\u00e8re de cookies"},"content":{"rendered":"<div data-elementor-type=\"wp-page\" data-elementor-id=\"3223\" class=\"elementor elementor-3223\" data-elementor-post-type=\"page\">\n\t\t\t\t<div class=\"elementor-element elementor-element-18bf9e0c e-flex e-con-boxed e-con e-parent\" data-id=\"18bf9e0c\" data-element_type=\"container\" data-e-type=\"container\">\n\t\t\t\t\t<div class=\"e-con-inner\">\n\t\t\t\t<div class=\"elementor-element elementor-element-32d25d21 elementor-widget elementor-widget-text-editor\" data-id=\"32d25d21\" data-element_type=\"widget\" data-e-type=\"widget\" data-widget_type=\"text-editor.default\">\n\t\t\t\t<div class=\"elementor-widget-container\">\n\t\t\t\t\t\t\t\t\t<p><style><span data-mce-type=\"bookmark\" style=\"display: inline-block; width: 0px; overflow: hidden; line-height: 0;\" class=\"mce_SELRES_start\">\ufeff<\/span><br \/>    a.cky-banner-element {<br \/>        padding: 8px 30px;<br \/>        background: #F8F9FA;<br \/>        color: #858A8F;<br \/>        border: 1px solid #DEE2E6;<br \/>        box-sizing: border-box;<br \/>        border-radius: 2px;<br \/>        cursor: pointer;<br \/>}<br \/><\/style>\n<\/p>\n<h1 class=\"cookie-policy-h1\"><span style=\"color: #000000;\">Politique en mati\u00e8re de cookies<\/span><\/h1>\n<p>Derni\u00e8re mise \u00e0 jour le 28 mars 2025<br>Date d'entr\u00e9e en vigueur 28 mars 2025<\/p>\n<p><\/p>\n<h5>Qu'est-ce qu'un biscuit ?<\/h5>\n<div class=\"cookie-policy-p\">\n<p>La pr\u00e9sente politique en mati\u00e8re de cookies explique ce que sont les cookies et comment nous les utilisons, les types de cookies que nous utilisons, c'est-\u00e0-dire les informations que nous recueillons \u00e0 l'aide des cookies et la mani\u00e8re dont ces informations sont utilis\u00e9es, ainsi que la mani\u00e8re de contr\u00f4ler les param\u00e8tres des cookies.<\/p>\n<p>Les cookies sont de petits fichiers texte utilis\u00e9s pour stocker de petits \u00e9l\u00e9ments d'information. Ils sont stock\u00e9s sur votre appareil lorsque le site web est charg\u00e9 sur votre navigateur. Ces cookies nous aident \u00e0 faire fonctionner le site web correctement, \u00e0 le rendre plus s\u00fbr, \u00e0 offrir une meilleure exp\u00e9rience \u00e0 l'utilisateur, \u00e0 comprendre comment le site web fonctionne et \u00e0 analyser ce qui fonctionne et ce qui doit \u00eatre am\u00e9lior\u00e9.<\/p>\n<\/div>\n<h5>Comment utilisons-nous les cookies ?<\/h5>\n<div class=\"cookie-policy-p\">\n<p>Comme la plupart des services en ligne, notre site web utilise des cookies de premi\u00e8re partie et de tierce partie \u00e0 plusieurs fins. Les cookies de premi\u00e8re partie sont essentiellement n\u00e9cessaires au bon fonctionnement du site web et ne collectent aucune de vos donn\u00e9es personnelles identifiables.<\/p>\n<p>Les cookies tiers utilis\u00e9s sur notre site web servent principalement \u00e0 comprendre comment le site web fonctionne, comment vous interagissez avec notre site web, \u00e0 assurer la s\u00e9curit\u00e9 de nos services, \u00e0 fournir des publicit\u00e9s pertinentes pour vous et, globalement, \u00e0 vous offrir une exp\u00e9rience utilisateur meilleure et am\u00e9lior\u00e9e et \u00e0 acc\u00e9l\u00e9rer vos interactions futures avec notre site web.<\/p>\n<\/div>\n<h5>Types de cookies que nous utilisons<\/h5>\n<div class=\"cky-audit-table-element\"><h3>N\u00e9cessaire<\/h3><div class=\"cky-category-des\"><p>Les cookies n\u00e9cessaires permettent d'activer les fonctions de base de ce site, telles que la connexion s\u00e9curis\u00e9e ou l'ajustement de vos pr\u00e9f\u00e9rences en mati\u00e8re de consentement. Ces cookies ne stockent aucune donn\u00e9e personnelle identifiable.<\/p><\/div><div class=\"cky-table-wrapper\"><table class=\"cky-cookie-audit-table\"><thead><tr><th>Cookie<\/th><th>Dur\u00e9e de l'accord<\/th><th>Description<\/th><\/tr><\/thead><tbody><tr><td>\u00e9l\u00e9mentaire<\/td><td>N'expire jamais<\/td><td>Le th\u00e8me WordPress du site web utilise ce cookie. Il permet au propri\u00e9taire du site de mettre en \u0153uvre ou de modifier le contenu du site en temps r\u00e9el.<\/td><\/tr><tr><td>wpEmojiSettingsSupports<\/td><td>session<\/td><td>WordPress place ce cookie lorsqu'un utilisateur interagit avec des emojis sur un site WordPress.  Il permet de d\u00e9terminer si le navigateur de l'utilisateur peut afficher correctement les emojis.<\/td><\/tr><tr><td>rc::a<\/td><td>N'expire jamais<\/td><td>Ce cookie est d\u00e9fini par le service Google recaptcha pour identifier les robots afin de prot\u00e9ger le site web contre les attaques de spam malveillantes.<\/td><\/tr><tr><td>rc::c<\/td><td>session<\/td><td>Ce cookie est d\u00e9fini par le service Google recaptcha pour identifier les robots afin de prot\u00e9ger le site web contre les attaques de spam malveillantes.<\/td><\/tr><tr><td>cookieyes-consent<\/td><td>1 an<\/td><td>CookieYes installe ce cookie pour m\u00e9moriser les pr\u00e9f\u00e9rences des utilisateurs en mati\u00e8re de consentement, de sorte que ces pr\u00e9f\u00e9rences soient respect\u00e9es lors des visites ult\u00e9rieures sur ce site. Il ne recueille ni ne stocke aucune information personnelle sur les visiteurs du site.<\/td><\/tr><\/tbody><\/table><\/div><\/div>\n<p><\/p>\n<h5 style=\"margin-bottom: 20px;\">G\u00e9rer les pr\u00e9f\u00e9rences en mati\u00e8re de cookies<\/h5>\n<p><a class=\"cky-banner-element\">Param\u00e8tres des cookies<\/a><\/p>\n<div>\n<p>Vous pouvez modifier vos pr\u00e9f\u00e9rences en mati\u00e8re de cookies \u00e0 tout moment en cliquant sur le bouton ci-dessus. Cela vous permettra de revenir \u00e0 la banni\u00e8re de consentement aux cookies et de modifier vos pr\u00e9f\u00e9rences ou de retirer votre consentement imm\u00e9diatement.<\/p>\n<p>Chrome : <a href=\"https:\/\/support.google.com\/accounts\/answer\/32050\" target=\"_blank\" rel=\"noopener\">https:\/\/support.google.com\/accounts\/answer\/32050<\/a><\/p>\n<p>Safari : <a href=\"https:\/\/support.apple.com\/en-in\/guide\/safari\/sfri11471\/mac\" target=\"_blank\" rel=\"noopener\">https:\/\/support.apple.com\/en-in\/guide\/safari\/sfri11471\/mac<\/a><\/p>\n<p>Firefox : <a href=\"https:\/\/support.mozilla.org\/en-US\/kb\/clear-cookies-and-site-data-firefox?redirectslug=delete-cookies-remove-info-websites-stored&amp;redirectlocale=en-US\" target=\"_blank\" rel=\"noopener\">https:\/\/support.mozilla.org\/en-US\/kb\/clear-cookies-and-site-data-firefox?redirectslug=delete-cookies-remove-info-websites-stored&amp;redirectlocale=en-US<\/a><\/p>\n<p>Internet Explorer : <a href=\"https:\/\/support.microsoft.com\/en-us\/topic\/how-to-delete-cookie-files-in-internet-explorer-bca9446f-d873-78de-77ba-d42645fa52fc\" target=\"_blank\" rel=\"noopener\">https:\/\/support.microsoft.com\/en-us\/topic\/how-to-delete-cookie-files-in-internet-explorer-bca9446f-d873-78de-77ba-d42645fa52fc<\/a><\/p>\n<p>Si vous utilisez un autre navigateur web, veuillez consulter les documents d'assistance officiels de votre navigateur.<\/p>\n<\/div>\n<p class=\"cookie-policy-p\">Politique en mati\u00e8re de cookies g\u00e9n\u00e9r\u00e9e par <a href=\"https:\/\/www.cookieyes.com\/?utm_source=CP&amp;utm_medium=footer&amp;utm_campaign=UW\" target=\"_blank\" rel=\"noopener\">CookieYes - G\u00e9n\u00e9rateur de politique de cookies<\/a>.<\/p>\t\t\t\t\t\t\t\t<\/div>\n\t\t\t\t<\/div>\n\t\t\t\t\t<\/div>\n\t\t\t\t<\/div>\n\t\t\t\t<\/div>","protected":false},"excerpt":{"rendered":"<p>Cookie Policy Last updated on Effective date What are cookies? This Cookie Policy explains what cookies are and how we use them, the types of cookies we use, i.e., the information we collect using cookies and how that information is used, and how to control the cookie settings. Cookies are small text files used to [&hellip;]<\/p>\n","protected":false},"author":1,"featured_media":0,"parent":0,"menu_order":0,"comment_status":"closed","ping_status":"closed","template":"","meta":{"footnotes":""},"class_list":["post-3223","page","type-page","status-publish","hentry"],"_links":{"self":[{"href":"https:\/\/atmosphere.com\/fr\/wp-json\/wp\/v2\/pages\/3223","targetHints":{"allow":["GET"]}}],"collection":[{"href":"https:\/\/atmosphere.com\/fr\/wp-json\/wp\/v2\/pages"}],"about":[{"href":"https:\/\/atmosphere.com\/fr\/wp-json\/wp\/v2\/types\/page"}],"author":[{"embeddable":true,"href":"https:\/\/atmosphere.com\/fr\/wp-json\/wp\/v2\/users\/1"}],"replies":[{"embeddable":true,"href":"https:\/\/atmosphere.com\/fr\/wp-json\/wp\/v2\/comments?post=3223"}],"version-history":[{"count":5,"href":"https:\/\/atmosphere.com\/fr\/wp-json\/wp\/v2\/pages\/3223\/revisions"}],"predecessor-version":[{"id":3236,"href":"https:\/\/atmosphere.com\/fr\/wp-json\/wp\/v2\/pages\/3223\/revisions\/3236"}],"wp:attachment":[{"href":"https:\/\/atmosphere.com\/fr\/wp-json\/wp\/v2\/media?parent=3223"}],"curies":[{"name":"wp","href":"https:\/\/api.w.org\/{rel}","templated":true}]}}