{"id":936,"date":"2024-04-18T08:17:02","date_gmt":"2024-04-18T13:17:02","guid":{"rendered":"https:\/\/dev3.webadaptatifdesign.com\/?page_id=936"},"modified":"2025-03-05T12:14:39","modified_gmt":"2025-03-05T17:14:39","slug":"a-propos-de-nous","status":"publish","type":"page","link":"https:\/\/atmosphere.com\/fr\/about-us","title":{"rendered":"A propos"},"content":{"rendered":"<div data-elementor-type=\"wp-page\" data-elementor-id=\"936\" class=\"elementor elementor-936\" data-elementor-post-type=\"page\">\n\t\t\t\t<div class=\"elementor-element elementor-element-ea1d42c e-flex e-con-boxed e-con e-parent\" data-id=\"ea1d42c\" data-element_type=\"container\" data-e-type=\"container\" data-settings=\"{&quot;background_background&quot;:&quot;gradient&quot;}\">\n\t\t\t\t\t<div class=\"e-con-inner\">\n\t\t<div class=\"elementor-element elementor-element-9a7c584 e-con-full e-flex e-con e-child\" data-id=\"9a7c584\" data-element_type=\"container\" data-e-type=\"container\">\n\t\t\t\t<div class=\"elementor-element elementor-element-0a648e3 elementor-icon-list--layout-inline elementor-align-center elementor-list-item-link-full_width elementor-widget elementor-widget-icon-list\" data-id=\"0a648e3\" data-element_type=\"widget\" data-e-type=\"widget\" data-widget_type=\"icon-list.default\">\n\t\t\t\t<div class=\"elementor-widget-container\">\n\t\t\t\t\t\t\t<ul class=\"elementor-icon-list-items elementor-inline-items\">\n\t\t\t\t\t\t\t<li class=\"elementor-icon-list-item elementor-inline-item\">\n\t\t\t\t\t\t\t\t\t\t\t<a href=\"https:\/\/atmosphere.com\/fr\/\">\n\n\t\t\t\t\t\t\t\t\t\t\t<span class=\"elementor-icon-list-text\">Accueil &gt;<\/span>\n\t\t\t\t\t\t\t\t\t\t\t<\/a>\n\t\t\t\t\t\t\t\t\t<\/li>\n\t\t\t\t\t\t\t\t<li class=\"elementor-icon-list-item elementor-inline-item\">\n\t\t\t\t\t\t\t\t\t\t<span class=\"elementor-icon-list-text\">A propos<\/span>\n\t\t\t\t\t\t\t\t\t<\/li>\n\t\t\t\t\t\t<\/ul>\n\t\t\t\t\t\t<\/div>\n\t\t\t\t<\/div>\n\t\t\t\t<\/div>\n\t\t\t\t\t<\/div>\n\t\t\t\t<\/div>\n\t\t<div class=\"elementor-element elementor-element-5119467 e-flex e-con-boxed e-con e-parent\" data-id=\"5119467\" data-element_type=\"container\" data-e-type=\"container\">\n\t\t\t\t\t<div class=\"e-con-inner\">\n\t\t\t\t<div class=\"elementor-element elementor-element-8f5a730 elementor-widget elementor-widget-heading\" data-id=\"8f5a730\" data-element_type=\"widget\" data-e-type=\"widget\" data-widget_type=\"heading.default\">\n\t\t\t\t<div class=\"elementor-widget-container\">\n\t\t\t\t\t<h3 class=\"elementor-heading-title elementor-size-default\">A propos<\/h3>\t\t\t\t<\/div>\n\t\t\t\t<\/div>\n\t\t\t\t<div class=\"elementor-element elementor-element-2aca113 elementor-widget elementor-widget-image\" data-id=\"2aca113\" data-element_type=\"widget\" data-e-type=\"widget\" data-widget_type=\"image.default\">\n\t\t\t\t<div class=\"elementor-widget-container\">\n\t\t\t\t\t\t\t\t\t\t\t\t\t\t\t<img fetchpriority=\"high\" decoding=\"async\" width=\"1920\" height=\"543\" src=\"https:\/\/atmosphere.com\/wp-content\/uploads\/atmosphere-about-us.jpg\" class=\"attachment-full size-full wp-image-2347\" alt=\"\" srcset=\"https:\/\/atmosphere.com\/wp-content\/uploads\/atmosphere-about-us.jpg 1920w, https:\/\/atmosphere.com\/wp-content\/uploads\/atmosphere-about-us-300x85.jpg 300w, https:\/\/atmosphere.com\/wp-content\/uploads\/atmosphere-about-us-1024x290.jpg 1024w, https:\/\/atmosphere.com\/wp-content\/uploads\/atmosphere-about-us-768x217.jpg 768w, https:\/\/atmosphere.com\/wp-content\/uploads\/atmosphere-about-us-1536x434.jpg 1536w\" sizes=\"(max-width: 1920px) 100vw, 1920px\" \/>\t\t\t\t\t\t\t\t\t\t\t\t\t\t\t<\/div>\n\t\t\t\t<\/div>\n\t\t<div class=\"elementor-element elementor-element-a7b0d81 e-con-full e-flex e-con e-child\" data-id=\"a7b0d81\" data-element_type=\"container\" data-e-type=\"container\">\n\t\t\t\t<div class=\"elementor-element elementor-element-070c51c elementor-widget elementor-widget-heading\" data-id=\"070c51c\" data-element_type=\"widget\" data-e-type=\"widget\" data-widget_type=\"heading.default\">\n\t\t\t\t<div class=\"elementor-widget-container\">\n\t\t\t\t\t<h2 class=\"elementor-heading-title elementor-size-default\">A propos\n<\/h2>\t\t\t\t<\/div>\n\t\t\t\t<\/div>\n\t\t\t\t<div class=\"elementor-element elementor-element-b72ea13 elementor-widget elementor-widget-text-editor\" data-id=\"b72ea13\" data-element_type=\"widget\" data-e-type=\"widget\" data-widget_type=\"text-editor.default\">\n\t\t\t\t<div class=\"elementor-widget-container\">\n\t\t\t\t\t\t\t\t\t<p><span style=\"font-weight: 400;\">Depuis sa cr\u00e9ation en 1998, Atmosphere a connu une croissance remarquable et pr\u00e9voit d'acc\u00e9l\u00e9rer cette trajectoire au fur et \u00e0 mesure de son expansion sur de nouveaux march\u00e9s. D\u00e9butant dans un modeste entrep\u00f4t de 2 000 pieds carr\u00e9s \u00e0 Montr\u00e9al, nous avons rapidement d\u00e9pass\u00e9 notre espace initial et d\u00e9m\u00e9nag\u00e9 dans une installation de 14 000 pieds carr\u00e9s. En 2008, nous avons fi\u00e8rement \u00e9tabli notre propre entrep\u00f4t \u00e9cologique de 46 000 pieds carr\u00e9s et notre si\u00e8ge social \u00e0 Terrebonne, au Qu\u00e9bec. Cette installation \u00e9cologique \u00e0 la fine pointe de la technologie pr\u00e9sente de nombreuses caract\u00e9ristiques respectueuses de l'environnement, dont l'un des plus grands toits verts au Canada.<\/span><\/p>\t\t\t\t\t\t\t\t<\/div>\n\t\t\t\t<\/div>\n\t\t\t\t<div class=\"elementor-element elementor-element-573dcb8 elementor-widget elementor-widget-heading\" data-id=\"573dcb8\" data-element_type=\"widget\" data-e-type=\"widget\" data-widget_type=\"heading.default\">\n\t\t\t\t<div class=\"elementor-widget-container\">\n\t\t\t\t\t<h2 class=\"elementor-heading-title elementor-size-default\">Perspectives d'avenir<\/h2>\t\t\t\t<\/div>\n\t\t\t\t<\/div>\n\t\t\t\t<div class=\"elementor-element elementor-element-7e342ba elementor-widget elementor-widget-text-editor\" data-id=\"7e342ba\" data-element_type=\"widget\" data-e-type=\"widget\" data-widget_type=\"text-editor.default\">\n\t\t\t\t<div class=\"elementor-widget-container\">\n\t\t\t\t\t\t\t\t\t<p><span style=\"font-weight: 400;\">Notre vision de l'avenir est claire : fabriquer une gamme toujours plus large de produits r\u00e9pondant aux normes les plus \u00e9lev\u00e9es en mati\u00e8re de qualit\u00e9 et d'innovation. Nous nous engageons \u00e0 offrir des prix comp\u00e9titifs, un service exceptionnel et une volont\u00e9 constante d'am\u00e9lioration pour r\u00e9pondre aux besoins de nos clients.<\/span><\/p><p><span style=\"font-weight: 400;\">Alors que nous r\u00e9fl\u00e9chissons \u00e0 notre parcours, nous exprimons notre profonde gratitude \u00e0 nos clients pour leur confiance et leur fid\u00e9lit\u00e9. Nous sommes \u00e9galement reconnaissants du d\u00e9vouement de l'\u00e9quipe Atmosphere, dont la passion et l'engagement stimulent notre croissance, garantissent l'excellence de nos produits et soutiennent le service exceptionnel que nous fournissons.<\/span><\/p>\t\t\t\t\t\t\t\t<\/div>\n\t\t\t\t<\/div>\n\t\t\t\t<div class=\"elementor-element elementor-element-d8bab51 elementor-widget elementor-widget-heading\" data-id=\"d8bab51\" data-element_type=\"widget\" data-e-type=\"widget\" data-widget_type=\"heading.default\">\n\t\t\t\t<div class=\"elementor-widget-container\">\n\t\t\t\t\t<h2 class=\"elementor-heading-title elementor-size-default\">Notre engagement en faveur de l'innovation et de la qualit\u00e9<\/h2>\t\t\t\t<\/div>\n\t\t\t\t<\/div>\n\t\t\t\t<div class=\"elementor-element elementor-element-bdd09a2 elementor-widget elementor-widget-text-editor\" data-id=\"bdd09a2\" data-element_type=\"widget\" data-e-type=\"widget\" data-widget_type=\"text-editor.default\">\n\t\t\t\t<div class=\"elementor-widget-container\">\n\t\t\t\t\t\t\t\t\t<p><span style=\"font-weight: 400;\">Chez Atmosphere, fournir des produits de haute qualit\u00e9 n'est pas seulement une promesse, c'est la philosophie qui guide tous les aspects de notre activit\u00e9. Nous nous effor\u00e7ons d'\u00e9tablir de nouvelles normes gr\u00e2ce \u00e0 une technologie de pointe et \u00e0 une conception innovante, en veillant \u00e0 ce que nos clients b\u00e9n\u00e9ficient des meilleures solutions de ventilation.<\/span><\/p><p><span style=\"font-weight: 400;\">Alors que l'industrie de la ventilation \u00e9volue rapidement, Atmosphere est bien plac\u00e9e pour r\u00e9pondre aux exigences d'un march\u00e9 nord-am\u00e9ricain en pleine croissance. Notre engagement in\u00e9branlable \u00e0 l'\u00e9gard des d\u00e9tails et de la satisfaction des clients a \u00e9t\u00e9 le fondement de notre succ\u00e8s et continuera \u00e0 nous guider au fur et \u00e0 mesure de notre expansion dans de nouveaux territoires.<\/span><\/p>\t\t\t\t\t\t\t\t<\/div>\n\t\t\t\t<\/div>\n\t\t\t\t<div class=\"elementor-element elementor-element-f8554fa elementor-widget elementor-widget-heading\" data-id=\"f8554fa\" data-element_type=\"widget\" data-e-type=\"widget\" data-widget_type=\"heading.default\">\n\t\t\t\t<div class=\"elementor-widget-container\">\n\t\t\t\t\t<h2 class=\"elementor-heading-title elementor-size-default\">Recherche et d\u00e9veloppement<\/h2>\t\t\t\t<\/div>\n\t\t\t\t<\/div>\n\t\t\t\t<div class=\"elementor-element elementor-element-80087c9 elementor-widget elementor-widget-text-editor\" data-id=\"80087c9\" data-element_type=\"widget\" data-e-type=\"widget\" data-widget_type=\"text-editor.default\">\n\t\t\t\t<div class=\"elementor-widget-container\">\n\t\t\t\t\t\t\t\t\t<p>Chez Atmosphere, notre engagement en faveur de la recherche, du d\u00e9veloppement et de l'innovation est \u00e0 la base de tout ce que nous faisons. Nous pensons que le progr\u00e8s d\u00e9coule de l'exploration continue des technologies de pointe et des solutions de conception cr\u00e9atives qui r\u00e9pondent et d\u00e9passent les besoins \u00e9volutifs de nos clients.<\/p><p>Notre \u00e9quipe de recherche et d\u00e9veloppement travaille sans rel\u00e2che pour d\u00e9velopper des produits de pointe qui allient fonctionnalit\u00e9, efficacit\u00e9 et durabilit\u00e9. En restant \u00e0 l'avant-garde des tendances de l'industrie et en adoptant des principes de conception novateurs, nous fournissons des solutions qui non seulement offrent des performances exceptionnelles, mais \u00e9tablissent \u00e9galement de nouvelles normes sur le march\u00e9 de la ventilation.<\/p><p>Gr\u00e2ce \u00e0 des investissements continus dans la recherche et \u00e0 la collaboration avec des experts, nous nous assurons que nos produits sont \u00e0 la fine pointe des avanc\u00e9es technologiques et environnementales.<\/p>\t\t\t\t\t\t\t\t<\/div>\n\t\t\t\t<\/div>\n\t\t\t\t<\/div>\n\t\t\t\t\t<\/div>\n\t\t\t\t<\/div>\n\t\t\t\t<\/div>","protected":false},"excerpt":{"rendered":"<p>Home > About us About us Since its inception in 1998, Atmosphere has experienced remarkable growth and anticipates accelerating this trajectory as we expand into new markets. Starting from a modest 2,000 sq. ft. warehouse in Montreal, we quickly outgrew our initial space and moved to a 14,000 sq. ft. facility. By 2008, we proudly [&hellip;]<\/p>\n","protected":false},"author":1,"featured_media":0,"parent":0,"menu_order":0,"comment_status":"closed","ping_status":"closed","template":"elementor_header_footer","meta":{"footnotes":""},"class_list":["post-936","page","type-page","status-publish","hentry"],"_links":{"self":[{"href":"https:\/\/atmosphere.com\/fr\/wp-json\/wp\/v2\/pages\/936","targetHints":{"allow":["GET"]}}],"collection":[{"href":"https:\/\/atmosphere.com\/fr\/wp-json\/wp\/v2\/pages"}],"about":[{"href":"https:\/\/atmosphere.com\/fr\/wp-json\/wp\/v2\/types\/page"}],"author":[{"embeddable":true,"href":"https:\/\/atmosphere.com\/fr\/wp-json\/wp\/v2\/users\/1"}],"replies":[{"embeddable":true,"href":"https:\/\/atmosphere.com\/fr\/wp-json\/wp\/v2\/comments?post=936"}],"version-history":[{"count":5,"href":"https:\/\/atmosphere.com\/fr\/wp-json\/wp\/v2\/pages\/936\/revisions"}],"predecessor-version":[{"id":3144,"href":"https:\/\/atmosphere.com\/fr\/wp-json\/wp\/v2\/pages\/936\/revisions\/3144"}],"wp:attachment":[{"href":"https:\/\/atmosphere.com\/fr\/wp-json\/wp\/v2\/media?parent=936"}],"curies":[{"name":"wp","href":"https:\/\/api.w.org\/{rel}","templated":true}]}}