{"id":979,"date":"2024-04-18T08:43:30","date_gmt":"2024-04-18T13:43:30","guid":{"rendered":"https:\/\/dev3.webadaptatifdesign.com\/?page_id=979"},"modified":"2025-01-13T15:09:57","modified_gmt":"2025-01-13T20:09:57","slug":"serie-bc","status":"publish","type":"page","link":"https:\/\/atmosphere.com\/fr\/bc-series","title":{"rendered":"S\u00e9rie BC"},"content":{"rendered":"<div data-elementor-type=\"wp-page\" data-elementor-id=\"979\" class=\"elementor elementor-979\" data-elementor-post-type=\"page\">\n\t\t\t\t<div class=\"elementor-element elementor-element-9f42fdc e-flex e-con-boxed e-con e-parent\" data-id=\"9f42fdc\" data-element_type=\"container\" data-e-type=\"container\">\n\t\t\t\t\t<div class=\"e-con-inner\">\n\t\t\t\t<div class=\"elementor-element elementor-element-28d72bb elementor-widget elementor-widget-heading\" data-id=\"28d72bb\" data-element_type=\"widget\" data-e-type=\"widget\" data-widget_type=\"heading.default\">\n\t\t\t\t<div class=\"elementor-widget-container\">\n\t\t\t\t\t<h3 class=\"elementor-heading-title elementor-size-default\">S\u00c9RIE BC<\/h3>\t\t\t\t<\/div>\n\t\t\t\t<\/div>\n\t\t\t\t<div class=\"elementor-element elementor-element-2ce5dd3 elementor-widget elementor-widget-heading\" data-id=\"2ce5dd3\" data-element_type=\"widget\" data-e-type=\"widget\" data-widget_type=\"heading.default\">\n\t\t\t\t<div class=\"elementor-widget-container\">\n\t\t\t\t\t<h2 class=\"elementor-heading-title elementor-size-default\">Ventilateurs en ligne<\/h2>\t\t\t\t<\/div>\n\t\t\t\t<\/div>\n\t\t<div class=\"elementor-element elementor-element-e0bc45c e-con-full e-flex e-con e-child\" data-id=\"e0bc45c\" data-element_type=\"container\" data-e-type=\"container\">\n\t\t<div class=\"elementor-element elementor-element-6ce72d4 e-con-full e-flex e-con e-child\" data-id=\"6ce72d4\" data-element_type=\"container\" data-e-type=\"container\">\n\t\t<div class=\"elementor-element elementor-element-a074465 e-flex e-con-boxed e-con e-child\" data-id=\"a074465\" data-element_type=\"container\" data-e-type=\"container\">\n\t\t\t\t\t<div class=\"e-con-inner\">\n\t\t\t\t<div class=\"elementor-element elementor-element-59be606 elementor-widget elementor-widget-text-editor\" data-id=\"59be606\" data-element_type=\"widget\" data-e-type=\"widget\" data-widget_type=\"text-editor.default\">\n\t\t\t\t<div class=\"elementor-widget-container\">\n\t\t\t\t\t\t\t\t\t<ul><li><span style=\"font-weight: 400;\">Supports inclus pour montage mural ou au plafond\u00a0<\/span><\/li><li><span style=\"font-weight: 400;\">Roulements \u00e9tanches lubrifi\u00e9s en permanence\u00a0<\/span><\/li><li><span style=\"font-weight: 400;\">Moteur \u00e0 rotor externe\u00a0<\/span><\/li><li><span style=\"font-weight: 400;\">Protection contre les surcharges thermiques\u00a0\u00a0<\/span><\/li><li><span style=\"font-weight: 400;\">Garantie limit\u00e9e de 1 an<\/span><\/li><\/ul>\t\t\t\t\t\t\t\t<\/div>\n\t\t\t\t<\/div>\n\t\t\t\t<div class=\"elementor-element elementor-element-07e2922 elementor-hidden-mobile elementor-widget elementor-widget-image\" data-id=\"07e2922\" data-element_type=\"widget\" data-e-type=\"widget\" data-widget_type=\"image.default\">\n\t\t\t\t<div class=\"elementor-widget-container\">\n\t\t\t\t\t\t\t\t\t\t\t\t\t\t\t<img decoding=\"async\" width=\"259\" height=\"72\" src=\"https:\/\/atmosphere.com\/wp-content\/uploads\/l-vortex-a.png\" class=\"attachment-full size-full wp-image-896\" alt=\"\" \/>\t\t\t\t\t\t\t\t\t\t\t\t\t\t\t<\/div>\n\t\t\t\t<\/div>\n\t\t\t\t\t<\/div>\n\t\t\t\t<\/div>\n\t\t<div class=\"elementor-element elementor-element-0758b96 e-flex e-con-boxed e-con e-child\" data-id=\"0758b96\" data-element_type=\"container\" data-e-type=\"container\">\n\t\t\t\t\t<div class=\"e-con-inner\">\n\t\t\t\t<div class=\"elementor-element elementor-element-609e72c elementor-widget elementor-widget-image\" data-id=\"609e72c\" data-element_type=\"widget\" data-e-type=\"widget\" data-widget_type=\"image.default\">\n\t\t\t\t<div class=\"elementor-widget-container\">\n\t\t\t\t\t\t\t\t\t\t\t\t\t\t\t\t<a href=\"https:\/\/atmosphere.com\/wp-content\/uploads\/BC-GROUPED_-scaled.jpg\" data-elementor-open-lightbox=\"yes\" data-elementor-lightbox-title=\"BC GROUPED_\" data-e-action-hash=\"#elementor-action%3Aaction%3Dlightbox%26settings%3DeyJpZCI6MTY1NywidXJsIjoiaHR0cHM6XC9cL2F0bW9zcGhlcmUuY29tXC93cC1jb250ZW50XC91cGxvYWRzXC9CQy1HUk9VUEVEXy1zY2FsZWQuanBnIn0%3D\">\n\t\t\t\t\t\t\t<img fetchpriority=\"high\" decoding=\"async\" width=\"2560\" height=\"965\" src=\"https:\/\/atmosphere.com\/wp-content\/uploads\/BC-GROUPED_-scaled.jpg\" class=\"attachment-full size-full wp-image-1657\" alt=\"\" srcset=\"https:\/\/atmosphere.com\/wp-content\/uploads\/BC-GROUPED_-scaled.jpg 2560w, https:\/\/atmosphere.com\/wp-content\/uploads\/BC-GROUPED_-300x113.jpg 300w, https:\/\/atmosphere.com\/wp-content\/uploads\/BC-GROUPED_-1024x386.jpg 1024w, https:\/\/atmosphere.com\/wp-content\/uploads\/BC-GROUPED_-768x290.jpg 768w, https:\/\/atmosphere.com\/wp-content\/uploads\/BC-GROUPED_-1536x579.jpg 1536w, https:\/\/atmosphere.com\/wp-content\/uploads\/BC-GROUPED_-2048x772.jpg 2048w\" sizes=\"(max-width: 2560px) 100vw, 2560px\" \/>\t\t\t\t\t\t\t\t<\/a>\n\t\t\t\t\t\t\t\t\t\t\t\t\t\t\t<\/div>\n\t\t\t\t<\/div>\n\t\t\t\t\t<\/div>\n\t\t\t\t<\/div>\n\t\t<div class=\"elementor-element elementor-element-2843fc9 e-con-full e-flex e-con e-child\" data-id=\"2843fc9\" data-element_type=\"container\" data-e-type=\"container\">\n\t\t\t\t<div class=\"elementor-element elementor-element-d9409f7 elementor-widget elementor-widget-text-editor\" data-id=\"d9409f7\" data-element_type=\"widget\" data-e-type=\"widget\" data-widget_type=\"text-editor.default\">\n\t\t\t\t<div class=\"elementor-widget-container\">\n\t\t\t\t\t\t\t\t\t<ul><li><span style=\"font-weight: 400;\">Convient pour des temp\u00e9ratures de flux d'air allant jusqu'\u00e0 60\u00b0C (140\u00b0F)\u00a0<\/span><\/li><li><span style=\"font-weight: 400;\">Conception a\u00e9rodynamique permettant un meilleur \u00e9coulement de l'air\u00a0<\/span><\/li><li><span style=\"font-weight: 400;\">Capacit\u00e9 de d\u00e9bit d'air de 173 \u00e0 1010 CFM\u00a0<\/span><\/li><li><span style=\"font-weight: 400;\">Vitesse r\u00e9glable (contr\u00f4leur de vitesse optionnel)<\/span><\/li><\/ul>\t\t\t\t\t\t\t\t<\/div>\n\t\t\t\t<\/div>\n\t\t\t\t<\/div>\n\t\t\t\t<\/div>\n\t\t<div class=\"elementor-element elementor-element-1d9b4fd e-con-full e-flex e-con e-child\" data-id=\"1d9b4fd\" data-element_type=\"container\" data-e-type=\"container\">\n\t\t\t\t<div class=\"elementor-element elementor-element-eab2fa6 elementor-icon-list--layout-inline elementor-align-center elementor-tablet-align-center elementor-mobile-align-start elementor-list-item-link-full_width elementor-widget elementor-widget-icon-list\" data-id=\"eab2fa6\" data-element_type=\"widget\" data-e-type=\"widget\" data-widget_type=\"icon-list.default\">\n\t\t\t\t<div class=\"elementor-widget-container\">\n\t\t\t\t\t\t\t<ul class=\"elementor-icon-list-items elementor-inline-items\">\n\t\t\t\t\t\t\t<li class=\"elementor-icon-list-item elementor-inline-item\">\n\t\t\t\t\t\t\t\t\t\t\t<a href=\"https:\/\/atmosphere.com\/wp-content\/uploads\/BC-BROCHURE.pdf\" target=\"_blank\">\n\n\t\t\t\t\t\t\t\t\t\t\t\t<span class=\"elementor-icon-list-icon\">\n\t\t\t\t\t\t\t<i aria-hidden=\"true\" class=\"fas fa-file-pdf\"><\/i>\t\t\t\t\t\t<\/span>\n\t\t\t\t\t\t\t\t\t\t<span class=\"elementor-icon-list-text\">Brochure s\u00e9rie BC<\/span>\n\t\t\t\t\t\t\t\t\t\t\t<\/a>\n\t\t\t\t\t\t\t\t\t<\/li>\n\t\t\t\t\t\t\t\t<li class=\"elementor-icon-list-item elementor-inline-item\">\n\t\t\t\t\t\t\t\t\t\t\t<a href=\"https:\/\/atmosphere.com\/wp-content\/uploads\/BC-MANUAL-1.pdf\" target=\"_blank\">\n\n\t\t\t\t\t\t\t\t\t\t\t\t<span class=\"elementor-icon-list-icon\">\n\t\t\t\t\t\t\t<i aria-hidden=\"true\" class=\"fas fa-file-pdf\"><\/i>\t\t\t\t\t\t<\/span>\n\t\t\t\t\t\t\t\t\t\t<span class=\"elementor-icon-list-text\">Manuel de la s\u00e9rie BC<\/span>\n\t\t\t\t\t\t\t\t\t\t\t<\/a>\n\t\t\t\t\t\t\t\t\t<\/li>\n\t\t\t\t\t\t\t\t<li class=\"elementor-icon-list-item elementor-inline-item\">\n\t\t\t\t\t\t\t\t\t\t\t<a href=\"https:\/\/atmosphere.com\/wp-content\/uploads\/BC-SUBMITTAL-EN-1-1.pdf\" target=\"_blank\">\n\n\t\t\t\t\t\t\t\t\t\t\t\t<span class=\"elementor-icon-list-icon\">\n\t\t\t\t\t\t\t<i aria-hidden=\"true\" class=\"fas fa-file-pdf\"><\/i>\t\t\t\t\t\t<\/span>\n\t\t\t\t\t\t\t\t\t\t<span class=\"elementor-icon-list-text\">Feuille de pr\u00e9sentation de la s\u00e9rie BC<\/span>\n\t\t\t\t\t\t\t\t\t\t\t<\/a>\n\t\t\t\t\t\t\t\t\t<\/li>\n\t\t\t\t\t\t<\/ul>\n\t\t\t\t\t\t<\/div>\n\t\t\t\t<\/div>\n\t\t\t\t<div class=\"elementor-element elementor-element-59f5a72 elementor-widget elementor-widget-image\" data-id=\"59f5a72\" data-element_type=\"widget\" data-e-type=\"widget\" data-widget_type=\"image.default\">\n\t\t\t\t<div class=\"elementor-widget-container\">\n\t\t\t\t\t\t\t\t\t\t\t\t\t\t\t\t<a href=\"https:\/\/atmosphere.com\/wp-content\/uploads\/BC-DIMENTIONNAL-TABLE-ALL.jpg\" data-elementor-open-lightbox=\"yes\" data-elementor-lightbox-title=\"BC DIMENTIONNAL TABLE ALL\" data-e-action-hash=\"#elementor-action%3Aaction%3Dlightbox%26settings%3DeyJpZCI6MTY1NCwidXJsIjoiaHR0cHM6XC9cL2F0bW9zcGhlcmUuY29tXC93cC1jb250ZW50XC91cGxvYWRzXC9CQy1ESU1FTlRJT05OQUwtVEFCTEUtQUxMLmpwZyJ9\">\n\t\t\t\t\t\t\t<img decoding=\"async\" width=\"2276\" height=\"704\" src=\"https:\/\/atmosphere.com\/wp-content\/uploads\/BC-DIMENTIONNAL-TABLE-ALL.jpg\" class=\"attachment-full size-full wp-image-1654\" alt=\"\" srcset=\"https:\/\/atmosphere.com\/wp-content\/uploads\/BC-DIMENTIONNAL-TABLE-ALL.jpg 2276w, https:\/\/atmosphere.com\/wp-content\/uploads\/BC-DIMENTIONNAL-TABLE-ALL-300x93.jpg 300w, https:\/\/atmosphere.com\/wp-content\/uploads\/BC-DIMENTIONNAL-TABLE-ALL-1024x317.jpg 1024w, https:\/\/atmosphere.com\/wp-content\/uploads\/BC-DIMENTIONNAL-TABLE-ALL-768x238.jpg 768w, https:\/\/atmosphere.com\/wp-content\/uploads\/BC-DIMENTIONNAL-TABLE-ALL-1536x475.jpg 1536w, https:\/\/atmosphere.com\/wp-content\/uploads\/BC-DIMENTIONNAL-TABLE-ALL-2048x633.jpg 2048w\" sizes=\"(max-width: 2276px) 100vw, 2276px\" \/>\t\t\t\t\t\t\t\t<\/a>\n\t\t\t\t\t\t\t\t\t\t\t\t\t\t\t<\/div>\n\t\t\t\t<\/div>\n\t\t<div class=\"elementor-element elementor-element-29aed18 e-con-full e-flex e-con e-child\" data-id=\"29aed18\" data-element_type=\"container\" data-e-type=\"container\">\n\t\t<div class=\"elementor-element elementor-element-d7f03d0 e-con-full e-flex e-con e-child\" data-id=\"d7f03d0\" data-element_type=\"container\" data-e-type=\"container\">\n\t\t\t\t<div class=\"elementor-element elementor-element-07b847f elementor-widget elementor-widget-heading\" data-id=\"07b847f\" data-element_type=\"widget\" data-e-type=\"widget\" data-widget_type=\"heading.default\">\n\t\t\t\t<div class=\"elementor-widget-container\">\n\t\t\t\t\t<h2 class=\"elementor-heading-title elementor-size-default\">Graphique de performance de la s\u00e9rie BC<\/h2>\t\t\t\t<\/div>\n\t\t\t\t<\/div>\n\t\t\t\t<div class=\"elementor-element elementor-element-e2ffb46 elementor-widget elementor-widget-image\" data-id=\"e2ffb46\" data-element_type=\"widget\" data-e-type=\"widget\" data-widget_type=\"image.default\">\n\t\t\t\t<div class=\"elementor-widget-container\">\n\t\t\t\t\t\t\t\t\t\t\t\t\t\t\t\t<a href=\"https:\/\/atmosphere.com\/wp-content\/uploads\/BC-GRAPH-ALL-scaled.jpg\" data-elementor-open-lightbox=\"yes\" data-elementor-lightbox-title=\"BC GRAPH ALL\" data-e-action-hash=\"#elementor-action%3Aaction%3Dlightbox%26settings%3DeyJpZCI6MTY1NSwidXJsIjoiaHR0cHM6XC9cL2F0bW9zcGhlcmUuY29tXC93cC1jb250ZW50XC91cGxvYWRzXC9CQy1HUkFQSC1BTEwtc2NhbGVkLmpwZyJ9\">\n\t\t\t\t\t\t\t<img loading=\"lazy\" decoding=\"async\" width=\"2560\" height=\"1545\" src=\"https:\/\/atmosphere.com\/wp-content\/uploads\/BC-GRAPH-ALL-scaled.jpg\" class=\"attachment-full size-full wp-image-1655\" alt=\"\" srcset=\"https:\/\/atmosphere.com\/wp-content\/uploads\/BC-GRAPH-ALL-scaled.jpg 2560w, https:\/\/atmosphere.com\/wp-content\/uploads\/BC-GRAPH-ALL-300x181.jpg 300w, https:\/\/atmosphere.com\/wp-content\/uploads\/BC-GRAPH-ALL-1024x618.jpg 1024w, https:\/\/atmosphere.com\/wp-content\/uploads\/BC-GRAPH-ALL-768x464.jpg 768w, https:\/\/atmosphere.com\/wp-content\/uploads\/BC-GRAPH-ALL-1536x927.jpg 1536w, https:\/\/atmosphere.com\/wp-content\/uploads\/BC-GRAPH-ALL-2048x1236.jpg 2048w\" sizes=\"(max-width: 2560px) 100vw, 2560px\" \/>\t\t\t\t\t\t\t\t<\/a>\n\t\t\t\t\t\t\t\t\t\t\t\t\t\t\t<\/div>\n\t\t\t\t<\/div>\n\t\t\t\t<\/div>\n\t\t\t\t<\/div>\n\t\t\t\t<div class=\"elementor-element elementor-element-3862a87 elementor-widget__width-initial elementor-widget elementor-widget-heading\" data-id=\"3862a87\" data-element_type=\"widget\" data-e-type=\"widget\" data-widget_type=\"heading.default\">\n\t\t\t\t<div class=\"elementor-widget-container\">\n\t\t\t\t\t<h2 class=\"elementor-heading-title elementor-size-default\">Les performances du d\u00e9bit d'air du ventilateur doivent \u00eatre bas\u00e9es sur des essais r\u00e9alis\u00e9s conform\u00e9ment \u00e0 la norme 211 de l'AMCA et doivent \u00eatre autoris\u00e9es \u00e0 porter le label AMCA Certified Ratings.<\/h2>\t\t\t\t<\/div>\n\t\t\t\t<\/div>\n\t\t<div class=\"elementor-element elementor-element-9d780c3 e-con-full e-flex e-con e-child\" data-id=\"9d780c3\" data-element_type=\"container\" data-e-type=\"container\">\n\t\t\t\t<div class=\"elementor-element elementor-element-b2f43c2 elementor-widget__width-initial elementor-widget elementor-widget-heading\" data-id=\"b2f43c2\" data-element_type=\"widget\" data-e-type=\"widget\" data-widget_type=\"heading.default\">\n\t\t\t\t<div class=\"elementor-widget-container\">\n\t\t\t\t\t<h2 class=\"elementor-heading-title elementor-size-default\">Tableau des performances de la s\u00e9rie BC<\/h2>\t\t\t\t<\/div>\n\t\t\t\t<\/div>\n\t\t\t\t<div class=\"elementor-element elementor-element-52dcaef elementor-widget__width-initial elementor-widget elementor-widget-heading\" data-id=\"52dcaef\" data-element_type=\"widget\" data-e-type=\"widget\" data-widget_type=\"heading.default\">\n\t\t\t\t<div class=\"elementor-widget-container\">\n\t\t\t\t\t<h2 class=\"elementor-heading-title elementor-size-default\">Tous les produits BC sont \u00e9quip\u00e9s de moteurs adapt\u00e9s \u00e0 une alimentation \u00e9lectrique de 120 Volts AC 60Hz uniquement.<\/h2>\t\t\t\t<\/div>\n\t\t\t\t<\/div>\n\t\t\t\t<\/div>\n\t\t\t\t<div class=\"elementor-element elementor-element-332881a elementor-widget__width-initial elementor-widget elementor-widget-image\" data-id=\"332881a\" data-element_type=\"widget\" data-e-type=\"widget\" data-widget_type=\"image.default\">\n\t\t\t\t<div class=\"elementor-widget-container\">\n\t\t\t\t\t\t\t\t\t\t\t\t\t\t\t\t<a href=\"https:\/\/atmosphere.com\/wp-content\/uploads\/BC-PERFOMANCE-TABLE.jpg\" data-elementor-open-lightbox=\"yes\" data-elementor-lightbox-title=\"BC PERFOMANCE TABLE\" data-e-action-hash=\"#elementor-action%3Aaction%3Dlightbox%26settings%3DeyJpZCI6MTY1NiwidXJsIjoiaHR0cHM6XC9cL2F0bW9zcGhlcmUuY29tXC93cC1jb250ZW50XC91cGxvYWRzXC9CQy1QRVJGT01BTkNFLVRBQkxFLmpwZyJ9\">\n\t\t\t\t\t\t\t<img loading=\"lazy\" decoding=\"async\" width=\"2103\" height=\"452\" src=\"https:\/\/atmosphere.com\/wp-content\/uploads\/BC-PERFOMANCE-TABLE.jpg\" class=\"attachment-full size-full wp-image-1656\" alt=\"\" srcset=\"https:\/\/atmosphere.com\/wp-content\/uploads\/BC-PERFOMANCE-TABLE.jpg 2103w, https:\/\/atmosphere.com\/wp-content\/uploads\/BC-PERFOMANCE-TABLE-300x64.jpg 300w, https:\/\/atmosphere.com\/wp-content\/uploads\/BC-PERFOMANCE-TABLE-1024x220.jpg 1024w, https:\/\/atmosphere.com\/wp-content\/uploads\/BC-PERFOMANCE-TABLE-768x165.jpg 768w, https:\/\/atmosphere.com\/wp-content\/uploads\/BC-PERFOMANCE-TABLE-1536x330.jpg 1536w, https:\/\/atmosphere.com\/wp-content\/uploads\/BC-PERFOMANCE-TABLE-2048x440.jpg 2048w\" sizes=\"(max-width: 2103px) 100vw, 2103px\" \/>\t\t\t\t\t\t\t\t<\/a>\n\t\t\t\t\t\t\t\t\t\t\t\t\t\t\t<\/div>\n\t\t\t\t<\/div>\n\t\t\t\t<\/div>\n\t\t\t\t<\/div>\n\t\t\t\t\t<\/div>\n\t\t\t\t<\/div>\n\t\t\t\t<\/div>","protected":false},"excerpt":{"rendered":"<p>BC SERIES Inline fans Brackets included for wall or ceiling mount\u00a0 Permanently lubricated sealed bearings\u00a0 External rotor motor\u00a0 Thermal overload protection\u00a0\u00a0 1 year limited warranty Suitable for airstream temperatures up to 140\u00b0F (60\u00b0C)\u00a0 Aerodynamic design allowing more air flow\u00a0 Airflow capacity from 173 to 1010 CFM\u00a0 Speed controllable BC series brochure BC series manual BC [&hellip;]<\/p>\n","protected":false},"author":1,"featured_media":0,"parent":0,"menu_order":0,"comment_status":"closed","ping_status":"closed","template":"","meta":{"footnotes":""},"class_list":["post-979","page","type-page","status-publish","hentry"],"_links":{"self":[{"href":"https:\/\/atmosphere.com\/fr\/wp-json\/wp\/v2\/pages\/979","targetHints":{"allow":["GET"]}}],"collection":[{"href":"https:\/\/atmosphere.com\/fr\/wp-json\/wp\/v2\/pages"}],"about":[{"href":"https:\/\/atmosphere.com\/fr\/wp-json\/wp\/v2\/types\/page"}],"author":[{"embeddable":true,"href":"https:\/\/atmosphere.com\/fr\/wp-json\/wp\/v2\/users\/1"}],"replies":[{"embeddable":true,"href":"https:\/\/atmosphere.com\/fr\/wp-json\/wp\/v2\/comments?post=979"}],"version-history":[{"count":5,"href":"https:\/\/atmosphere.com\/fr\/wp-json\/wp\/v2\/pages\/979\/revisions"}],"predecessor-version":[{"id":2198,"href":"https:\/\/atmosphere.com\/fr\/wp-json\/wp\/v2\/pages\/979\/revisions\/2198"}],"wp:attachment":[{"href":"https:\/\/atmosphere.com\/fr\/wp-json\/wp\/v2\/media?parent=979"}],"curies":[{"name":"wp","href":"https:\/\/api.w.org\/{rel}","templated":true}]}}