{"id":980,"date":"2024-04-18T08:43:36","date_gmt":"2024-04-18T13:43:36","guid":{"rendered":"https:\/\/dev3.webadaptatifdesign.com\/?page_id=980"},"modified":"2025-01-13T15:10:15","modified_gmt":"2025-01-13T20:10:15","slug":"serie-vat","status":"publish","type":"page","link":"https:\/\/atmosphere.com\/fr\/vat-series","title":{"rendered":"S\u00e9rie VAT"},"content":{"rendered":"<div data-elementor-type=\"wp-page\" data-elementor-id=\"980\" class=\"elementor elementor-980\" data-elementor-post-type=\"page\">\n\t\t\t\t<div class=\"elementor-element elementor-element-9f68e45 e-flex e-con-boxed e-con e-parent\" data-id=\"9f68e45\" data-element_type=\"container\" data-e-type=\"container\">\n\t\t\t\t\t<div class=\"e-con-inner\">\n\t\t\t\t<div class=\"elementor-element elementor-element-cdf4b6d elementor-widget elementor-widget-heading\" data-id=\"cdf4b6d\" data-element_type=\"widget\" data-e-type=\"widget\" data-widget_type=\"heading.default\">\n\t\t\t\t<div class=\"elementor-widget-container\">\n\t\t\t\t\t<h3 class=\"elementor-heading-title elementor-size-default\">S\u00c9RIE VAT<\/h3>\t\t\t\t<\/div>\n\t\t\t\t<\/div>\n\t\t\t\t<div class=\"elementor-element elementor-element-ddbb2b1 elementor-widget elementor-widget-heading\" data-id=\"ddbb2b1\" data-element_type=\"widget\" data-e-type=\"widget\" data-widget_type=\"heading.default\">\n\t\t\t\t<div class=\"elementor-widget-container\">\n\t\t\t\t\t<h2 class=\"elementor-heading-title elementor-size-default\">Ventilateurs en ligne<\/h2>\t\t\t\t<\/div>\n\t\t\t\t<\/div>\n\t\t<div class=\"elementor-element elementor-element-cd2547b e-con-full e-flex e-con e-child\" data-id=\"cd2547b\" data-element_type=\"container\" data-e-type=\"container\">\n\t\t<div class=\"elementor-element elementor-element-5ccc389 e-con-full e-flex e-con e-child\" data-id=\"5ccc389\" data-element_type=\"container\" data-e-type=\"container\">\n\t\t<div class=\"elementor-element elementor-element-d73bce8 e-flex e-con-boxed e-con e-child\" data-id=\"d73bce8\" data-element_type=\"container\" data-e-type=\"container\">\n\t\t\t\t\t<div class=\"e-con-inner\">\n\t\t\t\t<div class=\"elementor-element elementor-element-4dfbe5e elementor-widget elementor-widget-text-editor\" data-id=\"4dfbe5e\" data-element_type=\"widget\" data-e-type=\"widget\" data-widget_type=\"text-editor.default\">\n\t\t\t\t<div class=\"elementor-widget-container\">\n\t\t\t\t\t\t\t\t\t<ul><li>Fonctionnement silencieux<\/li><li>Enveloppe galvanis\u00e9e<\/li><li>Disponible en diam\u00e8tre de conduit de 4'' \u00e0 10''.<\/li><li>Capacit\u00e9 de d\u00e9bit d'air de 66 \u00e0 411 CFM<\/li><\/ul>\t\t\t\t\t\t\t\t<\/div>\n\t\t\t\t<\/div>\n\t\t\t\t<div class=\"elementor-element elementor-element-1b7aa87 elementor-hidden-mobile elementor-widget elementor-widget-image\" data-id=\"1b7aa87\" data-element_type=\"widget\" data-e-type=\"widget\" data-widget_type=\"image.default\">\n\t\t\t\t<div class=\"elementor-widget-container\">\n\t\t\t\t\t\t\t\t\t\t\t\t\t\t\t<img decoding=\"async\" width=\"259\" height=\"72\" src=\"https:\/\/atmosphere.com\/wp-content\/uploads\/l-vortex-a.png\" class=\"attachment-full size-full wp-image-896\" alt=\"\" \/>\t\t\t\t\t\t\t\t\t\t\t\t\t\t\t<\/div>\n\t\t\t\t<\/div>\n\t\t\t\t\t<\/div>\n\t\t\t\t<\/div>\n\t\t<div class=\"elementor-element elementor-element-ad51aff e-flex e-con-boxed e-con e-child\" data-id=\"ad51aff\" data-element_type=\"container\" data-e-type=\"container\">\n\t\t\t\t\t<div class=\"e-con-inner\">\n\t\t\t\t<div class=\"elementor-element elementor-element-540d0bc elementor-widget elementor-widget-image\" data-id=\"540d0bc\" data-element_type=\"widget\" data-e-type=\"widget\" data-widget_type=\"image.default\">\n\t\t\t\t<div class=\"elementor-widget-container\">\n\t\t\t\t\t\t\t\t\t\t\t\t\t\t\t\t<a href=\"https:\/\/atmosphere.com\/wp-content\/uploads\/VAT-GROUPED.jpg\" data-elementor-open-lightbox=\"yes\" data-elementor-lightbox-title=\"VAT GROUPED\" data-e-action-hash=\"#elementor-action%3Aaction%3Dlightbox%26settings%3DeyJpZCI6MTcyMSwidXJsIjoiaHR0cHM6XC9cL2F0bW9zcGhlcmUuY29tXC93cC1jb250ZW50XC91cGxvYWRzXC9WQVQtR1JPVVBFRC5qcGcifQ%3D%3D\">\n\t\t\t\t\t\t\t<img fetchpriority=\"high\" decoding=\"async\" width=\"1440\" height=\"666\" src=\"https:\/\/atmosphere.com\/wp-content\/uploads\/VAT-GROUPED.jpg\" class=\"attachment-full size-full wp-image-1721\" alt=\"\" srcset=\"https:\/\/atmosphere.com\/wp-content\/uploads\/VAT-GROUPED.jpg 1440w, https:\/\/atmosphere.com\/wp-content\/uploads\/VAT-GROUPED-300x139.jpg 300w, https:\/\/atmosphere.com\/wp-content\/uploads\/VAT-GROUPED-1024x474.jpg 1024w, https:\/\/atmosphere.com\/wp-content\/uploads\/VAT-GROUPED-768x355.jpg 768w\" sizes=\"(max-width: 1440px) 100vw, 1440px\" \/>\t\t\t\t\t\t\t\t<\/a>\n\t\t\t\t\t\t\t\t\t\t\t\t\t\t\t<\/div>\n\t\t\t\t<\/div>\n\t\t\t\t\t<\/div>\n\t\t\t\t<\/div>\n\t\t<div class=\"elementor-element elementor-element-3fc3858 e-con-full e-flex e-con e-child\" data-id=\"3fc3858\" data-element_type=\"container\" data-e-type=\"container\">\n\t\t\t\t<div class=\"elementor-element elementor-element-e0b2e91 elementor-widget elementor-widget-text-editor\" data-id=\"e0b2e91\" data-element_type=\"widget\" data-e-type=\"widget\" data-widget_type=\"text-editor.default\">\n\t\t\t\t<div class=\"elementor-widget-container\">\n\t\t\t\t\t\t\t\t\t<ul><li>Peut \u00eatre mont\u00e9 dans n'importe quelle position<\/li><li>1 an de garantie limit\u00e9e<\/li><li>Homologu\u00e9 ETL<\/li><li>Pr\u00e9c\u00e2bl\u00e9 avec un cordon d'alimentation de 120V<\/li><\/ul>\t\t\t\t\t\t\t\t<\/div>\n\t\t\t\t<\/div>\n\t\t\t\t<\/div>\n\t\t\t\t<\/div>\n\t\t<div class=\"elementor-element elementor-element-86d1685 e-con-full e-flex e-con e-child\" data-id=\"86d1685\" data-element_type=\"container\" data-e-type=\"container\">\n\t\t\t\t<div class=\"elementor-element elementor-element-4f3ff24 elementor-icon-list--layout-inline elementor-align-center elementor-tablet-align-center elementor-mobile-align-start elementor-list-item-link-full_width elementor-widget elementor-widget-icon-list\" data-id=\"4f3ff24\" data-element_type=\"widget\" data-e-type=\"widget\" data-widget_type=\"icon-list.default\">\n\t\t\t\t<div class=\"elementor-widget-container\">\n\t\t\t\t\t\t\t<ul class=\"elementor-icon-list-items elementor-inline-items\">\n\t\t\t\t\t\t\t<li class=\"elementor-icon-list-item elementor-inline-item\">\n\t\t\t\t\t\t\t\t\t\t\t<a href=\"https:\/\/atmosphere.com\/wp-content\/uploads\/VAT-VMF-PAMPHLET-1.pdf\" target=\"_blank\">\n\n\t\t\t\t\t\t\t\t\t\t\t\t<span class=\"elementor-icon-list-icon\">\n\t\t\t\t\t\t\t<i aria-hidden=\"true\" class=\"fas fa-file-pdf\"><\/i>\t\t\t\t\t\t<\/span>\n\t\t\t\t\t\t\t\t\t\t<span class=\"elementor-icon-list-text\">Brochure de la s\u00e9rie VAT<\/span>\n\t\t\t\t\t\t\t\t\t\t\t<\/a>\n\t\t\t\t\t\t\t\t\t<\/li>\n\t\t\t\t\t\t\t\t<li class=\"elementor-icon-list-item elementor-inline-item\">\n\t\t\t\t\t\t\t\t\t\t\t<a href=\"https:\/\/atmosphere.com\/wp-content\/uploads\/VAT-MANUAL-EN-1.pdf\" target=\"_blank\">\n\n\t\t\t\t\t\t\t\t\t\t\t\t<span class=\"elementor-icon-list-icon\">\n\t\t\t\t\t\t\t<i aria-hidden=\"true\" class=\"fas fa-file-pdf\"><\/i>\t\t\t\t\t\t<\/span>\n\t\t\t\t\t\t\t\t\t\t<span class=\"elementor-icon-list-text\">Manuel de la s\u00e9rie VAT<\/span>\n\t\t\t\t\t\t\t\t\t\t\t<\/a>\n\t\t\t\t\t\t\t\t\t<\/li>\n\t\t\t\t\t\t<\/ul>\n\t\t\t\t\t\t<\/div>\n\t\t\t\t<\/div>\n\t\t\t\t<div class=\"elementor-element elementor-element-6ba38d4 elementor-widget elementor-widget-heading\" data-id=\"6ba38d4\" data-element_type=\"widget\" data-e-type=\"widget\" data-widget_type=\"heading.default\">\n\t\t\t\t<div class=\"elementor-widget-container\">\n\t\t\t\t\t<h2 class=\"elementor-heading-title elementor-size-default\">S\u00e9rie VAT Donn\u00e9es dimensionnelles<\/h2>\t\t\t\t<\/div>\n\t\t\t\t<\/div>\n\t\t<div class=\"elementor-element elementor-element-52e281e e-con-full e-flex e-con e-child\" data-id=\"52e281e\" data-element_type=\"container\" data-e-type=\"container\">\n\t\t<div class=\"elementor-element elementor-element-9747cdc e-con-full e-flex e-con e-child\" data-id=\"9747cdc\" data-element_type=\"container\" data-e-type=\"container\">\n\t\t\t\t<div class=\"elementor-element elementor-element-56b91f2 elementor-widget elementor-widget-image\" data-id=\"56b91f2\" data-element_type=\"widget\" data-e-type=\"widget\" data-widget_type=\"image.default\">\n\t\t\t\t<div class=\"elementor-widget-container\">\n\t\t\t\t\t\t\t\t\t\t\t\t\t\t\t\t<a href=\"https:\/\/atmosphere.com\/wp-content\/uploads\/VAT-DIMENSIONNAL-TABLE-ONLY.jpg\" data-elementor-open-lightbox=\"yes\" data-elementor-lightbox-title=\"VAT DIMENSIONNAL TABLE ONLY\" data-e-action-hash=\"#elementor-action%3Aaction%3Dlightbox%26settings%3DeyJpZCI6MTcxNywidXJsIjoiaHR0cHM6XC9cL2F0bW9zcGhlcmUuY29tXC93cC1jb250ZW50XC91cGxvYWRzXC9WQVQtRElNRU5TSU9OTkFMLVRBQkxFLU9OTFkuanBnIn0%3D\">\n\t\t\t\t\t\t\t<img decoding=\"async\" width=\"577\" height=\"324\" src=\"https:\/\/atmosphere.com\/wp-content\/uploads\/VAT-DIMENSIONNAL-TABLE-ONLY.jpg\" class=\"attachment-full size-full wp-image-1717\" alt=\"\" srcset=\"https:\/\/atmosphere.com\/wp-content\/uploads\/VAT-DIMENSIONNAL-TABLE-ONLY.jpg 577w, https:\/\/atmosphere.com\/wp-content\/uploads\/VAT-DIMENSIONNAL-TABLE-ONLY-300x168.jpg 300w\" sizes=\"(max-width: 577px) 100vw, 577px\" \/>\t\t\t\t\t\t\t\t<\/a>\n\t\t\t\t\t\t\t\t\t\t\t\t\t\t\t<\/div>\n\t\t\t\t<\/div>\n\t\t\t\t<\/div>\n\t\t<div class=\"elementor-element elementor-element-93af58a e-con-full e-flex e-con e-child\" data-id=\"93af58a\" data-element_type=\"container\" data-e-type=\"container\">\n\t\t\t\t<div class=\"elementor-element elementor-element-dee65e3 elementor-widget elementor-widget-image\" data-id=\"dee65e3\" data-element_type=\"widget\" data-e-type=\"widget\" data-widget_type=\"image.default\">\n\t\t\t\t<div class=\"elementor-widget-container\">\n\t\t\t\t\t\t\t\t\t\t\t\t\t\t\t\t<a href=\"https:\/\/atmosphere.com\/wp-content\/uploads\/VAT-DIMENSIONAL-WIRE-FRAME-scaled.jpg\" data-elementor-open-lightbox=\"yes\" data-elementor-lightbox-title=\"VAT DIMENSIONAL WIRE FRAME\" data-e-action-hash=\"#elementor-action%3Aaction%3Dlightbox%26settings%3DeyJpZCI6MTcxNiwidXJsIjoiaHR0cHM6XC9cL2F0bW9zcGhlcmUuY29tXC93cC1jb250ZW50XC91cGxvYWRzXC9WQVQtRElNRU5TSU9OQUwtV0lSRS1GUkFNRS1zY2FsZWQuanBnIn0%3D\">\n\t\t\t\t\t\t\t<img loading=\"lazy\" decoding=\"async\" width=\"2560\" height=\"1299\" src=\"https:\/\/atmosphere.com\/wp-content\/uploads\/VAT-DIMENSIONAL-WIRE-FRAME-scaled.jpg\" class=\"attachment-full size-full wp-image-1716\" alt=\"\" srcset=\"https:\/\/atmosphere.com\/wp-content\/uploads\/VAT-DIMENSIONAL-WIRE-FRAME-scaled.jpg 2560w, https:\/\/atmosphere.com\/wp-content\/uploads\/VAT-DIMENSIONAL-WIRE-FRAME-300x152.jpg 300w, https:\/\/atmosphere.com\/wp-content\/uploads\/VAT-DIMENSIONAL-WIRE-FRAME-1024x519.jpg 1024w, https:\/\/atmosphere.com\/wp-content\/uploads\/VAT-DIMENSIONAL-WIRE-FRAME-768x390.jpg 768w, https:\/\/atmosphere.com\/wp-content\/uploads\/VAT-DIMENSIONAL-WIRE-FRAME-1536x779.jpg 1536w, https:\/\/atmosphere.com\/wp-content\/uploads\/VAT-DIMENSIONAL-WIRE-FRAME-2048x1039.jpg 2048w\" sizes=\"(max-width: 2560px) 100vw, 2560px\" \/>\t\t\t\t\t\t\t\t<\/a>\n\t\t\t\t\t\t\t\t\t\t\t\t\t\t\t<\/div>\n\t\t\t\t<\/div>\n\t\t\t\t<\/div>\n\t\t\t\t<\/div>\n\t\t<div class=\"elementor-element elementor-element-4d6f0b3 e-con-full e-flex e-con e-child\" data-id=\"4d6f0b3\" data-element_type=\"container\" data-e-type=\"container\">\n\t\t\t\t<div class=\"elementor-element elementor-element-3fe8613 elementor-widget__width-initial elementor-widget elementor-widget-heading\" data-id=\"3fe8613\" data-element_type=\"widget\" data-e-type=\"widget\" data-widget_type=\"heading.default\">\n\t\t\t\t<div class=\"elementor-widget-container\">\n\t\t\t\t\t<h2 class=\"elementor-heading-title elementor-size-default\">Tableau des performances de la s\u00e9rie VAT<\/h2>\t\t\t\t<\/div>\n\t\t\t\t<\/div>\n\t\t\t\t<div class=\"elementor-element elementor-element-a85d8fb elementor-widget__width-initial elementor-widget elementor-widget-heading\" data-id=\"a85d8fb\" data-element_type=\"widget\" data-e-type=\"widget\" data-widget_type=\"heading.default\">\n\t\t\t\t<div class=\"elementor-widget-container\">\n\t\t\t\t\t<h2 class=\"elementor-heading-title elementor-size-default\">Tous les produits VAT sont \u00e9quip\u00e9s de moteurs adapt\u00e9s \u00e0 une alimentation \u00e9lectrique de 120 Volts AC 60Hz uniquement.<\/h2>\t\t\t\t<\/div>\n\t\t\t\t<\/div>\n\t\t\t\t<\/div>\n\t\t\t\t<div class=\"elementor-element elementor-element-ad89207 elementor-widget__width-initial elementor-widget elementor-widget-image\" data-id=\"ad89207\" data-element_type=\"widget\" data-e-type=\"widget\" data-widget_type=\"image.default\">\n\t\t\t\t<div class=\"elementor-widget-container\">\n\t\t\t\t\t\t\t\t\t\t\t\t\t\t\t\t<a href=\"https:\/\/atmosphere.com\/wp-content\/uploads\/VAT-PERFORMANCE-TABLE.jpg\" data-elementor-open-lightbox=\"yes\" data-elementor-lightbox-title=\"VAT PERFORMANCE TABLE\" data-e-action-hash=\"#elementor-action%3Aaction%3Dlightbox%26settings%3DeyJpZCI6MTcyMCwidXJsIjoiaHR0cHM6XC9cL2F0bW9zcGhlcmUuY29tXC93cC1jb250ZW50XC91cGxvYWRzXC9WQVQtUEVSRk9STUFOQ0UtVEFCTEUuanBnIn0%3D\">\n\t\t\t\t\t\t\t<img loading=\"lazy\" decoding=\"async\" width=\"918\" height=\"350\" src=\"https:\/\/atmosphere.com\/wp-content\/uploads\/VAT-PERFORMANCE-TABLE.jpg\" class=\"attachment-full size-full wp-image-1720\" alt=\"\" srcset=\"https:\/\/atmosphere.com\/wp-content\/uploads\/VAT-PERFORMANCE-TABLE.jpg 918w, https:\/\/atmosphere.com\/wp-content\/uploads\/VAT-PERFORMANCE-TABLE-300x114.jpg 300w, https:\/\/atmosphere.com\/wp-content\/uploads\/VAT-PERFORMANCE-TABLE-768x293.jpg 768w\" sizes=\"(max-width: 918px) 100vw, 918px\" \/>\t\t\t\t\t\t\t\t<\/a>\n\t\t\t\t\t\t\t\t\t\t\t\t\t\t\t<\/div>\n\t\t\t\t<\/div>\n\t\t\t\t<\/div>\n\t\t\t\t<\/div>\n\t\t\t\t\t<\/div>\n\t\t\t\t<\/div>\n\t\t\t\t<\/div>","protected":false},"excerpt":{"rendered":"<p>VAT SERIES Inline fans Quiet operation Galvanized casing Available in duct diameter from 4\u2019\u2019 to 10\u2019\u2019 Airflow capacity from 66 to 411 CFM Can be mounted in any position 1 year limited Warranty ETL listed Prewired with 120V power cord VAT series brochure VAT series manual VAT Series Dimentional Data VAT Series Performance table All [&hellip;]<\/p>\n","protected":false},"author":1,"featured_media":0,"parent":0,"menu_order":0,"comment_status":"closed","ping_status":"closed","template":"","meta":{"footnotes":""},"class_list":["post-980","page","type-page","status-publish","hentry"],"_links":{"self":[{"href":"https:\/\/atmosphere.com\/fr\/wp-json\/wp\/v2\/pages\/980","targetHints":{"allow":["GET"]}}],"collection":[{"href":"https:\/\/atmosphere.com\/fr\/wp-json\/wp\/v2\/pages"}],"about":[{"href":"https:\/\/atmosphere.com\/fr\/wp-json\/wp\/v2\/types\/page"}],"author":[{"embeddable":true,"href":"https:\/\/atmosphere.com\/fr\/wp-json\/wp\/v2\/users\/1"}],"replies":[{"embeddable":true,"href":"https:\/\/atmosphere.com\/fr\/wp-json\/wp\/v2\/comments?post=980"}],"version-history":[{"count":5,"href":"https:\/\/atmosphere.com\/fr\/wp-json\/wp\/v2\/pages\/980\/revisions"}],"predecessor-version":[{"id":2201,"href":"https:\/\/atmosphere.com\/fr\/wp-json\/wp\/v2\/pages\/980\/revisions\/2201"}],"wp:attachment":[{"href":"https:\/\/atmosphere.com\/fr\/wp-json\/wp\/v2\/media?parent=980"}],"curies":[{"name":"wp","href":"https:\/\/api.w.org\/{rel}","templated":true}]}}