{"id":981,"date":"2024-04-18T08:43:42","date_gmt":"2024-04-18T13:43:42","guid":{"rendered":"https:\/\/dev3.webadaptatifdesign.com\/?page_id=981"},"modified":"2025-01-13T15:10:40","modified_gmt":"2025-01-13T20:10:40","slug":"serie-vmf","status":"publish","type":"page","link":"https:\/\/atmosphere.com\/fr\/vmf-series","title":{"rendered":"S\u00e9rie VMF"},"content":{"rendered":"<div data-elementor-type=\"wp-page\" data-elementor-id=\"981\" class=\"elementor elementor-981\" data-elementor-post-type=\"page\">\n\t\t\t\t<div class=\"elementor-element elementor-element-7981b143 e-flex e-con-boxed e-con e-parent\" data-id=\"7981b143\" data-element_type=\"container\" data-e-type=\"container\">\n\t\t\t\t\t<div class=\"e-con-inner\">\n\t\t\t\t<div class=\"elementor-element elementor-element-26e95287 elementor-widget elementor-widget-heading\" data-id=\"26e95287\" data-element_type=\"widget\" data-e-type=\"widget\" data-widget_type=\"heading.default\">\n\t\t\t\t<div class=\"elementor-widget-container\">\n\t\t\t\t\t<h3 class=\"elementor-heading-title elementor-size-default\">S\u00c9RIE VMF<\/h3>\t\t\t\t<\/div>\n\t\t\t\t<\/div>\n\t\t\t\t<div class=\"elementor-element elementor-element-77469be8 elementor-widget elementor-widget-heading\" data-id=\"77469be8\" data-element_type=\"widget\" data-e-type=\"widget\" data-widget_type=\"heading.default\">\n\t\t\t\t<div class=\"elementor-widget-container\">\n\t\t\t\t\t<h2 class=\"elementor-heading-title elementor-size-default\">Ventilateurs en ligne<\/h2>\t\t\t\t<\/div>\n\t\t\t\t<\/div>\n\t\t<div class=\"elementor-element elementor-element-c3c1110 e-con-full e-flex e-con e-child\" data-id=\"c3c1110\" data-element_type=\"container\" data-e-type=\"container\">\n\t\t<div class=\"elementor-element elementor-element-79d4104e e-con-full e-flex e-con e-child\" data-id=\"79d4104e\" data-element_type=\"container\" data-e-type=\"container\">\n\t\t<div class=\"elementor-element elementor-element-2a0977a6 e-flex e-con-boxed e-con e-child\" data-id=\"2a0977a6\" data-element_type=\"container\" data-e-type=\"container\">\n\t\t\t\t\t<div class=\"e-con-inner\">\n\t\t\t\t<div class=\"elementor-element elementor-element-7dcf0f7 elementor-widget elementor-widget-text-editor\" data-id=\"7dcf0f7\" data-element_type=\"widget\" data-e-type=\"widget\" data-widget_type=\"text-editor.default\">\n\t\t\t\t<div class=\"elementor-widget-container\">\n\t\t\t\t\t\t\t\t\t<p><span style=\"font-weight: 400;\">La s\u00e9rie Vortex Powerfan VMF est un ventilateur pour conduit en ligne sp\u00e9cialement con\u00e7u pour maximiser les performances de d\u00e9bit d'air avec des niveaux de bruit minimaux dans une petite structure compacte.\u00a0<\/span><span style=\"font-weight: 400;\">bo\u00eetier compact. Ces ventilateurs int\u00e8grent une puissante roue \u00e0 flux mixte et des aubes d'air internes situ\u00e9es \u00e0 l'extr\u00e9mit\u00e9 du refoulement du bo\u00eetier du ventilateur.\u00a0<\/span><span style=\"font-weight: 400;\">La combinaison de la roue et des aubes directrices permet un \u00e9coulement laminaire et r\u00e9gulier de l'air, ce qui minimise les turbulences et le bruit. Il g\u00e9n\u00e8re un excellent flux d'air\u00a0<\/span><span style=\"font-weight: 400;\">maximisant le rapport entre le d\u00e9bit d'air et la pression statique.<\/span><\/p>\t\t\t\t\t\t\t\t<\/div>\n\t\t\t\t<\/div>\n\t\t\t\t<div class=\"elementor-element elementor-element-45187f0f elementor-hidden-mobile elementor-widget elementor-widget-image\" data-id=\"45187f0f\" data-element_type=\"widget\" data-e-type=\"widget\" data-widget_type=\"image.default\">\n\t\t\t\t<div class=\"elementor-widget-container\">\n\t\t\t\t\t\t\t\t\t\t\t\t\t\t\t<img decoding=\"async\" width=\"259\" height=\"72\" src=\"https:\/\/atmosphere.com\/wp-content\/uploads\/l-vortex-a.png\" class=\"attachment-full size-full wp-image-896\" alt=\"\" \/>\t\t\t\t\t\t\t\t\t\t\t\t\t\t\t<\/div>\n\t\t\t\t<\/div>\n\t\t\t\t\t<\/div>\n\t\t\t\t<\/div>\n\t\t<div class=\"elementor-element elementor-element-68a6d733 e-flex e-con-boxed e-con e-child\" data-id=\"68a6d733\" data-element_type=\"container\" data-e-type=\"container\">\n\t\t\t\t\t<div class=\"e-con-inner\">\n\t\t\t\t<div class=\"elementor-element elementor-element-dee2a99 elementor-widget elementor-widget-image\" data-id=\"dee2a99\" data-element_type=\"widget\" data-e-type=\"widget\" data-widget_type=\"image.default\">\n\t\t\t\t<div class=\"elementor-widget-container\">\n\t\t\t\t\t\t\t\t\t\t\t\t\t\t\t\t<a href=\"https:\/\/atmosphere.com\/wp-content\/uploads\/VMF-GROUPED-ALL-scaled.jpg\" data-elementor-open-lightbox=\"yes\" data-elementor-lightbox-title=\"VMF GROUPED ALL\" data-e-action-hash=\"#elementor-action%3Aaction%3Dlightbox%26settings%3DeyJpZCI6MTY2NiwidXJsIjoiaHR0cHM6XC9cL2F0bW9zcGhlcmUuY29tXC93cC1jb250ZW50XC91cGxvYWRzXC9WTUYtR1JPVVBFRC1BTEwtc2NhbGVkLmpwZyJ9\">\n\t\t\t\t\t\t\t<img fetchpriority=\"high\" decoding=\"async\" width=\"2560\" height=\"1128\" src=\"https:\/\/atmosphere.com\/wp-content\/uploads\/VMF-GROUPED-ALL-scaled.jpg\" class=\"attachment-full size-full wp-image-1666\" alt=\"\" srcset=\"https:\/\/atmosphere.com\/wp-content\/uploads\/VMF-GROUPED-ALL-scaled.jpg 2560w, https:\/\/atmosphere.com\/wp-content\/uploads\/VMF-GROUPED-ALL-300x132.jpg 300w, https:\/\/atmosphere.com\/wp-content\/uploads\/VMF-GROUPED-ALL-1024x451.jpg 1024w, https:\/\/atmosphere.com\/wp-content\/uploads\/VMF-GROUPED-ALL-768x338.jpg 768w, https:\/\/atmosphere.com\/wp-content\/uploads\/VMF-GROUPED-ALL-1536x677.jpg 1536w, https:\/\/atmosphere.com\/wp-content\/uploads\/VMF-GROUPED-ALL-2048x903.jpg 2048w\" sizes=\"(max-width: 2560px) 100vw, 2560px\" \/>\t\t\t\t\t\t\t\t<\/a>\n\t\t\t\t\t\t\t\t\t\t\t\t\t\t\t<\/div>\n\t\t\t\t<\/div>\n\t\t\t\t\t<\/div>\n\t\t\t\t<\/div>\n\t\t<div class=\"elementor-element elementor-element-541632f2 e-con-full e-flex e-con e-child\" data-id=\"541632f2\" data-element_type=\"container\" data-e-type=\"container\">\n\t\t\t\t<div class=\"elementor-element elementor-element-4bce91a elementor-widget elementor-widget-text-editor\" data-id=\"4bce91a\" data-element_type=\"widget\" data-e-type=\"widget\" data-widget_type=\"text-editor.default\">\n\t\t\t\t<div class=\"elementor-widget-container\">\n\t\t\t\t\t\t\t\t\t<ul><li><span style=\"font-weight: 400;\">Fonctionnement silencieux\u00a0<\/span><\/li><li><span style=\"font-weight: 400;\">Disponible en diam\u00e8tre de conduit de 4'' \u00e0 8''.\u00a0<\/span><\/li><li><span style=\"font-weight: 400;\">Capacit\u00e9 de d\u00e9bit d'air de 157 \u00e0 617 CFM<\/span><\/li><li><span style=\"font-weight: 400;\">Peut \u00eatre mont\u00e9 dans n'importe quelle position\u00a0<\/span><\/li><li><span style=\"font-weight: 400;\">\u00c9quilibrage pr\u00e9cis pour un fonctionnement sans vibrations\u00a0<\/span><\/li><li><span style=\"font-weight: 400;\">Vitesse r\u00e9glable (contr\u00f4leur de vitesse optionnel)<\/span><\/li><li><span style=\"font-weight: 400;\">H\u00e9lice \u00e0 flux mixte<\/span><\/li><li><span style=\"font-weight: 400;\">1 an de garantie limit\u00e9e<\/span><\/li><li><span style=\"font-weight: 400;\">Homologu\u00e9 ETL<\/span><\/li><li><span style=\"font-weight: 400;\">Pr\u00e9c\u00e2bl\u00e9 avec un cordon d'alimentation de 120V<\/span><\/li><li><span style=\"font-weight: 400;\">Supports inclus pour montage mural ou au plafond<\/span><\/li><\/ul>\t\t\t\t\t\t\t\t<\/div>\n\t\t\t\t<\/div>\n\t\t\t\t<\/div>\n\t\t\t\t<\/div>\n\t\t<div class=\"elementor-element elementor-element-733a4ec1 e-con-full e-flex e-con e-child\" data-id=\"733a4ec1\" data-element_type=\"container\" data-e-type=\"container\">\n\t\t\t\t<div class=\"elementor-element elementor-element-5488d634 elementor-icon-list--layout-inline elementor-align-center elementor-tablet-align-center elementor-mobile-align-start elementor-list-item-link-full_width elementor-widget elementor-widget-icon-list\" data-id=\"5488d634\" data-element_type=\"widget\" data-e-type=\"widget\" data-widget_type=\"icon-list.default\">\n\t\t\t\t<div class=\"elementor-widget-container\">\n\t\t\t\t\t\t\t<ul class=\"elementor-icon-list-items elementor-inline-items\">\n\t\t\t\t\t\t\t<li class=\"elementor-icon-list-item elementor-inline-item\">\n\t\t\t\t\t\t\t\t\t\t\t<a href=\"https:\/\/atmosphere.com\/wp-content\/uploads\/VAT-VMF-PAMPHLET.pdf\" target=\"_blank\">\n\n\t\t\t\t\t\t\t\t\t\t\t\t<span class=\"elementor-icon-list-icon\">\n\t\t\t\t\t\t\t<i aria-hidden=\"true\" class=\"fas fa-file-pdf\"><\/i>\t\t\t\t\t\t<\/span>\n\t\t\t\t\t\t\t\t\t\t<span class=\"elementor-icon-list-text\">Brochure de la s\u00e9rie VMF<\/span>\n\t\t\t\t\t\t\t\t\t\t\t<\/a>\n\t\t\t\t\t\t\t\t\t<\/li>\n\t\t\t\t\t\t\t\t<li class=\"elementor-icon-list-item elementor-inline-item\">\n\t\t\t\t\t\t\t\t\t\t\t<a href=\"https:\/\/atmosphere.com\/wp-content\/uploads\/VMF-MANUAL.pdf\" target=\"_blank\">\n\n\t\t\t\t\t\t\t\t\t\t\t\t<span class=\"elementor-icon-list-icon\">\n\t\t\t\t\t\t\t<i aria-hidden=\"true\" class=\"fas fa-file-pdf\"><\/i>\t\t\t\t\t\t<\/span>\n\t\t\t\t\t\t\t\t\t\t<span class=\"elementor-icon-list-text\">Manuel de la s\u00e9rie VMF<\/span>\n\t\t\t\t\t\t\t\t\t\t\t<\/a>\n\t\t\t\t\t\t\t\t\t<\/li>\n\t\t\t\t\t\t\t\t<li class=\"elementor-icon-list-item elementor-inline-item\">\n\t\t\t\t\t\t\t\t\t\t\t<a href=\"https:\/\/atmosphere.com\/wp-content\/uploads\/VMF-SUBMITTAL.pdf\" target=\"_blank\">\n\n\t\t\t\t\t\t\t\t\t\t\t\t<span class=\"elementor-icon-list-icon\">\n\t\t\t\t\t\t\t<i aria-hidden=\"true\" class=\"fas fa-file-pdf\"><\/i>\t\t\t\t\t\t<\/span>\n\t\t\t\t\t\t\t\t\t\t<span class=\"elementor-icon-list-text\">Fiche de pr\u00e9sentation de la s\u00e9rie VMF<\/span>\n\t\t\t\t\t\t\t\t\t\t\t<\/a>\n\t\t\t\t\t\t\t\t\t<\/li>\n\t\t\t\t\t\t<\/ul>\n\t\t\t\t\t\t<\/div>\n\t\t\t\t<\/div>\n\t\t\t\t<div class=\"elementor-element elementor-element-e748eca elementor-widget elementor-widget-heading\" data-id=\"e748eca\" data-element_type=\"widget\" data-e-type=\"widget\" data-widget_type=\"heading.default\">\n\t\t\t\t<div class=\"elementor-widget-container\">\n\t\t\t\t\t<h2 class=\"elementor-heading-title elementor-size-default\">S\u00e9rie VMF Donn\u00e9es dimensionnelles<\/h2>\t\t\t\t<\/div>\n\t\t\t\t<\/div>\n\t\t<div class=\"elementor-element elementor-element-d5b936d e-con-full e-flex e-con e-child\" data-id=\"d5b936d\" data-element_type=\"container\" data-e-type=\"container\">\n\t\t<div class=\"elementor-element elementor-element-13c7a14 e-con-full e-flex e-con e-child\" data-id=\"13c7a14\" data-element_type=\"container\" data-e-type=\"container\">\n\t\t\t\t<div class=\"elementor-element elementor-element-19c0a90c elementor-widget elementor-widget-image\" data-id=\"19c0a90c\" data-element_type=\"widget\" data-e-type=\"widget\" data-widget_type=\"image.default\">\n\t\t\t\t<div class=\"elementor-widget-container\">\n\t\t\t\t\t\t\t\t\t\t\t\t\t\t\t\t<a href=\"https:\/\/atmosphere.com\/wp-content\/uploads\/VMF-DIMENSIONAL-TABLE.jpg\" data-elementor-open-lightbox=\"yes\" data-elementor-lightbox-title=\"VMF DIMENSIONAL TABLE\" data-e-action-hash=\"#elementor-action%3Aaction%3Dlightbox%26settings%3DeyJpZCI6MTY2MiwidXJsIjoiaHR0cHM6XC9cL2F0bW9zcGhlcmUuY29tXC93cC1jb250ZW50XC91cGxvYWRzXC9WTUYtRElNRU5TSU9OQUwtVEFCTEUuanBnIn0%3D\">\n\t\t\t\t\t\t\t<img decoding=\"async\" width=\"1250\" height=\"305\" src=\"https:\/\/atmosphere.com\/wp-content\/uploads\/VMF-DIMENSIONAL-TABLE.jpg\" class=\"attachment-full size-full wp-image-1662\" alt=\"\" srcset=\"https:\/\/atmosphere.com\/wp-content\/uploads\/VMF-DIMENSIONAL-TABLE.jpg 1250w, https:\/\/atmosphere.com\/wp-content\/uploads\/VMF-DIMENSIONAL-TABLE-300x73.jpg 300w, https:\/\/atmosphere.com\/wp-content\/uploads\/VMF-DIMENSIONAL-TABLE-1024x250.jpg 1024w, https:\/\/atmosphere.com\/wp-content\/uploads\/VMF-DIMENSIONAL-TABLE-768x187.jpg 768w\" sizes=\"(max-width: 1250px) 100vw, 1250px\" \/>\t\t\t\t\t\t\t\t<\/a>\n\t\t\t\t\t\t\t\t\t\t\t\t\t\t\t<\/div>\n\t\t\t\t<\/div>\n\t\t\t\t<\/div>\n\t\t<div class=\"elementor-element elementor-element-5b6f37f e-con-full e-flex e-con e-child\" data-id=\"5b6f37f\" data-element_type=\"container\" data-e-type=\"container\">\n\t\t\t\t<div class=\"elementor-element elementor-element-5098755 elementor-widget elementor-widget-image\" data-id=\"5098755\" data-element_type=\"widget\" data-e-type=\"widget\" data-widget_type=\"image.default\">\n\t\t\t\t<div class=\"elementor-widget-container\">\n\t\t\t\t\t\t\t\t\t\t\t\t\t\t\t\t<a href=\"https:\/\/atmosphere.com\/wp-content\/uploads\/VMF-DIMENTIONAL-WIRE-FRAME.jpg\" data-elementor-open-lightbox=\"yes\" data-elementor-lightbox-title=\"VMF DIMENTIONAL WIRE FRAME\" data-e-action-hash=\"#elementor-action%3Aaction%3Dlightbox%26settings%3DeyJpZCI6MTY2MywidXJsIjoiaHR0cHM6XC9cL2F0bW9zcGhlcmUuY29tXC93cC1jb250ZW50XC91cGxvYWRzXC9WTUYtRElNRU5USU9OQUwtV0lSRS1GUkFNRS5qcGcifQ%3D%3D\">\n\t\t\t\t\t\t\t<img loading=\"lazy\" decoding=\"async\" width=\"2549\" height=\"1093\" src=\"https:\/\/atmosphere.com\/wp-content\/uploads\/VMF-DIMENTIONAL-WIRE-FRAME.jpg\" class=\"attachment-full size-full wp-image-1663\" alt=\"\" srcset=\"https:\/\/atmosphere.com\/wp-content\/uploads\/VMF-DIMENTIONAL-WIRE-FRAME.jpg 2549w, https:\/\/atmosphere.com\/wp-content\/uploads\/VMF-DIMENTIONAL-WIRE-FRAME-300x129.jpg 300w, https:\/\/atmosphere.com\/wp-content\/uploads\/VMF-DIMENTIONAL-WIRE-FRAME-1024x439.jpg 1024w, https:\/\/atmosphere.com\/wp-content\/uploads\/VMF-DIMENTIONAL-WIRE-FRAME-768x329.jpg 768w, https:\/\/atmosphere.com\/wp-content\/uploads\/VMF-DIMENTIONAL-WIRE-FRAME-1536x659.jpg 1536w, https:\/\/atmosphere.com\/wp-content\/uploads\/VMF-DIMENTIONAL-WIRE-FRAME-2048x878.jpg 2048w\" sizes=\"(max-width: 2549px) 100vw, 2549px\" \/>\t\t\t\t\t\t\t\t<\/a>\n\t\t\t\t\t\t\t\t\t\t\t\t\t\t\t<\/div>\n\t\t\t\t<\/div>\n\t\t\t\t<\/div>\n\t\t\t\t<\/div>\n\t\t<div class=\"elementor-element elementor-element-5c354a2f e-con-full e-flex e-con e-child\" data-id=\"5c354a2f\" data-element_type=\"container\" data-e-type=\"container\">\n\t\t<div class=\"elementor-element elementor-element-6245e4ce e-con-full e-flex e-con e-child\" data-id=\"6245e4ce\" data-element_type=\"container\" data-e-type=\"container\">\n\t\t\t\t<div class=\"elementor-element elementor-element-48c82a70 elementor-widget elementor-widget-heading\" data-id=\"48c82a70\" data-element_type=\"widget\" data-e-type=\"widget\" data-widget_type=\"heading.default\">\n\t\t\t\t<div class=\"elementor-widget-container\">\n\t\t\t\t\t<h2 class=\"elementor-heading-title elementor-size-default\">S\u00e9rie VMF Graphique de performance<\/h2>\t\t\t\t<\/div>\n\t\t\t\t<\/div>\n\t\t\t\t<div class=\"elementor-element elementor-element-21894bb8 elementor-widget elementor-widget-image\" data-id=\"21894bb8\" data-element_type=\"widget\" data-e-type=\"widget\" data-widget_type=\"image.default\">\n\t\t\t\t<div class=\"elementor-widget-container\">\n\t\t\t\t\t\t\t\t\t\t\t\t\t\t\t\t<a href=\"https:\/\/atmosphere.com\/wp-content\/uploads\/VMF-GRAPH-ALL.jpg\" data-elementor-open-lightbox=\"yes\" data-elementor-lightbox-title=\"VMF GRAPH ALL\" data-e-action-hash=\"#elementor-action%3Aaction%3Dlightbox%26settings%3DeyJpZCI6MTY2NCwidXJsIjoiaHR0cHM6XC9cL2F0bW9zcGhlcmUuY29tXC93cC1jb250ZW50XC91cGxvYWRzXC9WTUYtR1JBUEgtQUxMLmpwZyJ9\">\n\t\t\t\t\t\t\t<img loading=\"lazy\" decoding=\"async\" width=\"981\" height=\"629\" src=\"https:\/\/atmosphere.com\/wp-content\/uploads\/VMF-GRAPH-ALL.jpg\" class=\"attachment-full size-full wp-image-1664\" alt=\"\" srcset=\"https:\/\/atmosphere.com\/wp-content\/uploads\/VMF-GRAPH-ALL.jpg 981w, https:\/\/atmosphere.com\/wp-content\/uploads\/VMF-GRAPH-ALL-300x192.jpg 300w, https:\/\/atmosphere.com\/wp-content\/uploads\/VMF-GRAPH-ALL-768x492.jpg 768w\" sizes=\"(max-width: 981px) 100vw, 981px\" \/>\t\t\t\t\t\t\t\t<\/a>\n\t\t\t\t\t\t\t\t\t\t\t\t\t\t\t<\/div>\n\t\t\t\t<\/div>\n\t\t\t\t<\/div>\n\t\t\t\t<\/div>\n\t\t\t\t<div class=\"elementor-element elementor-element-1acb4742 elementor-widget__width-initial elementor-widget elementor-widget-heading\" data-id=\"1acb4742\" data-element_type=\"widget\" data-e-type=\"widget\" data-widget_type=\"heading.default\">\n\t\t\t\t<div class=\"elementor-widget-container\">\n\t\t\t\t\t<h2 class=\"elementor-heading-title elementor-size-default\">Les performances du d\u00e9bit d'air du ventilateur doivent \u00eatre bas\u00e9es sur des essais r\u00e9alis\u00e9s conform\u00e9ment \u00e0 la norme 211 de l'AMCA et doivent \u00eatre autoris\u00e9es \u00e0 porter le label AMCA Certified Ratings.<\/h2>\t\t\t\t<\/div>\n\t\t\t\t<\/div>\n\t\t<div class=\"elementor-element elementor-element-3124a8fd e-con-full e-flex e-con e-child\" data-id=\"3124a8fd\" data-element_type=\"container\" data-e-type=\"container\">\n\t\t\t\t<div class=\"elementor-element elementor-element-ff6bcf elementor-widget__width-initial elementor-widget elementor-widget-heading\" data-id=\"ff6bcf\" data-element_type=\"widget\" data-e-type=\"widget\" data-widget_type=\"heading.default\">\n\t\t\t\t<div class=\"elementor-widget-container\">\n\t\t\t\t\t<h2 class=\"elementor-heading-title elementor-size-default\">Tableau des performances de la s\u00e9rie VMF<\/h2>\t\t\t\t<\/div>\n\t\t\t\t<\/div>\n\t\t\t\t<div class=\"elementor-element elementor-element-14538fae elementor-widget__width-initial elementor-widget elementor-widget-heading\" data-id=\"14538fae\" data-element_type=\"widget\" data-e-type=\"widget\" data-widget_type=\"heading.default\">\n\t\t\t\t<div class=\"elementor-widget-container\">\n\t\t\t\t\t<h2 class=\"elementor-heading-title elementor-size-default\">Tous les produits VMF sont \u00e9quip\u00e9s de moteurs adapt\u00e9s \u00e0 une alimentation \u00e9lectrique de 120 Volts AC 60Hz uniquement.<\/h2>\t\t\t\t<\/div>\n\t\t\t\t<\/div>\n\t\t\t\t<\/div>\n\t\t\t\t<div class=\"elementor-element elementor-element-70845f68 elementor-widget__width-initial elementor-widget elementor-widget-image\" data-id=\"70845f68\" data-element_type=\"widget\" data-e-type=\"widget\" data-widget_type=\"image.default\">\n\t\t\t\t<div class=\"elementor-widget-container\">\n\t\t\t\t\t\t\t\t\t\t\t\t\t\t\t\t<a href=\"https:\/\/atmosphere.com\/wp-content\/uploads\/VMF-PERFORMANCE-TABLE-ALL.jpg\" data-elementor-open-lightbox=\"yes\" data-elementor-lightbox-title=\"VMF PERFORMANCE TABLE ALL\" data-e-action-hash=\"#elementor-action%3Aaction%3Dlightbox%26settings%3DeyJpZCI6MTY2NSwidXJsIjoiaHR0cHM6XC9cL2F0bW9zcGhlcmUuY29tXC93cC1jb250ZW50XC91cGxvYWRzXC9WTUYtUEVSRk9STUFOQ0UtVEFCTEUtQUxMLmpwZyJ9\">\n\t\t\t\t\t\t\t<img loading=\"lazy\" decoding=\"async\" width=\"2115\" height=\"324\" src=\"https:\/\/atmosphere.com\/wp-content\/uploads\/VMF-PERFORMANCE-TABLE-ALL.jpg\" class=\"attachment-full size-full wp-image-1665\" alt=\"\" srcset=\"https:\/\/atmosphere.com\/wp-content\/uploads\/VMF-PERFORMANCE-TABLE-ALL.jpg 2115w, https:\/\/atmosphere.com\/wp-content\/uploads\/VMF-PERFORMANCE-TABLE-ALL-300x46.jpg 300w, https:\/\/atmosphere.com\/wp-content\/uploads\/VMF-PERFORMANCE-TABLE-ALL-1024x157.jpg 1024w, https:\/\/atmosphere.com\/wp-content\/uploads\/VMF-PERFORMANCE-TABLE-ALL-768x118.jpg 768w, https:\/\/atmosphere.com\/wp-content\/uploads\/VMF-PERFORMANCE-TABLE-ALL-1536x235.jpg 1536w, https:\/\/atmosphere.com\/wp-content\/uploads\/VMF-PERFORMANCE-TABLE-ALL-2048x314.jpg 2048w\" sizes=\"(max-width: 2115px) 100vw, 2115px\" \/>\t\t\t\t\t\t\t\t<\/a>\n\t\t\t\t\t\t\t\t\t\t\t\t\t\t\t<\/div>\n\t\t\t\t<\/div>\n\t\t\t\t<\/div>\n\t\t\t\t<\/div>\n\t\t\t\t\t<\/div>\n\t\t\t\t<\/div>\n\t\t\t\t<\/div>","protected":false},"excerpt":{"rendered":"<p>VMF SERIES Inline fans The Vortex Powerfan VMF Series is an in-line duct fan specifically designed to maximize the airflow performance with minimal noise levels in a small,\u00a0compact housing. These fans incorporate a powerful mixed flow impeller and internal air vanes located at the discharge end of the fan housing. This\u00a0impeller and guide vane combination [&hellip;]<\/p>\n","protected":false},"author":1,"featured_media":0,"parent":0,"menu_order":0,"comment_status":"closed","ping_status":"closed","template":"","meta":{"footnotes":""},"class_list":["post-981","page","type-page","status-publish","hentry"],"_links":{"self":[{"href":"https:\/\/atmosphere.com\/fr\/wp-json\/wp\/v2\/pages\/981","targetHints":{"allow":["GET"]}}],"collection":[{"href":"https:\/\/atmosphere.com\/fr\/wp-json\/wp\/v2\/pages"}],"about":[{"href":"https:\/\/atmosphere.com\/fr\/wp-json\/wp\/v2\/types\/page"}],"author":[{"embeddable":true,"href":"https:\/\/atmosphere.com\/fr\/wp-json\/wp\/v2\/users\/1"}],"replies":[{"embeddable":true,"href":"https:\/\/atmosphere.com\/fr\/wp-json\/wp\/v2\/comments?post=981"}],"version-history":[{"count":5,"href":"https:\/\/atmosphere.com\/fr\/wp-json\/wp\/v2\/pages\/981\/revisions"}],"predecessor-version":[{"id":2204,"href":"https:\/\/atmosphere.com\/fr\/wp-json\/wp\/v2\/pages\/981\/revisions\/2204"}],"wp:attachment":[{"href":"https:\/\/atmosphere.com\/fr\/wp-json\/wp\/v2\/media?parent=981"}],"curies":[{"name":"wp","href":"https:\/\/api.w.org\/{rel}","templated":true}]}}