{"id":995,"date":"2024-04-18T08:45:58","date_gmt":"2024-04-18T13:45:58","guid":{"rendered":"https:\/\/dev3.webadaptatifdesign.com\/?page_id=995"},"modified":"2025-03-07T11:22:24","modified_gmt":"2025-03-07T16:22:24","slug":"prolite","status":"publish","type":"page","link":"https:\/\/atmosphere.com\/fr\/prolite","title":{"rendered":"Prolite"},"content":{"rendered":"<div data-elementor-type=\"wp-page\" data-elementor-id=\"995\" class=\"elementor elementor-995\" data-elementor-post-type=\"page\">\n\t\t\t\t<div class=\"elementor-element elementor-element-663d46d e-flex e-con-boxed e-con e-parent\" data-id=\"663d46d\" data-element_type=\"container\" data-e-type=\"container\">\n\t\t\t\t\t<div class=\"e-con-inner\">\n\t\t\t\t<div class=\"elementor-element elementor-element-09e1c7a elementor-widget elementor-widget-heading\" data-id=\"09e1c7a\" data-element_type=\"widget\" data-e-type=\"widget\" data-widget_type=\"heading.default\">\n\t\t\t\t<div class=\"elementor-widget-container\">\n\t\t\t\t\t<h3 class=\"elementor-heading-title elementor-size-default\">Pro-lite<\/h3>\t\t\t\t<\/div>\n\t\t\t\t<\/div>\n\t\t<div class=\"elementor-element elementor-element-b88cc9a e-con-full e-flex e-con e-child\" data-id=\"b88cc9a\" data-element_type=\"container\" data-e-type=\"container\">\n\t\t<div class=\"elementor-element elementor-element-7bf75b9 e-con-full e-flex e-con e-child\" data-id=\"7bf75b9\" data-element_type=\"container\" data-e-type=\"container\">\n\t\t<div class=\"elementor-element elementor-element-eab2498 e-con-full e-flex e-con e-child\" data-id=\"eab2498\" data-element_type=\"container\" data-e-type=\"container\">\n\t\t\t\t<div class=\"elementor-element elementor-element-b5f3fb9 elementor-widget__width-inherit elementor-widget elementor-widget-image\" data-id=\"b5f3fb9\" data-element_type=\"widget\" data-e-type=\"widget\" data-widget_type=\"image.default\">\n\t\t\t\t<div class=\"elementor-widget-container\">\n\t\t\t\t\t\t\t\t\t\t\t\t\t\t\t\t<a href=\"https:\/\/atmosphere.com\/wp-content\/uploads\/PRO-llte-grouped.jpg\" data-elementor-open-lightbox=\"yes\" data-elementor-lightbox-title=\"PRO-llte-grouped\" data-e-action-hash=\"#elementor-action%3Aaction%3Dlightbox%26settings%3DeyJpZCI6MTkyNSwidXJsIjoiaHR0cHM6XC9cL2F0bW9zcGhlcmUuY29tXC93cC1jb250ZW50XC91cGxvYWRzXC9QUk8tbGx0ZS1ncm91cGVkLmpwZyJ9\">\n\t\t\t\t\t\t\t<img fetchpriority=\"high\" decoding=\"async\" width=\"750\" height=\"1024\" src=\"https:\/\/atmosphere.com\/wp-content\/uploads\/PRO-llte-grouped.jpg\" class=\"attachment-full size-full wp-image-1925\" alt=\"\" srcset=\"https:\/\/atmosphere.com\/wp-content\/uploads\/PRO-llte-grouped.jpg 750w, https:\/\/atmosphere.com\/wp-content\/uploads\/PRO-llte-grouped-220x300.jpg 220w\" sizes=\"(max-width: 750px) 100vw, 750px\" \/>\t\t\t\t\t\t\t\t<\/a>\n\t\t\t\t\t\t\t\t\t\t\t\t\t\t\t<\/div>\n\t\t\t\t<\/div>\n\t\t\t\t<\/div>\n\t\t<div class=\"elementor-element elementor-element-f47f995 e-con-full e-flex e-con e-child\" data-id=\"f47f995\" data-element_type=\"container\" data-e-type=\"container\">\n\t\t\t\t<div class=\"elementor-element elementor-element-3c5d50f elementor-widget elementor-widget-text-editor\" data-id=\"3c5d50f\" data-element_type=\"widget\" data-e-type=\"widget\" data-widget_type=\"text-editor.default\">\n\t\t\t\t<div class=\"elementor-widget-container\">\n\t\t\t\t\t\t\t\t\t<ul><li>Bride int\u00e9gr\u00e9e\u00a0<\/li><li>Dessus et dessous en aluminium pour r\u00e9duire le poids et faciliter l'installation\u00a0<\/li><li>Large choix de tailles pour r\u00e9pondre \u00e0 tous vos besoins en mati\u00e8re de filtration de l'air<\/li><li>Pr\u00e9filtre antibact\u00e9rien inclus\u00a0<\/li><li>51% surface ouverte perfor\u00e9e pour un flux d'air maximal\u00a0<\/li><li>1.8'' de profondeur de lit de charbon actif vierge australien l\u00e9ger et l\u00e9ger<\/li><\/ul>\t\t\t\t\t\t\t\t<\/div>\n\t\t\t\t<\/div>\n\t\t\t\t<\/div>\n\t\t\t\t<\/div>\n\t\t<div class=\"elementor-element elementor-element-6b8cbd4 e-con-full e-flex e-con e-child\" data-id=\"6b8cbd4\" data-element_type=\"container\" data-e-type=\"container\">\n\t\t\t\t<div class=\"elementor-element elementor-element-61f0806 elementor-icon-list--layout-inline elementor-align-center elementor-tablet-align-center elementor-mobile-align-start elementor-list-item-link-full_width elementor-widget elementor-widget-icon-list\" data-id=\"61f0806\" data-element_type=\"widget\" data-e-type=\"widget\" data-widget_type=\"icon-list.default\">\n\t\t\t\t<div class=\"elementor-widget-container\">\n\t\t\t\t\t\t\t<ul class=\"elementor-icon-list-items elementor-inline-items\">\n\t\t\t\t\t\t\t<li class=\"elementor-icon-list-item elementor-inline-item\">\n\t\t\t\t\t\t\t\t\t\t\t<a href=\"https:\/\/atmosphere.com\/wp-content\/uploads\/PRO-LITE-BROCHURE.pdf\" target=\"_blank\">\n\n\t\t\t\t\t\t\t\t\t\t\t\t<span class=\"elementor-icon-list-icon\">\n\t\t\t\t\t\t\t<i aria-hidden=\"true\" class=\"fas fa-file-pdf\"><\/i>\t\t\t\t\t\t<\/span>\n\t\t\t\t\t\t\t\t\t\t<span class=\"elementor-icon-list-text\">Brochure Pro-lite<\/span>\n\t\t\t\t\t\t\t\t\t\t\t<\/a>\n\t\t\t\t\t\t\t\t\t<\/li>\n\t\t\t\t\t\t<\/ul>\n\t\t\t\t\t\t<\/div>\n\t\t\t\t<\/div>\n\t\t\t\t<div class=\"elementor-element elementor-element-cee9bd8 elementor-widget__width-initial elementor-widget elementor-widget-image\" data-id=\"cee9bd8\" data-element_type=\"widget\" data-e-type=\"widget\" data-widget_type=\"image.default\">\n\t\t\t\t<div class=\"elementor-widget-container\">\n\t\t\t\t\t\t\t\t\t\t\t\t\t\t\t\t<a href=\"https:\/\/atmosphere.com\/wp-content\/uploads\/PRO-LITE-TABLE-.jpg\" data-elementor-open-lightbox=\"yes\" data-elementor-lightbox-title=\"PRO-LITE TABLE\" data-e-action-hash=\"#elementor-action%3Aaction%3Dlightbox%26settings%3DeyJpZCI6MTkyNCwidXJsIjoiaHR0cHM6XC9cL2F0bW9zcGhlcmUuY29tXC93cC1jb250ZW50XC91cGxvYWRzXC9QUk8tTElURS1UQUJMRS0uanBnIn0%3D\">\n\t\t\t\t\t\t\t<img decoding=\"async\" width=\"2190\" height=\"594\" src=\"https:\/\/atmosphere.com\/wp-content\/uploads\/PRO-LITE-TABLE-.jpg\" class=\"attachment-full size-full wp-image-1924\" alt=\"\" srcset=\"https:\/\/atmosphere.com\/wp-content\/uploads\/PRO-LITE-TABLE-.jpg 2190w, https:\/\/atmosphere.com\/wp-content\/uploads\/PRO-LITE-TABLE--300x81.jpg 300w, https:\/\/atmosphere.com\/wp-content\/uploads\/PRO-LITE-TABLE--1024x278.jpg 1024w, https:\/\/atmosphere.com\/wp-content\/uploads\/PRO-LITE-TABLE--768x208.jpg 768w, https:\/\/atmosphere.com\/wp-content\/uploads\/PRO-LITE-TABLE--1536x417.jpg 1536w, https:\/\/atmosphere.com\/wp-content\/uploads\/PRO-LITE-TABLE--2048x555.jpg 2048w\" sizes=\"(max-width: 2190px) 100vw, 2190px\" \/>\t\t\t\t\t\t\t\t<\/a>\n\t\t\t\t\t\t\t\t\t\t\t\t\t\t\t<\/div>\n\t\t\t\t<\/div>\n\t\t\t\t<\/div>\n\t\t\t\t<\/div>\n\t\t\t\t\t<\/div>\n\t\t\t\t<\/div>\n\t\t\t\t<\/div>","protected":false},"excerpt":{"rendered":"<p>Pro-lite Built in flange\u00a0 Aluminum top &amp; bottom to reduce weight and ease of installation\u00a0 Large selection of sizes to meet all your air filtration needs Antibacterial pre-filter included\u00a0 51% perforated open area for maximum air flow\u00a0 1.8\u2019\u2019 bed depth of pure virgin activated Australian light weight granular carbon Pro-lite Brochure<\/p>","protected":false},"author":1,"featured_media":0,"parent":0,"menu_order":0,"comment_status":"closed","ping_status":"closed","template":"","meta":{"footnotes":""},"class_list":["post-995","page","type-page","status-publish","hentry"],"_links":{"self":[{"href":"https:\/\/atmosphere.com\/fr\/wp-json\/wp\/v2\/pages\/995","targetHints":{"allow":["GET"]}}],"collection":[{"href":"https:\/\/atmosphere.com\/fr\/wp-json\/wp\/v2\/pages"}],"about":[{"href":"https:\/\/atmosphere.com\/fr\/wp-json\/wp\/v2\/types\/page"}],"author":[{"embeddable":true,"href":"https:\/\/atmosphere.com\/fr\/wp-json\/wp\/v2\/users\/1"}],"replies":[{"embeddable":true,"href":"https:\/\/atmosphere.com\/fr\/wp-json\/wp\/v2\/comments?post=995"}],"version-history":[{"count":5,"href":"https:\/\/atmosphere.com\/fr\/wp-json\/wp\/v2\/pages\/995\/revisions"}],"predecessor-version":[{"id":3072,"href":"https:\/\/atmosphere.com\/fr\/wp-json\/wp\/v2\/pages\/995\/revisions\/3072"}],"wp:attachment":[{"href":"https:\/\/atmosphere.com\/fr\/wp-json\/wp\/v2\/media?parent=995"}],"curies":[{"name":"wp","href":"https:\/\/api.w.org\/{rel}","templated":true}]}}